{"id":1004,"date":"2015-12-16T14:14:29","date_gmt":"2015-12-16T13:14:29","guid":{"rendered":"https:\/\/pfeiss.info\/it\/?page_id=1004"},"modified":"2021-08-27T16:06:23","modified_gmt":"2021-08-27T14:06:23","slug":"mappa-interattiva-hotel-in-montagna","status":"publish","type":"page","link":"https:\/\/pfeiss.com\/it\/hotel-benessere-a-merano\/vacanze-attive\/mappa-interattiva-hotel-in-montagna\/","title":{"rendered":"Mappa interattiva"},"content":{"rendered":"<div>\n<p><script src=\"\/\/widgets.peer.biz\/map\/it\/15\/embed\/h2449\/s600x400\/\" type=\"text\/javascript\"><\/script>Mappa interattiva di <a href=\"http:\/\/www.suedtirolerland.it\/it\/alto-adige\/merano-e-dintorni\/lana\/\">Lana<\/a> \u00a9 <a href=\"http:\/\/www.suedtirolerland.it\/it\/\">suedtirolerland.it<\/a><\/p>\n<\/div>\n<div><a href=\"https:\/\/pfeiss.com\/wp-content\/uploads\/2018\/01\/IMG_1608.jpg\"><br \/>\n<\/a>Partite alla scoperta delle montagne intorno a Merano partendo direttamente dal nostro hotel in montagna, il Pfeiss a Lana. Siamo il punto di partenza ideale per intraprendere escursioni e scovare i posti pi\u00f9 belli dell\u2019Alto Adige. La mappa esursionistica interattiva per le vostre escursioni durante alle vostre vacanze a <a href=\"http:\/\/www.suedtirolerland.it\/it\/alto-adige\/merano-e-dintorni\/lana\/\">Lana<\/a> \u00a9 <a href=\"http:\/\/www.suedtirolerland.it\/it\/\">suedtirolerland.it<\/a><\/div>\n<p><a href=\"https:\/\/pfeiss.com\/wp-content\/uploads\/2018\/01\/IMG_1608.jpg\"><img decoding=\"async\" class=\"alignright wp-image-1937 size-Content-Bild\" title=\"Wanderhotel S\u00fcdtirol\" src=\"https:\/\/pfeiss.com\/wp-content\/uploads\/2018\/01\/IMG_1608-600x400.jpg\" alt=\"Pfeiss hotel in montagna\" width=\"600\" height=\"400\" srcset=\"https:\/\/pfeiss.com\/wp-content\/uploads\/2018\/01\/IMG_1608-600x400.jpg 600w, https:\/\/pfeiss.com\/wp-content\/uploads\/2018\/01\/IMG_1608-800x533.jpg 800w, https:\/\/pfeiss.com\/wp-content\/uploads\/2018\/01\/IMG_1608-1024x683.jpg 1024w, https:\/\/pfeiss.com\/wp-content\/uploads\/2018\/01\/IMG_1608-240x160.jpg 240w, https:\/\/pfeiss.com\/wp-content\/uploads\/2018\/01\/IMG_1608-380x253.jpg 380w\" sizes=\"(max-width: 600px) 100vw, 600px\" \/><\/a><\/p>\n<p>Immerso nel cuore delle valli della conca di Merano, potete intraprendere dal vostro Hotel in montagna a 4 Stelle numerose escursioni nei dintorni di Lana. Durante le vostre vacanze non deve mancare un&#8217;escursione a Monte San Vigilio, comodamente raggiungibile con la funivia direttamente da Lana.<\/p>\n<h2>I nostri consigli intorno al Pfeiss &#8211;\u00a0 hotel in montagna<\/h2>\n<div>\n<h3>Tschaufen- Verschneid<\/h3>\n<p>Arriviamo in auto fino a Verschneid. Da qui camminiamo in direzione sud lungo una strada forestale fino a che raggiungiamo la casa &#8220;Tschaufenhaus&#8221;, dove si ha una meravigliosa vista panoramica sulla Val d&#8217;Adige. Un bel giro circolare, passando sui prati dei pascoli ed un bosco di larici, ci conduce poi verso il punto di ristoro &#8220;Jausenstation Gschnofer Stall&#8221;, una ottima possibilit\u00e0 per fermarci a rifocillarci. Al ritorno passiamo nuovamente attraverso il bosco di larici dell&#8217;Altipiano del Salto e giungiamo nuovamente a Verschneid.<\/p>\n<\/div>\n<div>\n<p>Dislivello: 400 m &#8211; tempo di percorrenza 3 ore<\/p>\n<h3>&#8220;Stoanerne Mandln&#8221;, gli Ometti di Pietra<\/h3>\n<p>Dal parcheggio &#8220;Schermoos&#8221; iniziamo l&#8217;escursione sul Sentiero Europeo in direzione Giogo di Meltina &#8211; &#8220;M\u00f6ltner Joch&#8221;. Il percorso sulla strada forestale \u00e8 piacevole, passiamo attraverso un bosco di larici fino a che raggiungiamo la malga M\u00f6ltner Kaser Alm. Da qui proseguiamo lungo il sentiero che ci conduce verso il famoso altipiano degli Ometti di Sassi- &#8220;Stoanerne Mandln&#8221;, situato a 2003 m di altitudine. Da qui la vista verso le Dolomiti \u00e8 maestosa. Questo luogo di culto mistico \u00e8 caratterizzato da centinaia di cumuli di sassi, i cosiddetti Ometti di Sassi. Facciamo ritorno lungo la stessa strada e giungiamo nuovamente la malga M\u00f6ltner Kaser Alm, dove ci possiamo fermare a rifocillarci. Lungo la discesa che conduce al giogo di San Genesio &#8211; &#8220;Jenesier J\u00f6chl&#8221; torniamo al punto di partenza.<br \/>\nDislivello: 700 m &#8211; tempo di percorrenza 5 ore<\/p>\n<\/div>\n","protected":false},"excerpt":{"rendered":"<p>Mappa interattiva di Lana \u00a9 suedtirolerland.it Partite alla scoperta delle montagne intorno a Merano partendo direttamente dal nostro hotel in montagna, il Pfeiss a Lana. Siamo il punto di partenza ideale per intraprendere escursioni e scovare i posti pi\u00f9 belli dell\u2019Alto Adige. La mappa esursionistica interattiva per le vostre escursioni durante alle vostre vacanze a [&hellip;]<\/p>\n","protected":false},"author":1,"featured_media":0,"parent":371,"menu_order":0,"comment_status":"closed","ping_status":"closed","template":"","meta":{"_acf_changed":false,"footnotes":""},"class_list":["post-1004","page","type-page","status-publish","hentry"],"acf":[],"yoast_head":"<!-- This site is optimized with the Yoast SEO plugin v27.3 - https:\/\/yoast.com\/product\/yoast-seo-wordpress\/ -->\n<title>Pfeiss - il vostro hotel in montagna perfetto per una vacanza attiva e di relax<\/title>\n<meta name=\"description\" content=\"Escursioni a Merano partendo dal vostro Hotel in montagna - il nostro Pfeiss a Lana \u00e8 il punto di partenza ideale per fare escursion in Alto Adige.\" \/>\n<meta name=\"robots\" content=\"index, follow, max-snippet:-1, max-image-preview:large, max-video-preview:-1\" \/>\n<link rel=\"canonical\" href=\"https:\/\/pfeiss.com\/it\/hotel-benessere-a-merano\/vacanze-attive\/mappa-interattiva-hotel-in-montagna\/\" \/>\n<meta property=\"og:locale\" content=\"it_IT\" \/>\n<meta property=\"og:type\" content=\"article\" \/>\n<meta property=\"og:title\" content=\"Pfeiss - il vostro hotel in montagna perfetto per una vacanza attiva e di relax\" \/>\n<meta property=\"og:description\" content=\"Escursioni a Merano partendo dal vostro Hotel in montagna - il nostro Pfeiss a Lana \u00e8 il punto di partenza ideale per fare escursion in Alto Adige.\" \/>\n<meta property=\"og:url\" content=\"https:\/\/pfeiss.com\/it\/hotel-benessere-a-merano\/vacanze-attive\/mappa-interattiva-hotel-in-montagna\/\" \/>\n<meta property=\"og:site_name\" content=\"Hotel Pfeiss presso Merano\" \/>\n<meta property=\"article:publisher\" content=\"https:\/\/www.facebook.com\/Genusshotel.Pfeiss\/?ref=settings\" \/>\n<meta property=\"article:modified_time\" content=\"2021-08-27T14:06:23+00:00\" \/>\n<meta property=\"og:image\" content=\"https:\/\/pfeiss.com\/wp-content\/uploads\/2018\/01\/IMG_1608-600x400.jpg\" \/>\n<meta name=\"twitter:card\" content=\"summary_large_image\" \/>\n<meta name=\"twitter:label1\" content=\"Tempo di lettura stimato\" \/>\n\t<meta name=\"twitter:data1\" content=\"2 minuti\" \/>\n<script type=\"application\/ld+json\" class=\"yoast-schema-graph\">{\"@context\":\"https:\\\/\\\/schema.org\",\"@graph\":[{\"@type\":\"WebPage\",\"@id\":\"https:\\\/\\\/pfeiss.com\\\/it\\\/hotel-benessere-a-merano\\\/vacanze-attive\\\/mappa-interattiva-hotel-in-montagna\\\/\",\"url\":\"https:\\\/\\\/pfeiss.com\\\/it\\\/hotel-benessere-a-merano\\\/vacanze-attive\\\/mappa-interattiva-hotel-in-montagna\\\/\",\"name\":\"Pfeiss - il vostro hotel in montagna perfetto per una vacanza attiva e di relax\",\"isPartOf\":{\"@id\":\"https:\\\/\\\/pfeiss.com\\\/en\\\/#website\"},\"primaryImageOfPage\":{\"@id\":\"https:\\\/\\\/pfeiss.com\\\/it\\\/hotel-benessere-a-merano\\\/vacanze-attive\\\/mappa-interattiva-hotel-in-montagna\\\/#primaryimage\"},\"image\":{\"@id\":\"https:\\\/\\\/pfeiss.com\\\/it\\\/hotel-benessere-a-merano\\\/vacanze-attive\\\/mappa-interattiva-hotel-in-montagna\\\/#primaryimage\"},\"thumbnailUrl\":\"https:\\\/\\\/pfeiss.com\\\/wp-content\\\/uploads\\\/2018\\\/01\\\/IMG_1608-600x400.jpg\",\"datePublished\":\"2015-12-16T13:14:29+00:00\",\"dateModified\":\"2021-08-27T14:06:23+00:00\",\"description\":\"Escursioni a Merano partendo dal vostro Hotel in montagna - il nostro Pfeiss a Lana \u00e8 il punto di partenza ideale per fare escursion in Alto Adige.\",\"breadcrumb\":{\"@id\":\"https:\\\/\\\/pfeiss.com\\\/it\\\/hotel-benessere-a-merano\\\/vacanze-attive\\\/mappa-interattiva-hotel-in-montagna\\\/#breadcrumb\"},\"inLanguage\":\"it-IT\",\"potentialAction\":[{\"@type\":\"ReadAction\",\"target\":[\"https:\\\/\\\/pfeiss.com\\\/it\\\/hotel-benessere-a-merano\\\/vacanze-attive\\\/mappa-interattiva-hotel-in-montagna\\\/\"]}]},{\"@type\":\"ImageObject\",\"inLanguage\":\"it-IT\",\"@id\":\"https:\\\/\\\/pfeiss.com\\\/it\\\/hotel-benessere-a-merano\\\/vacanze-attive\\\/mappa-interattiva-hotel-in-montagna\\\/#primaryimage\",\"url\":\"https:\\\/\\\/pfeiss.com\\\/wp-content\\\/uploads\\\/2018\\\/01\\\/IMG_1608-600x400.jpg\",\"contentUrl\":\"https:\\\/\\\/pfeiss.com\\\/wp-content\\\/uploads\\\/2018\\\/01\\\/IMG_1608-600x400.jpg\"},{\"@type\":\"BreadcrumbList\",\"@id\":\"https:\\\/\\\/pfeiss.com\\\/it\\\/hotel-benessere-a-merano\\\/vacanze-attive\\\/mappa-interattiva-hotel-in-montagna\\\/#breadcrumb\",\"itemListElement\":[{\"@type\":\"ListItem\",\"position\":1,\"name\":\"Home\",\"item\":\"https:\\\/\\\/pfeiss.com\\\/it\\\/\"},{\"@type\":\"ListItem\",\"position\":2,\"name\":\"L&#8217; Hotel vicino a Merano all\u2019insegna del gusto &#8211; il Pfeiss a Lana\",\"item\":\"https:\\\/\\\/pfeiss.com\\\/it\\\/\"},{\"@type\":\"ListItem\",\"position\":3,\"name\":\"Attivit\u00e0 a Lana\",\"item\":\"https:\\\/\\\/pfeiss.com\\\/it\\\/hotel-benessere-a-merano\\\/vacanze-attive\\\/\"},{\"@type\":\"ListItem\",\"position\":4,\"name\":\"Mappa interattiva\"}]},{\"@type\":\"WebSite\",\"@id\":\"https:\\\/\\\/pfeiss.com\\\/en\\\/#website\",\"url\":\"https:\\\/\\\/pfeiss.com\\\/en\\\/\",\"name\":\"Hotel Pfeiss presso Merano\",\"description\":\"\",\"potentialAction\":[{\"@type\":\"SearchAction\",\"target\":{\"@type\":\"EntryPoint\",\"urlTemplate\":\"https:\\\/\\\/pfeiss.com\\\/en\\\/?s={search_term_string}\"},\"query-input\":{\"@type\":\"PropertyValueSpecification\",\"valueRequired\":true,\"valueName\":\"search_term_string\"}}],\"inLanguage\":\"it-IT\"}]}<\/script>\n<!-- \/ Yoast SEO plugin. -->","yoast_head_json":{"title":"Pfeiss - il vostro hotel in montagna perfetto per una vacanza attiva e di relax","description":"Escursioni a Merano partendo dal vostro Hotel in montagna - il nostro Pfeiss a Lana \u00e8 il punto di partenza ideale per fare escursion in Alto Adige.","robots":{"index":"index","follow":"follow","max-snippet":"max-snippet:-1","max-image-preview":"max-image-preview:large","max-video-preview":"max-video-preview:-1"},"canonical":"https:\/\/pfeiss.com\/it\/hotel-benessere-a-merano\/vacanze-attive\/mappa-interattiva-hotel-in-montagna\/","og_locale":"it_IT","og_type":"article","og_title":"Pfeiss - il vostro hotel in montagna perfetto per una vacanza attiva e di relax","og_description":"Escursioni a Merano partendo dal vostro Hotel in montagna - il nostro Pfeiss a Lana \u00e8 il punto di partenza ideale per fare escursion in Alto Adige.","og_url":"https:\/\/pfeiss.com\/it\/hotel-benessere-a-merano\/vacanze-attive\/mappa-interattiva-hotel-in-montagna\/","og_site_name":"Hotel Pfeiss presso Merano","article_publisher":"https:\/\/www.facebook.com\/Genusshotel.Pfeiss\/?ref=settings","article_modified_time":"2021-08-27T14:06:23+00:00","og_image":[{"url":"https:\/\/pfeiss.com\/wp-content\/uploads\/2018\/01\/IMG_1608-600x400.jpg","type":"","width":"","height":""}],"twitter_card":"summary_large_image","twitter_misc":{"Tempo di lettura stimato":"2 minuti"},"schema":{"@context":"https:\/\/schema.org","@graph":[{"@type":"WebPage","@id":"https:\/\/pfeiss.com\/it\/hotel-benessere-a-merano\/vacanze-attive\/mappa-interattiva-hotel-in-montagna\/","url":"https:\/\/pfeiss.com\/it\/hotel-benessere-a-merano\/vacanze-attive\/mappa-interattiva-hotel-in-montagna\/","name":"Pfeiss - il vostro hotel in montagna perfetto per una vacanza attiva e di relax","isPartOf":{"@id":"https:\/\/pfeiss.com\/en\/#website"},"primaryImageOfPage":{"@id":"https:\/\/pfeiss.com\/it\/hotel-benessere-a-merano\/vacanze-attive\/mappa-interattiva-hotel-in-montagna\/#primaryimage"},"image":{"@id":"https:\/\/pfeiss.com\/it\/hotel-benessere-a-merano\/vacanze-attive\/mappa-interattiva-hotel-in-montagna\/#primaryimage"},"thumbnailUrl":"https:\/\/pfeiss.com\/wp-content\/uploads\/2018\/01\/IMG_1608-600x400.jpg","datePublished":"2015-12-16T13:14:29+00:00","dateModified":"2021-08-27T14:06:23+00:00","description":"Escursioni a Merano partendo dal vostro Hotel in montagna - il nostro Pfeiss a Lana \u00e8 il punto di partenza ideale per fare escursion in Alto Adige.","breadcrumb":{"@id":"https:\/\/pfeiss.com\/it\/hotel-benessere-a-merano\/vacanze-attive\/mappa-interattiva-hotel-in-montagna\/#breadcrumb"},"inLanguage":"it-IT","potentialAction":[{"@type":"ReadAction","target":["https:\/\/pfeiss.com\/it\/hotel-benessere-a-merano\/vacanze-attive\/mappa-interattiva-hotel-in-montagna\/"]}]},{"@type":"ImageObject","inLanguage":"it-IT","@id":"https:\/\/pfeiss.com\/it\/hotel-benessere-a-merano\/vacanze-attive\/mappa-interattiva-hotel-in-montagna\/#primaryimage","url":"https:\/\/pfeiss.com\/wp-content\/uploads\/2018\/01\/IMG_1608-600x400.jpg","contentUrl":"https:\/\/pfeiss.com\/wp-content\/uploads\/2018\/01\/IMG_1608-600x400.jpg"},{"@type":"BreadcrumbList","@id":"https:\/\/pfeiss.com\/it\/hotel-benessere-a-merano\/vacanze-attive\/mappa-interattiva-hotel-in-montagna\/#breadcrumb","itemListElement":[{"@type":"ListItem","position":1,"name":"Home","item":"https:\/\/pfeiss.com\/it\/"},{"@type":"ListItem","position":2,"name":"L&#8217; Hotel vicino a Merano all\u2019insegna del gusto &#8211; il Pfeiss a Lana","item":"https:\/\/pfeiss.com\/it\/"},{"@type":"ListItem","position":3,"name":"Attivit\u00e0 a Lana","item":"https:\/\/pfeiss.com\/it\/hotel-benessere-a-merano\/vacanze-attive\/"},{"@type":"ListItem","position":4,"name":"Mappa interattiva"}]},{"@type":"WebSite","@id":"https:\/\/pfeiss.com\/en\/#website","url":"https:\/\/pfeiss.com\/en\/","name":"Hotel Pfeiss presso Merano","description":"","potentialAction":[{"@type":"SearchAction","target":{"@type":"EntryPoint","urlTemplate":"https:\/\/pfeiss.com\/en\/?s={search_term_string}"},"query-input":{"@type":"PropertyValueSpecification","valueRequired":true,"valueName":"search_term_string"}}],"inLanguage":"it-IT"}]}},"_links":{"self":[{"href":"https:\/\/pfeiss.com\/it\/wp-json\/wp\/v2\/pages\/1004","targetHints":{"allow":["GET"]}}],"collection":[{"href":"https:\/\/pfeiss.com\/it\/wp-json\/wp\/v2\/pages"}],"about":[{"href":"https:\/\/pfeiss.com\/it\/wp-json\/wp\/v2\/types\/page"}],"author":[{"embeddable":true,"href":"https:\/\/pfeiss.com\/it\/wp-json\/wp\/v2\/users\/1"}],"replies":[{"embeddable":true,"href":"https:\/\/pfeiss.com\/it\/wp-json\/wp\/v2\/comments?post=1004"}],"version-history":[{"count":0,"href":"https:\/\/pfeiss.com\/it\/wp-json\/wp\/v2\/pages\/1004\/revisions"}],"up":[{"embeddable":true,"href":"https:\/\/pfeiss.com\/it\/wp-json\/wp\/v2\/pages\/371"}],"wp:attachment":[{"href":"https:\/\/pfeiss.com\/it\/wp-json\/wp\/v2\/media?parent=1004"}],"curies":[{"name":"wp","href":"https:\/\/api.w.org\/{rel}","templated":true}]}}