{"id":131,"date":"2015-09-25T10:50:12","date_gmt":"2015-09-25T08:50:12","guid":{"rendered":"https:\/\/pfeiss.info\/it\/?page_id=131"},"modified":"2020-04-26T13:22:57","modified_gmt":"2020-04-26T11:22:57","slug":"prenotazione-hotel-merano","status":"publish","type":"page","link":"https:\/\/pfeiss.com\/it\/hotel-benessere-a-merano\/prenotazione-hotel-merano\/","title":{"rendered":"Prenotazione"},"content":{"rendered":"<div id=\"hgv_widget_container\">\n<div class=\"entry-content\">\n<h2>Pfeiss, l&#8217; Hotel Merano<\/h2>\n<p>Il nostro Pfeiss non \u00e8 forse il pi\u00f9 grande hotel Merano in Alto Adige, ma \u00e8 sicuramente un hotel molto speciale. Convince per la suo combinazione di <strong>tradizione e creativit\u00e0<\/strong> che si rispecchia in ogni dettaglio.<\/p>\n<p><a href=\"https:\/\/pfeiss.com\/wp-content\/uploads\/2016\/01\/DSC4666.jpg\"><img decoding=\"async\" class=\"alignright wp-image-2808 size-Content-Bild\" title=\"Hotel Meran\" src=\"https:\/\/pfeiss.com\/wp-content\/uploads\/2016\/01\/DSC4666-600x400.jpg\" alt=\"Hotel Merano Familia Ueberbacher hotel di benessere in Alto Adige\" width=\"600\" height=\"400\" srcset=\"https:\/\/pfeiss.com\/wp-content\/uploads\/2016\/01\/DSC4666-600x400.jpg 600w, https:\/\/pfeiss.com\/wp-content\/uploads\/2016\/01\/DSC4666-800x533.jpg 800w, https:\/\/pfeiss.com\/wp-content\/uploads\/2016\/01\/DSC4666-1024x683.jpg 1024w, https:\/\/pfeiss.com\/wp-content\/uploads\/2016\/01\/DSC4666-240x160.jpg 240w, https:\/\/pfeiss.com\/wp-content\/uploads\/2016\/01\/DSC4666-380x253.jpg 380w\" sizes=\"(max-width: 600px) 100vw, 600px\" \/><\/a><\/p>\n<p>Da non dimenticare naturalmente, la combinazione tra la <strong>calorosit\u00e0 tirolese e la serenit\u00e0 italiana<\/strong>. Il concetto vincente, ormai <strong>in terza generazione<\/strong>. Quando il nonno, Josef Mair ha aperto la sua pensione molti anni fa con orgoglio, l\u2019acqua fredda e calda che scorreva \u00e8 stata menzionata come un punto culminante sulle loro brochure di casa. Nel frattempo molte cose sono cambiate e le cose speciali di allora sono diventate prestazioni ovvie. L\u2019acqua calda corrente \u00e8 diventata <a href=\"https:\/\/pfeiss.com\/it\/hotel-benessere-a-merano\/hotel-a-merano-con-spa\/piscina-riscaldata\/\">piscina interna<\/a>, due vasche idromassaggio e <a href=\"https:\/\/pfeiss.com\/it\/hotel-benessere-a-merano\/hotel-a-merano-con-spa\/sauna-e-spa\/\">cinque saune<\/a>. La tradizionale piccola sala \u00e8 diventata moderna sale da pranzo con annesso bar per serate socievoli. Il meleto direttamente davanti a casa \u00e8 stato trasformato in un\u2019ampia zona prendisole. Un&#8217;area con lettini da giorno e una <a href=\"https:\/\/pfeiss.com\/it\/hotel-benessere-a-merano\/hotel-a-merano-con-spa\/piscina-riscaldata\/\">piscina all\u2019aperto riscaldata<\/a> tutto l\u2019anno.<br \/>\n<strong><br \/>\n<\/strong><\/p>\n<h3>Partendo dalla piccola pensione \u00e8 stato creato uno dei pi\u00f9 belli e individuali hotel in Alto Adige.<\/h3>\n<p>Ci\u00f2 che non \u00e8 cambiata mai, tuttavia, \u00e8 la nostra mentalit\u00e0, la cordialit\u00e0 e la gioia nella nostra professione. Svegliarsi la mattina con il pensiero di riuscire a regalare ai nostri ospiti i giorni pi\u00f9 belli dell\u2019anno \u00e8 una grande motivazione. L\u2019ambizione di rendere questi giorni pi\u00f9 preziosi il pi\u00f9 spensierati, confortevoli e divertenti possibile per voi, crea nuove idee e possibilit\u00e0 per rendere il nostro <strong>hotel in Alto Adige<\/strong> ancora pi\u00f9 unico nel suo genere.<a href=\"https:\/\/pfeiss.com\/wp-content\/uploads\/2016\/01\/DSC3797.jpg\"><img decoding=\"async\" class=\"alignright wp-image-2782 size-Content-Bild-Klein\" title=\"Hotel Meran\" src=\"https:\/\/pfeiss.com\/wp-content\/uploads\/2016\/01\/DSC3797-240x160.jpg\" alt=\"Hotel Merano Pfiess: Alto Adige Hotel di benessere\" width=\"240\" height=\"160\" srcset=\"https:\/\/pfeiss.com\/wp-content\/uploads\/2016\/01\/DSC3797-240x160.jpg 240w, https:\/\/pfeiss.com\/wp-content\/uploads\/2016\/01\/DSC3797-800x533.jpg 800w, https:\/\/pfeiss.com\/wp-content\/uploads\/2016\/01\/DSC3797-1024x683.jpg 1024w, https:\/\/pfeiss.com\/wp-content\/uploads\/2016\/01\/DSC3797-600x400.jpg 600w, https:\/\/pfeiss.com\/wp-content\/uploads\/2016\/01\/DSC3797-380x253.jpg 380w\" sizes=\"(max-width: 240px) 100vw, 240px\" \/><\/a><\/p>\n<h1>Pfeiss: Il Vostro Hotel in Alto Adige<\/h1>\n<p>L\u2019hotel in Alto Adige si trova a pochi chilometri dalle citt\u00e0 di Bolzano e Merano.<\/p>\n<p>A dire poco \u00e8 un luogo favoloso, perfetto per <strong>riposo e relax<\/strong>. L\u2019ampio giardino con annessa <a href=\"https:\/\/pfeiss.com\/it\/hotel-benessere-a-merano\/hotel-a-merano-con-spa\/\">area benessere<\/a> da sogno con saune, zone relax, solarium e massaggi non lasciano nulla a desiderare. Trascorrete giornate fantastiche e ricche di eventi in loco.<\/p>\n<p>Nei dintorni, <strong>citt\u00e0 storicamente interessanti e attrazioni culturali<\/strong> offrono variet\u00e0 e avventura. Circondati dalla natura incontaminata e dalle imponenti montagne, si pi\u00f2 scegliere tra innumerevoli diverse <a href=\"https:\/\/pfeiss.com\/it\/hotel-benessere-a-merano\/vacanze-attive\/\">attivit\u00e0<\/a>. In <a href=\"https:\/\/pfeiss.com\/it\/hotel-benessere-a-merano\/vacanze-attive\/vacanze-invernali-a-merano\/\">inverno, tra sciare, escursioni con le ciaspole o in slitta<\/a>.<\/p>\n<p>In estate \u00e8 possibile tuffarsi in una delle piscine riscaldate, godere del vasto giardino con lettini e fare emozionanti <a href=\"https:\/\/pfeiss.com\/it\/hotel-benessere-a-merano\/vacanze-attive\/escursioni-in-alto-adige\/\">escursioni<\/a> a piedi o in <a href=\"https:\/\/pfeiss.com\/it\/hotel-benessere-a-merano\/vacanze-attive\/mountainbike\/\">MTB<\/a> partendo direttamente dal Vostro hotel in Alto Adige.<\/p>\n<\/div>\n<\/div>\n<p><script src=\"http:\/\/widget.easychannel.it\/widget.php?key=cd340b94eedf403e37c7e0415ab8d26d&amp;lang=it\" type=\"text\/javascript\"><\/script><\/p>\n","protected":false},"excerpt":{"rendered":"<p>Pfeiss, l&#8217; Hotel Merano Il nostro Pfeiss non \u00e8 forse il pi\u00f9 grande hotel Merano in Alto Adige, ma \u00e8 sicuramente un hotel molto speciale. Convince per la suo combinazione di tradizione e creativit\u00e0 che si rispecchia in ogni dettaglio. Da non dimenticare naturalmente, la combinazione tra la calorosit\u00e0 tirolese e la serenit\u00e0 italiana. Il [&hellip;]<\/p>\n","protected":false},"author":1,"featured_media":0,"parent":249,"menu_order":7,"comment_status":"closed","ping_status":"closed","template":"page-templates\/booking.php","meta":{"_acf_changed":false,"footnotes":""},"class_list":["post-131","page","type-page","status-publish","hentry"],"acf":[],"yoast_head":"<!-- This site is optimized with the Yoast SEO plugin v27.3 - https:\/\/yoast.com\/product\/yoast-seo-wordpress\/ -->\n<title>Prenota subito le tue indimenticabili vacanze nel Pfeiss, Hotel Merano<\/title>\n<meta name=\"description\" content=\"Godetevi i massaggi, degustazioni di vini e gin tonic, cene gourmet, escursioni, tour in bici... Vacanze nel 4 stelle Pfeiss Hotel Merano a Lana\" \/>\n<meta name=\"robots\" content=\"index, follow, max-snippet:-1, max-image-preview:large, max-video-preview:-1\" \/>\n<link rel=\"canonical\" href=\"https:\/\/pfeiss.com\/it\/hotel-benessere-a-merano\/prenotazione-hotel-merano\/\" \/>\n<meta property=\"og:locale\" content=\"it_IT\" \/>\n<meta property=\"og:type\" content=\"article\" \/>\n<meta property=\"og:title\" content=\"Prenota subito le tue indimenticabili vacanze nel Pfeiss, Hotel Merano\" \/>\n<meta property=\"og:description\" content=\"Godetevi i massaggi, degustazioni di vini e gin tonic, cene gourmet, escursioni, tour in bici... Vacanze nel 4 stelle Pfeiss Hotel Merano a Lana\" \/>\n<meta property=\"og:url\" content=\"https:\/\/pfeiss.com\/it\/hotel-benessere-a-merano\/prenotazione-hotel-merano\/\" \/>\n<meta property=\"og:site_name\" content=\"Hotel Pfeiss presso Merano\" \/>\n<meta property=\"article:publisher\" content=\"https:\/\/www.facebook.com\/Genusshotel.Pfeiss\/?ref=settings\" \/>\n<meta property=\"article:modified_time\" content=\"2020-04-26T11:22:57+00:00\" \/>\n<meta property=\"og:image\" content=\"https:\/\/pfeiss.com\/wp-content\/uploads\/2016\/01\/DSC4666-600x400.jpg\" \/>\n<meta name=\"twitter:card\" content=\"summary_large_image\" \/>\n<meta name=\"twitter:label1\" content=\"Tempo di lettura stimato\" \/>\n\t<meta name=\"twitter:data1\" content=\"2 minuti\" \/>\n<script type=\"application\/ld+json\" class=\"yoast-schema-graph\">{\"@context\":\"https:\\\/\\\/schema.org\",\"@graph\":[{\"@type\":\"WebPage\",\"@id\":\"https:\\\/\\\/pfeiss.com\\\/it\\\/hotel-benessere-a-merano\\\/prenotazione-hotel-merano\\\/\",\"url\":\"https:\\\/\\\/pfeiss.com\\\/it\\\/hotel-benessere-a-merano\\\/prenotazione-hotel-merano\\\/\",\"name\":\"Prenota subito le tue indimenticabili vacanze nel Pfeiss, Hotel Merano\",\"isPartOf\":{\"@id\":\"https:\\\/\\\/pfeiss.com\\\/en\\\/#website\"},\"primaryImageOfPage\":{\"@id\":\"https:\\\/\\\/pfeiss.com\\\/it\\\/hotel-benessere-a-merano\\\/prenotazione-hotel-merano\\\/#primaryimage\"},\"image\":{\"@id\":\"https:\\\/\\\/pfeiss.com\\\/it\\\/hotel-benessere-a-merano\\\/prenotazione-hotel-merano\\\/#primaryimage\"},\"thumbnailUrl\":\"https:\\\/\\\/pfeiss.com\\\/wp-content\\\/uploads\\\/2016\\\/01\\\/DSC4666-600x400.jpg\",\"datePublished\":\"2015-09-25T08:50:12+00:00\",\"dateModified\":\"2020-04-26T11:22:57+00:00\",\"description\":\"Godetevi i massaggi, degustazioni di vini e gin tonic, cene gourmet, escursioni, tour in bici... Vacanze nel 4 stelle Pfeiss Hotel Merano a Lana\",\"breadcrumb\":{\"@id\":\"https:\\\/\\\/pfeiss.com\\\/it\\\/hotel-benessere-a-merano\\\/prenotazione-hotel-merano\\\/#breadcrumb\"},\"inLanguage\":\"it-IT\",\"potentialAction\":[{\"@type\":\"ReadAction\",\"target\":[\"https:\\\/\\\/pfeiss.com\\\/it\\\/hotel-benessere-a-merano\\\/prenotazione-hotel-merano\\\/\"]}]},{\"@type\":\"ImageObject\",\"inLanguage\":\"it-IT\",\"@id\":\"https:\\\/\\\/pfeiss.com\\\/it\\\/hotel-benessere-a-merano\\\/prenotazione-hotel-merano\\\/#primaryimage\",\"url\":\"https:\\\/\\\/pfeiss.com\\\/wp-content\\\/uploads\\\/2016\\\/01\\\/DSC4666-600x400.jpg\",\"contentUrl\":\"https:\\\/\\\/pfeiss.com\\\/wp-content\\\/uploads\\\/2016\\\/01\\\/DSC4666-600x400.jpg\"},{\"@type\":\"BreadcrumbList\",\"@id\":\"https:\\\/\\\/pfeiss.com\\\/it\\\/hotel-benessere-a-merano\\\/prenotazione-hotel-merano\\\/#breadcrumb\",\"itemListElement\":[{\"@type\":\"ListItem\",\"position\":1,\"name\":\"Home\",\"item\":\"https:\\\/\\\/pfeiss.com\\\/it\\\/\"},{\"@type\":\"ListItem\",\"position\":2,\"name\":\"L&#8217; Hotel vicino a Merano all\u2019insegna del gusto &#8211; il Pfeiss a Lana\",\"item\":\"https:\\\/\\\/pfeiss.com\\\/it\\\/\"},{\"@type\":\"ListItem\",\"position\":3,\"name\":\"Prenotazione\"}]},{\"@type\":\"WebSite\",\"@id\":\"https:\\\/\\\/pfeiss.com\\\/en\\\/#website\",\"url\":\"https:\\\/\\\/pfeiss.com\\\/en\\\/\",\"name\":\"Hotel Pfeiss presso Merano\",\"description\":\"\",\"potentialAction\":[{\"@type\":\"SearchAction\",\"target\":{\"@type\":\"EntryPoint\",\"urlTemplate\":\"https:\\\/\\\/pfeiss.com\\\/en\\\/?s={search_term_string}\"},\"query-input\":{\"@type\":\"PropertyValueSpecification\",\"valueRequired\":true,\"valueName\":\"search_term_string\"}}],\"inLanguage\":\"it-IT\"}]}<\/script>\n<!-- \/ Yoast SEO plugin. -->","yoast_head_json":{"title":"Prenota subito le tue indimenticabili vacanze nel Pfeiss, Hotel Merano","description":"Godetevi i massaggi, degustazioni di vini e gin tonic, cene gourmet, escursioni, tour in bici... Vacanze nel 4 stelle Pfeiss Hotel Merano a Lana","robots":{"index":"index","follow":"follow","max-snippet":"max-snippet:-1","max-image-preview":"max-image-preview:large","max-video-preview":"max-video-preview:-1"},"canonical":"https:\/\/pfeiss.com\/it\/hotel-benessere-a-merano\/prenotazione-hotel-merano\/","og_locale":"it_IT","og_type":"article","og_title":"Prenota subito le tue indimenticabili vacanze nel Pfeiss, Hotel Merano","og_description":"Godetevi i massaggi, degustazioni di vini e gin tonic, cene gourmet, escursioni, tour in bici... Vacanze nel 4 stelle Pfeiss Hotel Merano a Lana","og_url":"https:\/\/pfeiss.com\/it\/hotel-benessere-a-merano\/prenotazione-hotel-merano\/","og_site_name":"Hotel Pfeiss presso Merano","article_publisher":"https:\/\/www.facebook.com\/Genusshotel.Pfeiss\/?ref=settings","article_modified_time":"2020-04-26T11:22:57+00:00","og_image":[{"url":"https:\/\/pfeiss.com\/wp-content\/uploads\/2016\/01\/DSC4666-600x400.jpg","type":"","width":"","height":""}],"twitter_card":"summary_large_image","twitter_misc":{"Tempo di lettura stimato":"2 minuti"},"schema":{"@context":"https:\/\/schema.org","@graph":[{"@type":"WebPage","@id":"https:\/\/pfeiss.com\/it\/hotel-benessere-a-merano\/prenotazione-hotel-merano\/","url":"https:\/\/pfeiss.com\/it\/hotel-benessere-a-merano\/prenotazione-hotel-merano\/","name":"Prenota subito le tue indimenticabili vacanze nel Pfeiss, Hotel Merano","isPartOf":{"@id":"https:\/\/pfeiss.com\/en\/#website"},"primaryImageOfPage":{"@id":"https:\/\/pfeiss.com\/it\/hotel-benessere-a-merano\/prenotazione-hotel-merano\/#primaryimage"},"image":{"@id":"https:\/\/pfeiss.com\/it\/hotel-benessere-a-merano\/prenotazione-hotel-merano\/#primaryimage"},"thumbnailUrl":"https:\/\/pfeiss.com\/wp-content\/uploads\/2016\/01\/DSC4666-600x400.jpg","datePublished":"2015-09-25T08:50:12+00:00","dateModified":"2020-04-26T11:22:57+00:00","description":"Godetevi i massaggi, degustazioni di vini e gin tonic, cene gourmet, escursioni, tour in bici... Vacanze nel 4 stelle Pfeiss Hotel Merano a Lana","breadcrumb":{"@id":"https:\/\/pfeiss.com\/it\/hotel-benessere-a-merano\/prenotazione-hotel-merano\/#breadcrumb"},"inLanguage":"it-IT","potentialAction":[{"@type":"ReadAction","target":["https:\/\/pfeiss.com\/it\/hotel-benessere-a-merano\/prenotazione-hotel-merano\/"]}]},{"@type":"ImageObject","inLanguage":"it-IT","@id":"https:\/\/pfeiss.com\/it\/hotel-benessere-a-merano\/prenotazione-hotel-merano\/#primaryimage","url":"https:\/\/pfeiss.com\/wp-content\/uploads\/2016\/01\/DSC4666-600x400.jpg","contentUrl":"https:\/\/pfeiss.com\/wp-content\/uploads\/2016\/01\/DSC4666-600x400.jpg"},{"@type":"BreadcrumbList","@id":"https:\/\/pfeiss.com\/it\/hotel-benessere-a-merano\/prenotazione-hotel-merano\/#breadcrumb","itemListElement":[{"@type":"ListItem","position":1,"name":"Home","item":"https:\/\/pfeiss.com\/it\/"},{"@type":"ListItem","position":2,"name":"L&#8217; Hotel vicino a Merano all\u2019insegna del gusto &#8211; il Pfeiss a Lana","item":"https:\/\/pfeiss.com\/it\/"},{"@type":"ListItem","position":3,"name":"Prenotazione"}]},{"@type":"WebSite","@id":"https:\/\/pfeiss.com\/en\/#website","url":"https:\/\/pfeiss.com\/en\/","name":"Hotel Pfeiss presso Merano","description":"","potentialAction":[{"@type":"SearchAction","target":{"@type":"EntryPoint","urlTemplate":"https:\/\/pfeiss.com\/en\/?s={search_term_string}"},"query-input":{"@type":"PropertyValueSpecification","valueRequired":true,"valueName":"search_term_string"}}],"inLanguage":"it-IT"}]}},"_links":{"self":[{"href":"https:\/\/pfeiss.com\/it\/wp-json\/wp\/v2\/pages\/131","targetHints":{"allow":["GET"]}}],"collection":[{"href":"https:\/\/pfeiss.com\/it\/wp-json\/wp\/v2\/pages"}],"about":[{"href":"https:\/\/pfeiss.com\/it\/wp-json\/wp\/v2\/types\/page"}],"author":[{"embeddable":true,"href":"https:\/\/pfeiss.com\/it\/wp-json\/wp\/v2\/users\/1"}],"replies":[{"embeddable":true,"href":"https:\/\/pfeiss.com\/it\/wp-json\/wp\/v2\/comments?post=131"}],"version-history":[{"count":0,"href":"https:\/\/pfeiss.com\/it\/wp-json\/wp\/v2\/pages\/131\/revisions"}],"up":[{"embeddable":true,"href":"https:\/\/pfeiss.com\/it\/wp-json\/wp\/v2\/pages\/249"}],"wp:attachment":[{"href":"https:\/\/pfeiss.com\/it\/wp-json\/wp\/v2\/media?parent=131"}],"curies":[{"name":"wp","href":"https:\/\/api.w.org\/{rel}","templated":true}]}}