{"id":162,"date":"2015-10-16T09:32:43","date_gmt":"2015-10-16T07:32:43","guid":{"rendered":"https:\/\/pfeiss.info\/it\/?page_id=162"},"modified":"2024-05-17T23:11:36","modified_gmt":"2024-05-17T21:11:36","slug":"filosofia-hotel-4-stelle","status":"publish","type":"page","link":"https:\/\/pfeiss.com\/it\/hotel-benessere-a-merano\/hotel-in-alto-adige\/filosofia-hotel-4-stelle\/","title":{"rendered":"Filosofia"},"content":{"rendered":"<p style=\"text-align: justify;\">Dalla piccola pensione tra i meli ad uno dei pi\u00f9 indivituali hotel 4 stelle <strong>intorno a Merano<\/strong>.<\/p>\n<h2>Cosa ci ha portato fino a questo?<\/h2>\n<p style=\"text-align: justify;\">Oltre al grande impegno, \u00e8 sicuramente anche la nostra filosofia. Infatti, il nostro obiettivo \u00e8 di creare un posto, dove anche in vacanza, ci si trova come a casa. Il nostro concetto per una vacanza memorabile include inoltre un\u2019eccellente <strong><a href=\"https:\/\/pfeiss.com\/it\/hotel-benessere-a-merano\/hotel-per-buongustai\/gourmet\/\">gastronomia di alta qualit\u00e0<\/a><\/strong>, accompagnata da selezioni di<strong> vini raffinati <\/strong>dalla nostra cantina. Poi chiaramente, da non dimenticare, la <strong>tranquillit\u00e0 <\/strong>che emana dai frutteti circostanti per<strong> momenti di relax.<\/strong> Il nostro vasto <strong>giardino con <a href=\"https:\/\/pfeiss.com\/it\/hotel-benessere-a-merano\/hotel-a-merano-con-spa\/piscina-riscaldata\/\">piscina<\/a><\/strong> esterna. Le accoglienti <strong>camere di design<\/strong> progettate al fine di soddisfare ogni tipo di esigenza. La nostra <strong><a href=\"https:\/\/pfeiss.com\/it\/hotel-benessere-a-merano\/hotel-a-merano-con-spa\/\">area benessere<\/a> <\/strong>con saune e zone relax. Piacevoli <strong><a href=\"https:\/\/pfeiss.com\/it\/hotel-benessere-a-merano\/vacanze-attive\/escursioni-in-alto-adige\/\">escursioni in montagna<\/a><\/strong> o in bici. E naturalmente, la calorosa <strong>atmosfera, cordiale <\/strong>e allo stesso modo<strong> familiare<\/strong>. In somma, il posto perfetto per un soggiorno unico, con momenti indimenticabile ed allo stesso tempo rilassanti e rigeneranti.<\/p>\n<p style=\"text-align: justify;\"><a href=\"https:\/\/pfeiss.com\/wp-content\/uploads\/2016\/01\/DSC4352.jpg\"><img decoding=\"async\" class=\"aligncenter wp-image-2799 size-medium\" src=\"https:\/\/pfeiss.com\/wp-content\/uploads\/2016\/01\/DSC4352-800x533.jpg\" alt=\"Familia \u00dcberbacher - Hotel 4 stelle\" width=\"800\" height=\"533\" srcset=\"https:\/\/pfeiss.com\/wp-content\/uploads\/2016\/01\/DSC4352-800x533.jpg 800w, https:\/\/pfeiss.com\/wp-content\/uploads\/2016\/01\/DSC4352-1024x683.jpg 1024w, https:\/\/pfeiss.com\/wp-content\/uploads\/2016\/01\/DSC4352-600x400.jpg 600w, https:\/\/pfeiss.com\/wp-content\/uploads\/2016\/01\/DSC4352-240x160.jpg 240w, https:\/\/pfeiss.com\/wp-content\/uploads\/2016\/01\/DSC4352-380x253.jpg 380w\" sizes=\"(max-width: 800px) 100vw, 800px\" \/><\/a><\/p>\n<h2>La famiglia dietro al Pfeiss &#8211; Hotel 4 stelle<\/h2>\n<p><strong>Erika<\/strong>, ha deciso nel 1988 di prendere in mano la pensione dei suoi genitori, insieme al marito Paul. Attualmente pu\u00f2 essere trovata ovunque si debbano far <strong>preparativi<\/strong> specifici, che sia in <strong><a href=\"https:\/\/pfeiss.com\/it\/hotel-benessere-a-merano\/hotel-per-buongustai\/gourmet\/\">cucina<\/a><\/strong>, in servizio o in ufficio. Recentemente ha trovato una nuova attivit\u00e0 preferita oltre ai suoi doveri in azienda: essere una nonna amorevole per i suoi preziosi nipoti.<\/p>\n<p><strong>Paul<\/strong> invece, da buon padrone di casa, \u00e8 a disposizione dei nostri ospiti 24 ore su 24 con <strong>consigli e supporto<\/strong>. Organizza ed accompagna <a href=\"https:\/\/pfeiss.com\/it\/hotel-benessere-a-merano\/vacanze-attive\/escursioni-in-alto-adige\/\"><strong>passeggiate<\/strong><\/a> e <strong>degustazioni di vini<\/strong>. Di solito si presenta ovunque ci sia bisogno di lui nel nostro hotel 4 stelle e sa come rispondere al meglio ai desideri pi\u00f9 diversi.<\/p>\n<p><strong>Daniel<\/strong>, il figlio di Erika e Paul, \u00e8 il capo di casa. \u00c8 stato capo chef del nostro hotel a 4 stelle per oltre 10 anni ed \u00e8 membro dell&#8217;iniziativa <strong>CookArt<\/strong>. Un&#8217;organizzazione internazionale di chef nata per <strong>reinterpretare in modo innovativo la cucina altoatesina<\/strong>. Se Daniel non stava lavorando in cucina o al bar, probabilmente era a un evento CookArt. Da quando ha ceduto il posto di capocuoco al suo secondo chef di lunga data, Daniel \u00e8 ormai presente praticamente in ogni ambito. Sia di giorno in reception e in direzione, sia di sera in servizio o dietro al bancone creando cocktail. Daniel \u00e8 anche responsabile della pianificazione alberghiera e, insieme a Mara e Steffi, del <strong>marketing<\/strong> del nostro hotel.<\/p>\n<p><strong>Mara<\/strong> \u00e8 la fidanzata di Daniel e si occupa del <strong>ricevimento<\/strong>. Organizza, coordina e cerca di esaudire ogni desiderio dei nostri ospiti. Nativa della <strong>Val Gardena nelle Dolomiti<\/strong> e cresciuta circondata da montagne, trova i giusti <strong>consigli per escursioni<\/strong> ed il <strong>tempo libero<\/strong> per ognuno.<\/p>\n<p><strong>Steffi<\/strong>, figlia di casa, ha trovato il suo posto in <strong>sala<\/strong>. A parte il buon funzionamento del servizio, la sua passione arde per il mondo dei vini. Trovando il <strong><a href=\"https:\/\/pfeiss.com\/it\/hotel-benessere-a-merano\/hotel-per-buongustai\/hotel-del-vino\/\">vino<\/a><\/strong> perfetto ad accompagnare la vostra serata. Insieme al suo giovane team assicura un\u2019<strong>atmosfera rilassata<\/strong> durante i pasti e al bar.<\/p>\n<p><strong>Harry<\/strong> \u00e8 l\u2019uomo al fianco di Steffi. Anche se non lavora direttamente nel Pfeiss &#8211; Hotel 4 stelle, agli ospiti abituali gi\u00e0 da tempo <strong>non \u00e8 pi\u00f9 estraneo<\/strong>. Grazie al suo lavoro nello sviluppo di software, egli \u00e8 sempre persona gradita quando si tratta di problemi tecnici in ogni angolo di casa.<\/p>\n<p><strong>Simon<\/strong>, il figlio di Steffi e Harry, \u00e8 il piccolo incantatore all&#8217;et\u00e0 di un anno. Adora passare il tempo con la nonna e ogni giorno incanta i nostri ospiti con il suo sorriso affascinante.<\/p>\n<p><strong>Nicole<\/strong>, la figlia di Daniel e Mara, \u00e8 la pi\u00f9 giovane della famiglia \u201cPfeiss\u201d e conquista i cuori con il suo carattere gentile.<\/p>\n<hr \/>\n<p style=\"text-align: justify;\"><a class=\"lightbox\" href=\"https:\/\/pfeiss.com\/wp-content\/uploads\/2015\/08\/imageedit_8_5824915792.jpg\"><img decoding=\"async\" class=\"alignleft wp-image-389 size-Content-Bild\" src=\"https:\/\/pfeiss.com\/wp-content\/uploads\/2015\/08\/imageedit_8_5824915792-409x600.jpg\" alt=\"Hotel Meran- 4 Sterne Hotel - Pfeiss - Unterkunft im Meraner Land \" width=\"409\" height=\"600\" srcset=\"https:\/\/pfeiss.com\/wp-content\/uploads\/2015\/08\/imageedit_8_5824915792-409x600.jpg 409w, https:\/\/pfeiss.com\/wp-content\/uploads\/2015\/08\/imageedit_8_5824915792-164x240.jpg 164w, https:\/\/pfeiss.com\/wp-content\/uploads\/2015\/08\/imageedit_8_5824915792-259x380.jpg 259w, https:\/\/pfeiss.com\/wp-content\/uploads\/2015\/08\/imageedit_8_5824915792.jpg 556w\" sizes=\"(max-width: 409px) 100vw, 409px\" \/><\/a><\/p>\n<h2 style=\"text-align: justify;\">Cronaca della casa<\/h2>\n<p>Nel <strong>1964<\/strong> <strong>Maria e Josef Mair<\/strong> costruirono una piccola pensione in questo bellissimo angolo di terreno fra i meli, in <strong>vicinanza di Merano<\/strong>. Fino al 1988, l\u2019hanno gestita in ambito <strong>familiare<\/strong> con grande diligenza e impegno.<br \/>\nGrazie alla cucina casalinga e al carattere amichevole, l\u2019attivit\u00e0 \u00e8 diventata ben presto molto popolare. Di conseguenza, numerosi ospiti provenienti da lontano e vicino volentieri soggiornavano da noi. Molti di questi <strong>clienti abituali<\/strong> e soprattutto i loro figli vengono ancora oggi.<br \/>\nDal 1988 la loro figlia <strong>Erika<\/strong> ha preso in mano l\u2019attivit\u00e0, assieme al marito <strong>Paul \u00dcberbacher<\/strong>. Nel 2000 \u00e8 stato deciso di effettuare un\u2019<strong>importante ristrutturazione<\/strong>, per continuare a soddisfare le aspettative dei nostri ospiti.<br \/>\nNel frattempo anche i loro figli, <strong>Daniel e Stefanie<\/strong>, nel rispetto della tradizione di famiglia, stanno lavorando diligentemente in azienda. Cos\u00ec nel 2012 \u00e8 stato deciso di <strong>trasformare<\/strong> questo semplice alloggio nella regione di Merano &#8211; in <strong>hotel<\/strong>.<\/p>\n<p>Per poter offrire ai nostri ospiti uno standard pi\u00f9 elevato, nel 2016 siamo passati alla <strong>categoria hotel 4 stelle<\/strong>. Questo cambiamento ha portato non solo ad una necessaria ricostruzione, ma ha realizzato anche molti nuovi highlight per i nostri ospiti.<\/p>\n<p>Nonostante il passare degli anni, le idee di base dell\u2019azienda sono rimaste le stesse. Un hotel a <strong>conduzione famigliare<\/strong> presso Merano con <strong>atmosfera rilassata<\/strong>, dove tutti possono sentirsi come a casa, trascorrendo una vacanza piacevole e serena.<\/p>\n","protected":false},"excerpt":{"rendered":"<p>Dalla piccola pensione tra i meli ad uno dei pi\u00f9 indivituali hotel 4 stelle intorno a Merano. Cosa ci ha portato fino a questo? Oltre al grande impegno, \u00e8 sicuramente anche la nostra filosofia. Infatti, il nostro obiettivo \u00e8 di creare un posto, dove anche in vacanza, ci si trova come a casa. Il nostro [&hellip;]<\/p>\n","protected":false},"author":1,"featured_media":0,"parent":390,"menu_order":1,"comment_status":"closed","ping_status":"closed","template":"","meta":{"_acf_changed":false,"footnotes":""},"class_list":["post-162","page","type-page","status-publish","hentry"],"acf":[],"yoast_head":"<!-- This site is optimized with the Yoast SEO plugin v27.3 - https:\/\/yoast.com\/product\/yoast-seo-wordpress\/ -->\n<title>Hotel 4 stelle a Lana, Pfeiss in Alto Adige \u2022 La nostra filosofia e tradizione<\/title>\n<meta name=\"description\" content=\"Vacanze indimenticabili in atmosfera rilassata circondati dalla natura. Al Pfeiss - Hotel 4 stelle ci si sente come a casa!\" \/>\n<meta name=\"robots\" content=\"index, follow, max-snippet:-1, max-image-preview:large, max-video-preview:-1\" \/>\n<link rel=\"canonical\" href=\"https:\/\/pfeiss.com\/it\/hotel-benessere-a-merano\/hotel-in-alto-adige\/filosofia-hotel-4-stelle\/\" \/>\n<meta property=\"og:locale\" content=\"it_IT\" \/>\n<meta property=\"og:type\" content=\"article\" \/>\n<meta property=\"og:title\" content=\"Hotel 4 stelle a Lana, Pfeiss in Alto Adige \u2022 La nostra filosofia e tradizione\" \/>\n<meta property=\"og:description\" content=\"Vacanze indimenticabili in atmosfera rilassata circondati dalla natura. Al Pfeiss - Hotel 4 stelle ci si sente come a casa!\" \/>\n<meta property=\"og:url\" content=\"https:\/\/pfeiss.com\/it\/hotel-benessere-a-merano\/hotel-in-alto-adige\/filosofia-hotel-4-stelle\/\" \/>\n<meta property=\"og:site_name\" content=\"Hotel Pfeiss presso Merano\" \/>\n<meta property=\"article:publisher\" content=\"https:\/\/www.facebook.com\/Genusshotel.Pfeiss\/?ref=settings\" \/>\n<meta property=\"article:modified_time\" content=\"2024-05-17T21:11:36+00:00\" \/>\n<meta property=\"og:image\" content=\"https:\/\/pfeiss.com\/wp-content\/uploads\/2016\/01\/DSC4352-800x533.jpg\" \/>\n<meta name=\"twitter:card\" content=\"summary_large_image\" \/>\n<meta name=\"twitter:label1\" content=\"Tempo di lettura stimato\" \/>\n\t<meta name=\"twitter:data1\" content=\"6 minuti\" \/>\n<script type=\"application\/ld+json\" class=\"yoast-schema-graph\">{\"@context\":\"https:\\\/\\\/schema.org\",\"@graph\":[{\"@type\":\"WebPage\",\"@id\":\"https:\\\/\\\/pfeiss.com\\\/it\\\/hotel-benessere-a-merano\\\/hotel-in-alto-adige\\\/filosofia-hotel-4-stelle\\\/\",\"url\":\"https:\\\/\\\/pfeiss.com\\\/it\\\/hotel-benessere-a-merano\\\/hotel-in-alto-adige\\\/filosofia-hotel-4-stelle\\\/\",\"name\":\"Hotel 4 stelle a Lana, Pfeiss in Alto Adige \u2022 La nostra filosofia e tradizione\",\"isPartOf\":{\"@id\":\"https:\\\/\\\/pfeiss.com\\\/en\\\/#website\"},\"primaryImageOfPage\":{\"@id\":\"https:\\\/\\\/pfeiss.com\\\/it\\\/hotel-benessere-a-merano\\\/hotel-in-alto-adige\\\/filosofia-hotel-4-stelle\\\/#primaryimage\"},\"image\":{\"@id\":\"https:\\\/\\\/pfeiss.com\\\/it\\\/hotel-benessere-a-merano\\\/hotel-in-alto-adige\\\/filosofia-hotel-4-stelle\\\/#primaryimage\"},\"thumbnailUrl\":\"https:\\\/\\\/pfeiss.com\\\/wp-content\\\/uploads\\\/2016\\\/01\\\/DSC4352-800x533.jpg\",\"datePublished\":\"2015-10-16T07:32:43+00:00\",\"dateModified\":\"2024-05-17T21:11:36+00:00\",\"description\":\"Vacanze indimenticabili in atmosfera rilassata circondati dalla natura. Al Pfeiss - Hotel 4 stelle ci si sente come a casa!\",\"breadcrumb\":{\"@id\":\"https:\\\/\\\/pfeiss.com\\\/it\\\/hotel-benessere-a-merano\\\/hotel-in-alto-adige\\\/filosofia-hotel-4-stelle\\\/#breadcrumb\"},\"inLanguage\":\"it-IT\",\"potentialAction\":[{\"@type\":\"ReadAction\",\"target\":[\"https:\\\/\\\/pfeiss.com\\\/it\\\/hotel-benessere-a-merano\\\/hotel-in-alto-adige\\\/filosofia-hotel-4-stelle\\\/\"]}]},{\"@type\":\"ImageObject\",\"inLanguage\":\"it-IT\",\"@id\":\"https:\\\/\\\/pfeiss.com\\\/it\\\/hotel-benessere-a-merano\\\/hotel-in-alto-adige\\\/filosofia-hotel-4-stelle\\\/#primaryimage\",\"url\":\"https:\\\/\\\/pfeiss.com\\\/wp-content\\\/uploads\\\/2016\\\/01\\\/DSC4352-800x533.jpg\",\"contentUrl\":\"https:\\\/\\\/pfeiss.com\\\/wp-content\\\/uploads\\\/2016\\\/01\\\/DSC4352-800x533.jpg\"},{\"@type\":\"BreadcrumbList\",\"@id\":\"https:\\\/\\\/pfeiss.com\\\/it\\\/hotel-benessere-a-merano\\\/hotel-in-alto-adige\\\/filosofia-hotel-4-stelle\\\/#breadcrumb\",\"itemListElement\":[{\"@type\":\"ListItem\",\"position\":1,\"name\":\"Home\",\"item\":\"https:\\\/\\\/pfeiss.com\\\/it\\\/\"},{\"@type\":\"ListItem\",\"position\":2,\"name\":\"L&#8217; Hotel vicino a Merano all\u2019insegna del gusto &#8211; il Pfeiss a Lana\",\"item\":\"https:\\\/\\\/pfeiss.com\\\/it\\\/\"},{\"@type\":\"ListItem\",\"position\":3,\"name\":\"Pfeiss: il Vostro Hotel in Alto Adige\",\"item\":\"https:\\\/\\\/pfeiss.com\\\/it\\\/hotel-benessere-a-merano\\\/hotel-in-alto-adige\\\/\"},{\"@type\":\"ListItem\",\"position\":4,\"name\":\"Filosofia\"}]},{\"@type\":\"WebSite\",\"@id\":\"https:\\\/\\\/pfeiss.com\\\/en\\\/#website\",\"url\":\"https:\\\/\\\/pfeiss.com\\\/en\\\/\",\"name\":\"Hotel Pfeiss presso Merano\",\"description\":\"\",\"potentialAction\":[{\"@type\":\"SearchAction\",\"target\":{\"@type\":\"EntryPoint\",\"urlTemplate\":\"https:\\\/\\\/pfeiss.com\\\/en\\\/?s={search_term_string}\"},\"query-input\":{\"@type\":\"PropertyValueSpecification\",\"valueRequired\":true,\"valueName\":\"search_term_string\"}}],\"inLanguage\":\"it-IT\"}]}<\/script>\n<!-- \/ Yoast SEO plugin. -->","yoast_head_json":{"title":"Hotel 4 stelle a Lana, Pfeiss in Alto Adige \u2022 La nostra filosofia e tradizione","description":"Vacanze indimenticabili in atmosfera rilassata circondati dalla natura. Al Pfeiss - Hotel 4 stelle ci si sente come a casa!","robots":{"index":"index","follow":"follow","max-snippet":"max-snippet:-1","max-image-preview":"max-image-preview:large","max-video-preview":"max-video-preview:-1"},"canonical":"https:\/\/pfeiss.com\/it\/hotel-benessere-a-merano\/hotel-in-alto-adige\/filosofia-hotel-4-stelle\/","og_locale":"it_IT","og_type":"article","og_title":"Hotel 4 stelle a Lana, Pfeiss in Alto Adige \u2022 La nostra filosofia e tradizione","og_description":"Vacanze indimenticabili in atmosfera rilassata circondati dalla natura. Al Pfeiss - Hotel 4 stelle ci si sente come a casa!","og_url":"https:\/\/pfeiss.com\/it\/hotel-benessere-a-merano\/hotel-in-alto-adige\/filosofia-hotel-4-stelle\/","og_site_name":"Hotel Pfeiss presso Merano","article_publisher":"https:\/\/www.facebook.com\/Genusshotel.Pfeiss\/?ref=settings","article_modified_time":"2024-05-17T21:11:36+00:00","og_image":[{"url":"https:\/\/pfeiss.com\/wp-content\/uploads\/2016\/01\/DSC4352-800x533.jpg","type":"","width":"","height":""}],"twitter_card":"summary_large_image","twitter_misc":{"Tempo di lettura stimato":"6 minuti"},"schema":{"@context":"https:\/\/schema.org","@graph":[{"@type":"WebPage","@id":"https:\/\/pfeiss.com\/it\/hotel-benessere-a-merano\/hotel-in-alto-adige\/filosofia-hotel-4-stelle\/","url":"https:\/\/pfeiss.com\/it\/hotel-benessere-a-merano\/hotel-in-alto-adige\/filosofia-hotel-4-stelle\/","name":"Hotel 4 stelle a Lana, Pfeiss in Alto Adige \u2022 La nostra filosofia e tradizione","isPartOf":{"@id":"https:\/\/pfeiss.com\/en\/#website"},"primaryImageOfPage":{"@id":"https:\/\/pfeiss.com\/it\/hotel-benessere-a-merano\/hotel-in-alto-adige\/filosofia-hotel-4-stelle\/#primaryimage"},"image":{"@id":"https:\/\/pfeiss.com\/it\/hotel-benessere-a-merano\/hotel-in-alto-adige\/filosofia-hotel-4-stelle\/#primaryimage"},"thumbnailUrl":"https:\/\/pfeiss.com\/wp-content\/uploads\/2016\/01\/DSC4352-800x533.jpg","datePublished":"2015-10-16T07:32:43+00:00","dateModified":"2024-05-17T21:11:36+00:00","description":"Vacanze indimenticabili in atmosfera rilassata circondati dalla natura. Al Pfeiss - Hotel 4 stelle ci si sente come a casa!","breadcrumb":{"@id":"https:\/\/pfeiss.com\/it\/hotel-benessere-a-merano\/hotel-in-alto-adige\/filosofia-hotel-4-stelle\/#breadcrumb"},"inLanguage":"it-IT","potentialAction":[{"@type":"ReadAction","target":["https:\/\/pfeiss.com\/it\/hotel-benessere-a-merano\/hotel-in-alto-adige\/filosofia-hotel-4-stelle\/"]}]},{"@type":"ImageObject","inLanguage":"it-IT","@id":"https:\/\/pfeiss.com\/it\/hotel-benessere-a-merano\/hotel-in-alto-adige\/filosofia-hotel-4-stelle\/#primaryimage","url":"https:\/\/pfeiss.com\/wp-content\/uploads\/2016\/01\/DSC4352-800x533.jpg","contentUrl":"https:\/\/pfeiss.com\/wp-content\/uploads\/2016\/01\/DSC4352-800x533.jpg"},{"@type":"BreadcrumbList","@id":"https:\/\/pfeiss.com\/it\/hotel-benessere-a-merano\/hotel-in-alto-adige\/filosofia-hotel-4-stelle\/#breadcrumb","itemListElement":[{"@type":"ListItem","position":1,"name":"Home","item":"https:\/\/pfeiss.com\/it\/"},{"@type":"ListItem","position":2,"name":"L&#8217; Hotel vicino a Merano all\u2019insegna del gusto &#8211; il Pfeiss a Lana","item":"https:\/\/pfeiss.com\/it\/"},{"@type":"ListItem","position":3,"name":"Pfeiss: il Vostro Hotel in Alto Adige","item":"https:\/\/pfeiss.com\/it\/hotel-benessere-a-merano\/hotel-in-alto-adige\/"},{"@type":"ListItem","position":4,"name":"Filosofia"}]},{"@type":"WebSite","@id":"https:\/\/pfeiss.com\/en\/#website","url":"https:\/\/pfeiss.com\/en\/","name":"Hotel Pfeiss presso Merano","description":"","potentialAction":[{"@type":"SearchAction","target":{"@type":"EntryPoint","urlTemplate":"https:\/\/pfeiss.com\/en\/?s={search_term_string}"},"query-input":{"@type":"PropertyValueSpecification","valueRequired":true,"valueName":"search_term_string"}}],"inLanguage":"it-IT"}]}},"_links":{"self":[{"href":"https:\/\/pfeiss.com\/it\/wp-json\/wp\/v2\/pages\/162","targetHints":{"allow":["GET"]}}],"collection":[{"href":"https:\/\/pfeiss.com\/it\/wp-json\/wp\/v2\/pages"}],"about":[{"href":"https:\/\/pfeiss.com\/it\/wp-json\/wp\/v2\/types\/page"}],"author":[{"embeddable":true,"href":"https:\/\/pfeiss.com\/it\/wp-json\/wp\/v2\/users\/1"}],"replies":[{"embeddable":true,"href":"https:\/\/pfeiss.com\/it\/wp-json\/wp\/v2\/comments?post=162"}],"version-history":[{"count":0,"href":"https:\/\/pfeiss.com\/it\/wp-json\/wp\/v2\/pages\/162\/revisions"}],"up":[{"embeddable":true,"href":"https:\/\/pfeiss.com\/it\/wp-json\/wp\/v2\/pages\/390"}],"wp:attachment":[{"href":"https:\/\/pfeiss.com\/it\/wp-json\/wp\/v2\/media?parent=162"}],"curies":[{"name":"wp","href":"https:\/\/api.w.org\/{rel}","templated":true}]}}