{"id":170,"date":"2015-10-16T10:40:55","date_gmt":"2015-10-16T08:40:55","guid":{"rendered":"https:\/\/pfeiss.info\/it\/?page_id=170"},"modified":"2020-04-25T18:43:13","modified_gmt":"2020-04-25T16:43:13","slug":"pizza-hotel-alto-adige","status":"publish","type":"page","link":"https:\/\/pfeiss.com\/it\/hotel-benessere-a-merano\/hotel-per-buongustai\/pizza-hotel-alto-adige\/","title":{"rendered":"Pizza e serata della pizza"},"content":{"rendered":"<p style=\"text-align: justify;\">All\u2019Pfeiss &#8211; Hotel Alto Adige, la <strong>cultura della pizza \u00e8 molto importante<\/strong>. Probabilmente \u00e8 uno dei piatti italiani pi\u00f9 conosciuto. \u00c8 <strong>Tanto semplice quanto raffinato!<\/strong> Perch\u00e9 sono pochi i piatti in cui \u00e8 possibile gustare la qualit\u00e0 dei singoli ingredienti in modo cos\u00ec intenso. Inoltre, la ricetta dettagliata dell\u2019impasto per s\u00e9, \u00e8 un segreto ben custodito dalla maggior parte dei pizzaioli.<\/p>\n<p style=\"text-align: justify;\"><a href=\"https:\/\/pfeiss.com\/wp-content\/uploads\/2015\/08\/kl.-IMG_7918.jpg\"><img decoding=\"async\" class=\"aligncenter wp-image-2867 size-Content-Bild\" src=\"https:\/\/pfeiss.com\/wp-content\/uploads\/2015\/08\/kl.-IMG_7918-600x400.jpg\" alt=\"Pizza Hotel Alto Adige\" width=\"600\" height=\"400\" srcset=\"https:\/\/pfeiss.com\/wp-content\/uploads\/2015\/08\/kl.-IMG_7918-600x400.jpg 600w, https:\/\/pfeiss.com\/wp-content\/uploads\/2015\/08\/kl.-IMG_7918-800x534.jpg 800w, https:\/\/pfeiss.com\/wp-content\/uploads\/2015\/08\/kl.-IMG_7918-240x160.jpg 240w, https:\/\/pfeiss.com\/wp-content\/uploads\/2015\/08\/kl.-IMG_7918-380x253.jpg 380w, https:\/\/pfeiss.com\/wp-content\/uploads\/2015\/08\/kl.-IMG_7918.jpg 1000w\" sizes=\"(max-width: 600px) 100vw, 600px\" \/><\/a><\/p>\n<p style=\"text-align: justify;\">Nel nostro Pfeiss, hotel Alto Adige, potrete partecipare settimanalmente alla <strong>Degistazione della pizza<\/strong>. Qui si hanno la possibilit\u00e0 di conoscere nuove creazioni a parte i classici. Lasciatevi sorprendere! Dateci la possibilit\u00e0 di farvi conoscere le numerose varianti di pizze. Spesso e volentieri si ordina uno dei classici come la prosciutto funghi non arrivando neanche ad assaggiare delle creazioni alternative ad esempio con porri, finferli freschi e rosmarino.<\/p>\n<h3>La pizza come specialit\u00e0 nel Pfeiss, 4 stelle Hotel Alto Adige<\/h3>\n<p style=\"text-align: justify;\">Con i prodotti di stagione e locali, le menti creative riescono a evocare pi\u00f9 volte e<strong>sperienze di gusto uniche e nuove<\/strong>. Nell\u2019Hotel Alto Adige a 4 stelle diamo particolarmente importanza anche alle <strong>specialit\u00e0 stagionali<\/strong>. Alle degustazioni, siamo felici di viziare ognuno dei nostri ospiti con creazioni innovative ed emozionanti da degustare in un\u2019<a href=\"https:\/\/pfeiss.com\/it\/hotel-benessere-a-merano\/hotel-in-alto-adige\/vacanze-in-montagna\/\">atmosfera socievole<\/a>.<\/p>\n<h2>Il piatto nazionale italiano all&#8217;Hotel Alto Adige<\/h2>\n<p>Questo delizioso piatto \u00e8 conosciuto in Italia dalla met\u00e0 del XVIII secolo. Rapidamente, la pizza si \u00e8 poi diffusa in tutta Italia. Nel frattempo, questo delizioso piatto \u00e8 diffuso e popolare in tutto il mondo. La denominazione della pizza non \u00e8 stata definitivamente chiarita. L\u2019origine del nome della Margherita, la classica pi\u00f9 famosa, invece s\u00ec. La storia racconta che l\u201911 giugno del 1889 il pizzaiolo Raffaele Esposito di Napoli, serv\u00ec la pizza al re Umberto I e a sua moglie Margherita. Decorandola patriotticamente con i colori della bandiera italiana (verde, bianco e rosso) con basilico, mozzarella e salsa di pomodoro, le ha dato il nome della regina. Ancora oggi, la pizza Margherita \u00e8 molto popolare e fa da base per la maggior parte delle altre pizze.<\/p>\n","protected":false},"excerpt":{"rendered":"<p>All\u2019Pfeiss &#8211; Hotel Alto Adige, la cultura della pizza \u00e8 molto importante. Probabilmente \u00e8 uno dei piatti italiani pi\u00f9 conosciuto. \u00c8 Tanto semplice quanto raffinato! Perch\u00e9 sono pochi i piatti in cui \u00e8 possibile gustare la qualit\u00e0 dei singoli ingredienti in modo cos\u00ec intenso. Inoltre, la ricetta dettagliata dell\u2019impasto per s\u00e9, \u00e8 un segreto ben [&hellip;]<\/p>\n","protected":false},"author":1,"featured_media":0,"parent":735,"menu_order":2,"comment_status":"closed","ping_status":"closed","template":"","meta":{"_acf_changed":false,"footnotes":""},"class_list":["post-170","page","type-page","status-publish","hentry"],"acf":[],"yoast_head":"<!-- This site is optimized with the Yoast SEO plugin v27.3 - https:\/\/yoast.com\/product\/yoast-seo-wordpress\/ -->\n<title>Assistite alle nostre squisite degustazioni di pizza all&#039;Hotel Alto Adige<\/title>\n<meta name=\"description\" content=\"Degustate la pizza fatta in forno originale a legna \u2192 una volta alla settimana offriamo degustazioni di pizza nel nostro Hotel Alto Adige!\" \/>\n<meta name=\"robots\" content=\"index, follow, max-snippet:-1, max-image-preview:large, max-video-preview:-1\" \/>\n<link rel=\"canonical\" href=\"https:\/\/pfeiss.com\/it\/hotel-benessere-a-merano\/hotel-per-buongustai\/pizza-hotel-alto-adige\/\" \/>\n<meta property=\"og:locale\" content=\"it_IT\" \/>\n<meta property=\"og:type\" content=\"article\" \/>\n<meta property=\"og:title\" content=\"Assistite alle nostre squisite degustazioni di pizza all&#039;Hotel Alto Adige\" \/>\n<meta property=\"og:description\" content=\"Degustate la pizza fatta in forno originale a legna \u2192 una volta alla settimana offriamo degustazioni di pizza nel nostro Hotel Alto Adige!\" \/>\n<meta property=\"og:url\" content=\"https:\/\/pfeiss.com\/it\/hotel-benessere-a-merano\/hotel-per-buongustai\/pizza-hotel-alto-adige\/\" \/>\n<meta property=\"og:site_name\" content=\"Hotel Pfeiss presso Merano\" \/>\n<meta property=\"article:publisher\" content=\"https:\/\/www.facebook.com\/Genusshotel.Pfeiss\/?ref=settings\" \/>\n<meta property=\"article:modified_time\" content=\"2020-04-25T16:43:13+00:00\" \/>\n<meta property=\"og:image\" content=\"https:\/\/pfeiss.com\/wp-content\/uploads\/2015\/08\/kl.-IMG_7918-600x400.jpg\" \/>\n<meta name=\"twitter:card\" content=\"summary_large_image\" \/>\n<meta name=\"twitter:label1\" content=\"Tempo di lettura stimato\" \/>\n\t<meta name=\"twitter:data1\" content=\"2 minuti\" \/>\n<script type=\"application\/ld+json\" class=\"yoast-schema-graph\">{\"@context\":\"https:\\\/\\\/schema.org\",\"@graph\":[{\"@type\":\"WebPage\",\"@id\":\"https:\\\/\\\/pfeiss.com\\\/it\\\/hotel-benessere-a-merano\\\/hotel-per-buongustai\\\/pizza-hotel-alto-adige\\\/\",\"url\":\"https:\\\/\\\/pfeiss.com\\\/it\\\/hotel-benessere-a-merano\\\/hotel-per-buongustai\\\/pizza-hotel-alto-adige\\\/\",\"name\":\"Assistite alle nostre squisite degustazioni di pizza all'Hotel Alto Adige\",\"isPartOf\":{\"@id\":\"https:\\\/\\\/pfeiss.com\\\/en\\\/#website\"},\"primaryImageOfPage\":{\"@id\":\"https:\\\/\\\/pfeiss.com\\\/it\\\/hotel-benessere-a-merano\\\/hotel-per-buongustai\\\/pizza-hotel-alto-adige\\\/#primaryimage\"},\"image\":{\"@id\":\"https:\\\/\\\/pfeiss.com\\\/it\\\/hotel-benessere-a-merano\\\/hotel-per-buongustai\\\/pizza-hotel-alto-adige\\\/#primaryimage\"},\"thumbnailUrl\":\"https:\\\/\\\/pfeiss.com\\\/wp-content\\\/uploads\\\/2015\\\/08\\\/kl.-IMG_7918-600x400.jpg\",\"datePublished\":\"2015-10-16T08:40:55+00:00\",\"dateModified\":\"2020-04-25T16:43:13+00:00\",\"description\":\"Degustate la pizza fatta in forno originale a legna \u2192 una volta alla settimana offriamo degustazioni di pizza nel nostro Hotel Alto Adige!\",\"breadcrumb\":{\"@id\":\"https:\\\/\\\/pfeiss.com\\\/it\\\/hotel-benessere-a-merano\\\/hotel-per-buongustai\\\/pizza-hotel-alto-adige\\\/#breadcrumb\"},\"inLanguage\":\"it-IT\",\"potentialAction\":[{\"@type\":\"ReadAction\",\"target\":[\"https:\\\/\\\/pfeiss.com\\\/it\\\/hotel-benessere-a-merano\\\/hotel-per-buongustai\\\/pizza-hotel-alto-adige\\\/\"]}]},{\"@type\":\"ImageObject\",\"inLanguage\":\"it-IT\",\"@id\":\"https:\\\/\\\/pfeiss.com\\\/it\\\/hotel-benessere-a-merano\\\/hotel-per-buongustai\\\/pizza-hotel-alto-adige\\\/#primaryimage\",\"url\":\"https:\\\/\\\/pfeiss.com\\\/wp-content\\\/uploads\\\/2015\\\/08\\\/kl.-IMG_7918-600x400.jpg\",\"contentUrl\":\"https:\\\/\\\/pfeiss.com\\\/wp-content\\\/uploads\\\/2015\\\/08\\\/kl.-IMG_7918-600x400.jpg\"},{\"@type\":\"BreadcrumbList\",\"@id\":\"https:\\\/\\\/pfeiss.com\\\/it\\\/hotel-benessere-a-merano\\\/hotel-per-buongustai\\\/pizza-hotel-alto-adige\\\/#breadcrumb\",\"itemListElement\":[{\"@type\":\"ListItem\",\"position\":1,\"name\":\"Home\",\"item\":\"https:\\\/\\\/pfeiss.com\\\/it\\\/\"},{\"@type\":\"ListItem\",\"position\":2,\"name\":\"L&#8217; Hotel vicino a Merano all\u2019insegna del gusto &#8211; il Pfeiss a Lana\",\"item\":\"https:\\\/\\\/pfeiss.com\\\/it\\\/\"},{\"@type\":\"ListItem\",\"position\":3,\"name\":\"L&#8217; Hotel per buongustai &#8211; il meglio dal mediterraneo e alpino\",\"item\":\"https:\\\/\\\/pfeiss.com\\\/it\\\/hotel-benessere-a-merano\\\/hotel-per-buongustai\\\/\"},{\"@type\":\"ListItem\",\"position\":4,\"name\":\"Pizza e serata della pizza\"}]},{\"@type\":\"WebSite\",\"@id\":\"https:\\\/\\\/pfeiss.com\\\/en\\\/#website\",\"url\":\"https:\\\/\\\/pfeiss.com\\\/en\\\/\",\"name\":\"Hotel Pfeiss presso Merano\",\"description\":\"\",\"potentialAction\":[{\"@type\":\"SearchAction\",\"target\":{\"@type\":\"EntryPoint\",\"urlTemplate\":\"https:\\\/\\\/pfeiss.com\\\/en\\\/?s={search_term_string}\"},\"query-input\":{\"@type\":\"PropertyValueSpecification\",\"valueRequired\":true,\"valueName\":\"search_term_string\"}}],\"inLanguage\":\"it-IT\"}]}<\/script>\n<!-- \/ Yoast SEO plugin. -->","yoast_head_json":{"title":"Assistite alle nostre squisite degustazioni di pizza all'Hotel Alto Adige","description":"Degustate la pizza fatta in forno originale a legna \u2192 una volta alla settimana offriamo degustazioni di pizza nel nostro Hotel Alto Adige!","robots":{"index":"index","follow":"follow","max-snippet":"max-snippet:-1","max-image-preview":"max-image-preview:large","max-video-preview":"max-video-preview:-1"},"canonical":"https:\/\/pfeiss.com\/it\/hotel-benessere-a-merano\/hotel-per-buongustai\/pizza-hotel-alto-adige\/","og_locale":"it_IT","og_type":"article","og_title":"Assistite alle nostre squisite degustazioni di pizza all'Hotel Alto Adige","og_description":"Degustate la pizza fatta in forno originale a legna \u2192 una volta alla settimana offriamo degustazioni di pizza nel nostro Hotel Alto Adige!","og_url":"https:\/\/pfeiss.com\/it\/hotel-benessere-a-merano\/hotel-per-buongustai\/pizza-hotel-alto-adige\/","og_site_name":"Hotel Pfeiss presso Merano","article_publisher":"https:\/\/www.facebook.com\/Genusshotel.Pfeiss\/?ref=settings","article_modified_time":"2020-04-25T16:43:13+00:00","og_image":[{"url":"https:\/\/pfeiss.com\/wp-content\/uploads\/2015\/08\/kl.-IMG_7918-600x400.jpg","type":"","width":"","height":""}],"twitter_card":"summary_large_image","twitter_misc":{"Tempo di lettura stimato":"2 minuti"},"schema":{"@context":"https:\/\/schema.org","@graph":[{"@type":"WebPage","@id":"https:\/\/pfeiss.com\/it\/hotel-benessere-a-merano\/hotel-per-buongustai\/pizza-hotel-alto-adige\/","url":"https:\/\/pfeiss.com\/it\/hotel-benessere-a-merano\/hotel-per-buongustai\/pizza-hotel-alto-adige\/","name":"Assistite alle nostre squisite degustazioni di pizza all'Hotel Alto Adige","isPartOf":{"@id":"https:\/\/pfeiss.com\/en\/#website"},"primaryImageOfPage":{"@id":"https:\/\/pfeiss.com\/it\/hotel-benessere-a-merano\/hotel-per-buongustai\/pizza-hotel-alto-adige\/#primaryimage"},"image":{"@id":"https:\/\/pfeiss.com\/it\/hotel-benessere-a-merano\/hotel-per-buongustai\/pizza-hotel-alto-adige\/#primaryimage"},"thumbnailUrl":"https:\/\/pfeiss.com\/wp-content\/uploads\/2015\/08\/kl.-IMG_7918-600x400.jpg","datePublished":"2015-10-16T08:40:55+00:00","dateModified":"2020-04-25T16:43:13+00:00","description":"Degustate la pizza fatta in forno originale a legna \u2192 una volta alla settimana offriamo degustazioni di pizza nel nostro Hotel Alto Adige!","breadcrumb":{"@id":"https:\/\/pfeiss.com\/it\/hotel-benessere-a-merano\/hotel-per-buongustai\/pizza-hotel-alto-adige\/#breadcrumb"},"inLanguage":"it-IT","potentialAction":[{"@type":"ReadAction","target":["https:\/\/pfeiss.com\/it\/hotel-benessere-a-merano\/hotel-per-buongustai\/pizza-hotel-alto-adige\/"]}]},{"@type":"ImageObject","inLanguage":"it-IT","@id":"https:\/\/pfeiss.com\/it\/hotel-benessere-a-merano\/hotel-per-buongustai\/pizza-hotel-alto-adige\/#primaryimage","url":"https:\/\/pfeiss.com\/wp-content\/uploads\/2015\/08\/kl.-IMG_7918-600x400.jpg","contentUrl":"https:\/\/pfeiss.com\/wp-content\/uploads\/2015\/08\/kl.-IMG_7918-600x400.jpg"},{"@type":"BreadcrumbList","@id":"https:\/\/pfeiss.com\/it\/hotel-benessere-a-merano\/hotel-per-buongustai\/pizza-hotel-alto-adige\/#breadcrumb","itemListElement":[{"@type":"ListItem","position":1,"name":"Home","item":"https:\/\/pfeiss.com\/it\/"},{"@type":"ListItem","position":2,"name":"L&#8217; Hotel vicino a Merano all\u2019insegna del gusto &#8211; il Pfeiss a Lana","item":"https:\/\/pfeiss.com\/it\/"},{"@type":"ListItem","position":3,"name":"L&#8217; Hotel per buongustai &#8211; il meglio dal mediterraneo e alpino","item":"https:\/\/pfeiss.com\/it\/hotel-benessere-a-merano\/hotel-per-buongustai\/"},{"@type":"ListItem","position":4,"name":"Pizza e serata della pizza"}]},{"@type":"WebSite","@id":"https:\/\/pfeiss.com\/en\/#website","url":"https:\/\/pfeiss.com\/en\/","name":"Hotel Pfeiss presso Merano","description":"","potentialAction":[{"@type":"SearchAction","target":{"@type":"EntryPoint","urlTemplate":"https:\/\/pfeiss.com\/en\/?s={search_term_string}"},"query-input":{"@type":"PropertyValueSpecification","valueRequired":true,"valueName":"search_term_string"}}],"inLanguage":"it-IT"}]}},"_links":{"self":[{"href":"https:\/\/pfeiss.com\/it\/wp-json\/wp\/v2\/pages\/170","targetHints":{"allow":["GET"]}}],"collection":[{"href":"https:\/\/pfeiss.com\/it\/wp-json\/wp\/v2\/pages"}],"about":[{"href":"https:\/\/pfeiss.com\/it\/wp-json\/wp\/v2\/types\/page"}],"author":[{"embeddable":true,"href":"https:\/\/pfeiss.com\/it\/wp-json\/wp\/v2\/users\/1"}],"replies":[{"embeddable":true,"href":"https:\/\/pfeiss.com\/it\/wp-json\/wp\/v2\/comments?post=170"}],"version-history":[{"count":0,"href":"https:\/\/pfeiss.com\/it\/wp-json\/wp\/v2\/pages\/170\/revisions"}],"up":[{"embeddable":true,"href":"https:\/\/pfeiss.com\/it\/wp-json\/wp\/v2\/pages\/735"}],"wp:attachment":[{"href":"https:\/\/pfeiss.com\/it\/wp-json\/wp\/v2\/media?parent=170"}],"curies":[{"name":"wp","href":"https:\/\/api.w.org\/{rel}","templated":true}]}}