{"id":172,"date":"2015-10-16T11:04:36","date_gmt":"2015-10-16T09:04:36","guid":{"rendered":"https:\/\/pfeiss.info\/it\/?page_id=172"},"modified":"2021-08-27T15:50:14","modified_gmt":"2021-08-27T13:50:14","slug":"mountainbike","status":"publish","type":"page","link":"https:\/\/pfeiss.com\/it\/hotel-benessere-a-merano\/vacanze-attive\/mountainbike\/","title":{"rendered":"Tour in bici a Lana"},"content":{"rendered":"<p style=\"text-align: justify;\"><img decoding=\"async\" class=\"wp-image-899 size-Content-Bild alignright\" src=\"https:\/\/pfeiss.com\/wp-content\/uploads\/2015\/08\/Lana3-600x400.jpeg\" alt=\"Biken in S\u00fcdtirol - Rundfahrt durch Lana bei Meran - vom Hotel Pfeiss\" width=\"600\" height=\"400\" srcset=\"https:\/\/pfeiss.com\/wp-content\/uploads\/2015\/08\/Lana3-600x400.jpeg 600w, https:\/\/pfeiss.com\/wp-content\/uploads\/2015\/08\/Lana3-800x534.jpeg 800w, https:\/\/pfeiss.com\/wp-content\/uploads\/2015\/08\/Lana3-1024x683.jpeg 1024w, https:\/\/pfeiss.com\/wp-content\/uploads\/2015\/08\/Lana3-768x512.jpeg 768w, https:\/\/pfeiss.com\/wp-content\/uploads\/2015\/08\/Lana3-1536x1024.jpeg 1536w, https:\/\/pfeiss.com\/wp-content\/uploads\/2015\/08\/Lana3-240x160.jpeg 240w, https:\/\/pfeiss.com\/wp-content\/uploads\/2015\/08\/Lana3-380x253.jpeg 380w, https:\/\/pfeiss.com\/wp-content\/uploads\/2015\/08\/Lana3.jpeg 1600w\" sizes=\"(max-width: 600px) 100vw, 600px\" \/>Il ciclismo e mountainbike in Alto Adige \u00e8 pi\u00f9 versatile di quanto ci si possa aspettare ed \u00e8 un&#8217;esperienza indimenticabile. Non sempre devono essere intrapresi tour lungo i Mountain Bike Trails alpini. In quanto, soprattutto nei dintorni di Merano ci sono numerose possibilit\u00e0 di percorsi ciclabili per professionisti ma anche per principianti. Sono numerose le piste ciclabili lontane dal traffico stradale che attraversano la valle lungo il torrente Valsura oppure che portano nella Val Passiria fino a San Leonardo. Ideale anche la <strong>ciclabile che conduce da Merano verso Bolzano<\/strong> oppure la cosiddetta &#8220;Strada del Vino&#8221; attraverso i frutteti della Valle d&#8217;Adige. Inoltre ci sono <strong>percorsi per la bici da corsa<\/strong> cos\u00ec come per la mountainbike.<\/p>\n<h2>Ciclismo e Mountainbike in Alto Adige<\/h2>\n<p>&nbsp;<\/p>\n<p style=\"text-align: justify;\"><img decoding=\"async\" class=\"alignleft wp-image-1285 size-Content-Bild\" src=\"https:\/\/pfeiss.com\/wp-content\/uploads\/2015\/08\/2013-06-04-10.16.38-600x450.jpg\" alt=\"mountainbike in Alto Adige\" width=\"600\" height=\"450\" srcset=\"https:\/\/pfeiss.com\/wp-content\/uploads\/2015\/08\/2013-06-04-10.16.38-600x450.jpg 600w, https:\/\/pfeiss.com\/wp-content\/uploads\/2015\/08\/2013-06-04-10.16.38-800x600.jpg 800w, https:\/\/pfeiss.com\/wp-content\/uploads\/2015\/08\/2013-06-04-10.16.38-1024x768.jpg 1024w, https:\/\/pfeiss.com\/wp-content\/uploads\/2015\/08\/2013-06-04-10.16.38-240x180.jpg 240w, https:\/\/pfeiss.com\/wp-content\/uploads\/2015\/08\/2013-06-04-10.16.38-380x285.jpg 380w\" sizes=\"(max-width: 600px) 100vw, 600px\" \/><\/p>\n<p style=\"text-align: justify;\"><strong>Pedalare rilassati<\/strong> lungo l&#8217;Alto Adige e visitare numerosi musei e mostre \u00e8 un vero piacere. Tra i molti luoghi di interesse citiamo il <strong>Giardino Labirinto Kr\u00e4nzelhof<\/strong> a Cermes e il Museo degli orologi da campanile a Lana. Con il concetto <strong>Bike &amp; Treno<\/strong> non ci sono pi\u00f9 problemi legati alla mobilit\u00e0 senza auto. Cogliete la possibilit\u00e0 ed utilizzate i mezzi pubblici altoaesini anche con la bicicletta, sia per raggiungere la meta di partenza oppure per fare ritorno all&#8217;Hotel Pfeiss 4 Stelle a Lana.<\/p>\n<p style=\"text-align: justify;\">Godetevi i fantastici percorsi ciclabili dell&#8217;Alto Adige con la bici, un mezzo di spostamento moderno ed <strong>ecologico al 100%<\/strong>. I <strong>percorsi per E-bike pi\u00f9 belli<\/strong> si raggiungono partendo da Lana e dirigendosi verso le valli circostanti: in Val Venosta in direzione passo Resia, attraverso la Val d&#8217;Adige in direzione Bolzano, per poi proseguire verso il lago di Caldaro, oppure lungo il fiume Passirio per giungere a San Leonardo di Passiria in Val Passiria.<\/p>\n<p style=\"text-align: justify;\">Anche le mountain bikes con motore elettrico sono sempre pi\u00f9 in voga. Con una mountain E-Bike si ha la possibilit\u00e0 di intraprendere dei mountain bike tour mozzafiato in Alto Adige.<\/p>\n<p><strong>Un nostro consiglio:<\/strong> un tour in mountain bike sul Monte San Vigilio, la montagna che domina Lana dall&#8217;alto. Presso l&#8217;Hotel Pfeiss avete la possibilit\u00e0 di <strong>noleggiare una mountain bike<\/strong> a pedalata assistita.<\/p>\n<h3 style=\"text-align: justify;\"><strong>Offriamo a tutti gli amici del ciclismo e mountainbike:<br \/>\n<\/strong><\/h3>\n<ul style=\"text-align: justify;\">\n<li>noleggio gratuito di biciclette<\/li>\n<li>garage per biciclette portate dagli ospiti<\/li>\n<li>consulenza individuale per Tour in bici<\/li>\n<li>noleggio E-Bikes<\/li>\n<li>Highlight <strong>Mountain E-Bikes<\/strong><\/li>\n<\/ul>\n<p style=\"text-align: justify;\"><strong>Un nostro consiglio:<\/strong> un particolare highlight del ciclismo in Alto Adige \u00e8 il percorso che da Passo Resia conduce a Merano. Gli appassionati della bici possono raggiungere tranquillamente Malles con il treno. E da qui pedalare in tutta tranquillit\u00e0 fino a Merano lungo l&#8217;antica <a href=\"https:\/\/www.merano-suedtirol.it\/it\/da-scoprire\/temi-di-viaggio\/vacanze-in-montagna\/bici\/6494541-etschradweg-via-claudia-augusta-etappe-rabland-reschensee.html\">Via Claudia Augusta<\/a>. Nonostante la bellezza del paesaggio e la bella esperienza non bisogna mai sottovalutare il percorso in bici. Godersi la vacanza e nello stesso momento tenersi in forma \u00e8 il motto.<\/p>\n","protected":false},"excerpt":{"rendered":"<p>Il ciclismo e mountainbike in Alto Adige \u00e8 pi\u00f9 versatile di quanto ci si possa aspettare ed \u00e8 un&#8217;esperienza indimenticabile. Non sempre devono essere intrapresi tour lungo i Mountain Bike Trails alpini. In quanto, soprattutto nei dintorni di Merano ci sono numerose possibilit\u00e0 di percorsi ciclabili per professionisti ma anche per principianti. Sono numerose le [&hellip;]<\/p>\n","protected":false},"author":1,"featured_media":0,"parent":371,"menu_order":2,"comment_status":"closed","ping_status":"closed","template":"","meta":{"_acf_changed":false,"footnotes":""},"class_list":["post-172","page","type-page","status-publish","hentry"],"acf":[],"yoast_head":"<!-- This site is optimized with the Yoast SEO plugin v27.3 - https:\/\/yoast.com\/product\/yoast-seo-wordpress\/ -->\n<title>Mountainbike e ciclismo nella natura dell Alto Adige! \u2022 Hotel Pfeiss<\/title>\n<meta name=\"description\" content=\"Lana \u00e8 un vero paradiso per gli appassionati di bici e mountainbike. \u2192 Potete pedalare alla scoperta dei paesaggi di Merano e dintorni! | Prenoa ora!\" \/>\n<meta name=\"robots\" content=\"index, follow, max-snippet:-1, max-image-preview:large, max-video-preview:-1\" \/>\n<link rel=\"canonical\" href=\"https:\/\/pfeiss.com\/it\/hotel-benessere-a-merano\/vacanze-attive\/mountainbike\/\" \/>\n<meta property=\"og:locale\" content=\"it_IT\" \/>\n<meta property=\"og:type\" content=\"article\" \/>\n<meta property=\"og:title\" content=\"Mountainbike e ciclismo nella natura dell Alto Adige! \u2022 Hotel Pfeiss\" \/>\n<meta property=\"og:description\" content=\"Lana \u00e8 un vero paradiso per gli appassionati di bici e mountainbike. \u2192 Potete pedalare alla scoperta dei paesaggi di Merano e dintorni! | Prenoa ora!\" \/>\n<meta property=\"og:url\" content=\"https:\/\/pfeiss.com\/it\/hotel-benessere-a-merano\/vacanze-attive\/mountainbike\/\" \/>\n<meta property=\"og:site_name\" content=\"Hotel Pfeiss presso Merano\" \/>\n<meta property=\"article:publisher\" content=\"https:\/\/www.facebook.com\/Genusshotel.Pfeiss\/?ref=settings\" \/>\n<meta property=\"article:modified_time\" content=\"2021-08-27T13:50:14+00:00\" \/>\n<meta property=\"og:image\" content=\"https:\/\/pfeiss.com\/wp-content\/uploads\/2015\/08\/Lana3-600x400.jpeg\" \/>\n<meta name=\"twitter:card\" content=\"summary_large_image\" \/>\n<meta name=\"twitter:label1\" content=\"Tempo di lettura stimato\" \/>\n\t<meta name=\"twitter:data1\" content=\"3 minuti\" \/>\n<script type=\"application\/ld+json\" class=\"yoast-schema-graph\">{\"@context\":\"https:\\\/\\\/schema.org\",\"@graph\":[{\"@type\":\"WebPage\",\"@id\":\"https:\\\/\\\/pfeiss.com\\\/it\\\/hotel-benessere-a-merano\\\/vacanze-attive\\\/mountainbike\\\/\",\"url\":\"https:\\\/\\\/pfeiss.com\\\/it\\\/hotel-benessere-a-merano\\\/vacanze-attive\\\/mountainbike\\\/\",\"name\":\"Mountainbike e ciclismo nella natura dell Alto Adige! \u2022 Hotel Pfeiss\",\"isPartOf\":{\"@id\":\"https:\\\/\\\/pfeiss.com\\\/en\\\/#website\"},\"primaryImageOfPage\":{\"@id\":\"https:\\\/\\\/pfeiss.com\\\/it\\\/hotel-benessere-a-merano\\\/vacanze-attive\\\/mountainbike\\\/#primaryimage\"},\"image\":{\"@id\":\"https:\\\/\\\/pfeiss.com\\\/it\\\/hotel-benessere-a-merano\\\/vacanze-attive\\\/mountainbike\\\/#primaryimage\"},\"thumbnailUrl\":\"https:\\\/\\\/pfeiss.com\\\/wp-content\\\/uploads\\\/2015\\\/08\\\/Lana3-600x400.jpeg\",\"datePublished\":\"2015-10-16T09:04:36+00:00\",\"dateModified\":\"2021-08-27T13:50:14+00:00\",\"description\":\"Lana \u00e8 un vero paradiso per gli appassionati di bici e mountainbike. \u2192 Potete pedalare alla scoperta dei paesaggi di Merano e dintorni! | Prenoa ora!\",\"breadcrumb\":{\"@id\":\"https:\\\/\\\/pfeiss.com\\\/it\\\/hotel-benessere-a-merano\\\/vacanze-attive\\\/mountainbike\\\/#breadcrumb\"},\"inLanguage\":\"it-IT\",\"potentialAction\":[{\"@type\":\"ReadAction\",\"target\":[\"https:\\\/\\\/pfeiss.com\\\/it\\\/hotel-benessere-a-merano\\\/vacanze-attive\\\/mountainbike\\\/\"]}]},{\"@type\":\"ImageObject\",\"inLanguage\":\"it-IT\",\"@id\":\"https:\\\/\\\/pfeiss.com\\\/it\\\/hotel-benessere-a-merano\\\/vacanze-attive\\\/mountainbike\\\/#primaryimage\",\"url\":\"https:\\\/\\\/pfeiss.com\\\/wp-content\\\/uploads\\\/2015\\\/08\\\/Lana3-600x400.jpeg\",\"contentUrl\":\"https:\\\/\\\/pfeiss.com\\\/wp-content\\\/uploads\\\/2015\\\/08\\\/Lana3-600x400.jpeg\"},{\"@type\":\"BreadcrumbList\",\"@id\":\"https:\\\/\\\/pfeiss.com\\\/it\\\/hotel-benessere-a-merano\\\/vacanze-attive\\\/mountainbike\\\/#breadcrumb\",\"itemListElement\":[{\"@type\":\"ListItem\",\"position\":1,\"name\":\"Home\",\"item\":\"https:\\\/\\\/pfeiss.com\\\/it\\\/\"},{\"@type\":\"ListItem\",\"position\":2,\"name\":\"L&#8217; Hotel vicino a Merano all\u2019insegna del gusto &#8211; il Pfeiss a Lana\",\"item\":\"https:\\\/\\\/pfeiss.com\\\/it\\\/\"},{\"@type\":\"ListItem\",\"position\":3,\"name\":\"Attivit\u00e0 a Lana\",\"item\":\"https:\\\/\\\/pfeiss.com\\\/it\\\/hotel-benessere-a-merano\\\/vacanze-attive\\\/\"},{\"@type\":\"ListItem\",\"position\":4,\"name\":\"Tour in bici a Lana\"}]},{\"@type\":\"WebSite\",\"@id\":\"https:\\\/\\\/pfeiss.com\\\/en\\\/#website\",\"url\":\"https:\\\/\\\/pfeiss.com\\\/en\\\/\",\"name\":\"Hotel Pfeiss presso Merano\",\"description\":\"\",\"potentialAction\":[{\"@type\":\"SearchAction\",\"target\":{\"@type\":\"EntryPoint\",\"urlTemplate\":\"https:\\\/\\\/pfeiss.com\\\/en\\\/?s={search_term_string}\"},\"query-input\":{\"@type\":\"PropertyValueSpecification\",\"valueRequired\":true,\"valueName\":\"search_term_string\"}}],\"inLanguage\":\"it-IT\"}]}<\/script>\n<!-- \/ Yoast SEO plugin. -->","yoast_head_json":{"title":"Mountainbike e ciclismo nella natura dell Alto Adige! \u2022 Hotel Pfeiss","description":"Lana \u00e8 un vero paradiso per gli appassionati di bici e mountainbike. \u2192 Potete pedalare alla scoperta dei paesaggi di Merano e dintorni! | Prenoa ora!","robots":{"index":"index","follow":"follow","max-snippet":"max-snippet:-1","max-image-preview":"max-image-preview:large","max-video-preview":"max-video-preview:-1"},"canonical":"https:\/\/pfeiss.com\/it\/hotel-benessere-a-merano\/vacanze-attive\/mountainbike\/","og_locale":"it_IT","og_type":"article","og_title":"Mountainbike e ciclismo nella natura dell Alto Adige! \u2022 Hotel Pfeiss","og_description":"Lana \u00e8 un vero paradiso per gli appassionati di bici e mountainbike. \u2192 Potete pedalare alla scoperta dei paesaggi di Merano e dintorni! | Prenoa ora!","og_url":"https:\/\/pfeiss.com\/it\/hotel-benessere-a-merano\/vacanze-attive\/mountainbike\/","og_site_name":"Hotel Pfeiss presso Merano","article_publisher":"https:\/\/www.facebook.com\/Genusshotel.Pfeiss\/?ref=settings","article_modified_time":"2021-08-27T13:50:14+00:00","og_image":[{"url":"https:\/\/pfeiss.com\/wp-content\/uploads\/2015\/08\/Lana3-600x400.jpeg","type":"","width":"","height":""}],"twitter_card":"summary_large_image","twitter_misc":{"Tempo di lettura stimato":"3 minuti"},"schema":{"@context":"https:\/\/schema.org","@graph":[{"@type":"WebPage","@id":"https:\/\/pfeiss.com\/it\/hotel-benessere-a-merano\/vacanze-attive\/mountainbike\/","url":"https:\/\/pfeiss.com\/it\/hotel-benessere-a-merano\/vacanze-attive\/mountainbike\/","name":"Mountainbike e ciclismo nella natura dell Alto Adige! \u2022 Hotel Pfeiss","isPartOf":{"@id":"https:\/\/pfeiss.com\/en\/#website"},"primaryImageOfPage":{"@id":"https:\/\/pfeiss.com\/it\/hotel-benessere-a-merano\/vacanze-attive\/mountainbike\/#primaryimage"},"image":{"@id":"https:\/\/pfeiss.com\/it\/hotel-benessere-a-merano\/vacanze-attive\/mountainbike\/#primaryimage"},"thumbnailUrl":"https:\/\/pfeiss.com\/wp-content\/uploads\/2015\/08\/Lana3-600x400.jpeg","datePublished":"2015-10-16T09:04:36+00:00","dateModified":"2021-08-27T13:50:14+00:00","description":"Lana \u00e8 un vero paradiso per gli appassionati di bici e mountainbike. \u2192 Potete pedalare alla scoperta dei paesaggi di Merano e dintorni! | Prenoa ora!","breadcrumb":{"@id":"https:\/\/pfeiss.com\/it\/hotel-benessere-a-merano\/vacanze-attive\/mountainbike\/#breadcrumb"},"inLanguage":"it-IT","potentialAction":[{"@type":"ReadAction","target":["https:\/\/pfeiss.com\/it\/hotel-benessere-a-merano\/vacanze-attive\/mountainbike\/"]}]},{"@type":"ImageObject","inLanguage":"it-IT","@id":"https:\/\/pfeiss.com\/it\/hotel-benessere-a-merano\/vacanze-attive\/mountainbike\/#primaryimage","url":"https:\/\/pfeiss.com\/wp-content\/uploads\/2015\/08\/Lana3-600x400.jpeg","contentUrl":"https:\/\/pfeiss.com\/wp-content\/uploads\/2015\/08\/Lana3-600x400.jpeg"},{"@type":"BreadcrumbList","@id":"https:\/\/pfeiss.com\/it\/hotel-benessere-a-merano\/vacanze-attive\/mountainbike\/#breadcrumb","itemListElement":[{"@type":"ListItem","position":1,"name":"Home","item":"https:\/\/pfeiss.com\/it\/"},{"@type":"ListItem","position":2,"name":"L&#8217; Hotel vicino a Merano all\u2019insegna del gusto &#8211; il Pfeiss a Lana","item":"https:\/\/pfeiss.com\/it\/"},{"@type":"ListItem","position":3,"name":"Attivit\u00e0 a Lana","item":"https:\/\/pfeiss.com\/it\/hotel-benessere-a-merano\/vacanze-attive\/"},{"@type":"ListItem","position":4,"name":"Tour in bici a Lana"}]},{"@type":"WebSite","@id":"https:\/\/pfeiss.com\/en\/#website","url":"https:\/\/pfeiss.com\/en\/","name":"Hotel Pfeiss presso Merano","description":"","potentialAction":[{"@type":"SearchAction","target":{"@type":"EntryPoint","urlTemplate":"https:\/\/pfeiss.com\/en\/?s={search_term_string}"},"query-input":{"@type":"PropertyValueSpecification","valueRequired":true,"valueName":"search_term_string"}}],"inLanguage":"it-IT"}]}},"_links":{"self":[{"href":"https:\/\/pfeiss.com\/it\/wp-json\/wp\/v2\/pages\/172","targetHints":{"allow":["GET"]}}],"collection":[{"href":"https:\/\/pfeiss.com\/it\/wp-json\/wp\/v2\/pages"}],"about":[{"href":"https:\/\/pfeiss.com\/it\/wp-json\/wp\/v2\/types\/page"}],"author":[{"embeddable":true,"href":"https:\/\/pfeiss.com\/it\/wp-json\/wp\/v2\/users\/1"}],"replies":[{"embeddable":true,"href":"https:\/\/pfeiss.com\/it\/wp-json\/wp\/v2\/comments?post=172"}],"version-history":[{"count":0,"href":"https:\/\/pfeiss.com\/it\/wp-json\/wp\/v2\/pages\/172\/revisions"}],"up":[{"embeddable":true,"href":"https:\/\/pfeiss.com\/it\/wp-json\/wp\/v2\/pages\/371"}],"wp:attachment":[{"href":"https:\/\/pfeiss.com\/it\/wp-json\/wp\/v2\/media?parent=172"}],"curies":[{"name":"wp","href":"https:\/\/api.w.org\/{rel}","templated":true}]}}