{"id":176,"date":"2015-10-16T12:00:25","date_gmt":"2015-10-16T10:00:25","guid":{"rendered":"https:\/\/pfeiss.info\/it\/?page_id=176"},"modified":"2024-06-15T11:24:46","modified_gmt":"2024-06-15T09:24:46","slug":"vacanze-invernali-a-merano","status":"publish","type":"page","link":"https:\/\/pfeiss.com\/it\/hotel-benessere-a-merano\/vacanze-attive\/vacanze-invernali-a-merano\/","title":{"rendered":"Vacanze invernali vicino a Merano"},"content":{"rendered":"<p>Vivete<strong> un&#8217;indimenticabile vacanza invernale<\/strong> vicino a Merano con noi al Pfeiss. Grazie all&#8217;ottima posizione non lontana da Merano, <strong>le aree sciistiche ed escursionistiche circostanti<\/strong> sono facili e veloci da raggiungere. Lana offre anche un&#8217;ampia gamma di opportunit\u00e0 per trascorrere una vacanza invernale attiva vicino a Merano. Valli soleggiate, <strong>pendii innevati<\/strong> e cime bianche e scintillanti invitano a esplorare la natura, sia con tranquille escursioni che con emozionanti discese a valle.<br \/>Nel tardo pomeriggio, recatevi nella nostra ampia area benessere con piscine riscaldate, saune e sale relax per rilassarvi e ricaricare le batterie per ulteriori avventure. Anche d&#8217;inverno Merano e i suoi dintorni hanno molto da offrire in termini di piaceri culinari e culturali. Ecco i nostri migliori consigli:<\/p>\n<p style=\"text-align: justify;\"><em><strong>Avviso<\/strong>: in inverno siamo aperti solo per <strong>una settimana a Capodanno.<\/strong> Non perdete quindi questa opportunit\u00e0 unica di festeggiare il nuovo anno con gli amici!<\/em><\/p>\n\n\n<div class=\"wp-block-media-text alignwide has-media-on-the-right is-stacked-on-mobile\"><div class=\"wp-block-media-text__content\">\n<h2 class=\"wp-block-heading\">Mercatino di Natale a Merano e Bolzano<\/h2>\n\n\n\n<p>Nelle vicinanze si trovano anche i pi\u00f9 bei <strong>mercatini di Natale<\/strong> dell&#8217;Alto Adige. Godetevi l&#8217;atmosfera tranquilla e contemplativa <strong>dell&#8217;Avvento altoatesino<\/strong> durante la vostra vacanza invernale vicino a Merano.<\/p>\n<\/div><figure class=\"wp-block-media-text__media\"><img decoding=\"async\" width=\"1024\" height=\"681\" src=\"https:\/\/pfeiss.com\/wp-content\/uploads\/2021\/11\/smg02722alfi-1024x681.jpg\" alt=\"\" class=\"wp-image-8446 size-full\" srcset=\"https:\/\/pfeiss.com\/wp-content\/uploads\/2021\/11\/smg02722alfi-1024x681.jpg 1024w, https:\/\/pfeiss.com\/wp-content\/uploads\/2021\/11\/smg02722alfi-800x532.jpg 800w, https:\/\/pfeiss.com\/wp-content\/uploads\/2021\/11\/smg02722alfi-768x511.jpg 768w, https:\/\/pfeiss.com\/wp-content\/uploads\/2021\/11\/smg02722alfi-1536x1022.jpg 1536w, https:\/\/pfeiss.com\/wp-content\/uploads\/2021\/11\/smg02722alfi-2048x1363.jpg 2048w, https:\/\/pfeiss.com\/wp-content\/uploads\/2021\/11\/smg02722alfi-600x399.jpg 600w, https:\/\/pfeiss.com\/wp-content\/uploads\/2021\/11\/smg02722alfi-240x160.jpg 240w, https:\/\/pfeiss.com\/wp-content\/uploads\/2021\/11\/smg02722alfi-380x253.jpg 380w\" sizes=\"(max-width: 1024px) 100vw, 1024px\" \/><\/figure><\/div>\n\n\n\n<div class=\"wp-block-media-text alignwide is-stacked-on-mobile\"><figure class=\"wp-block-media-text__media\"><img decoding=\"async\" width=\"1024\" height=\"683\" src=\"https:\/\/pfeiss.com\/wp-content\/uploads\/2021\/11\/idm06824alfi-1024x683.jpg\" alt=\"\" class=\"wp-image-8419 size-full\" srcset=\"https:\/\/pfeiss.com\/wp-content\/uploads\/2021\/11\/idm06824alfi-1024x683.jpg 1024w, https:\/\/pfeiss.com\/wp-content\/uploads\/2021\/11\/idm06824alfi-800x533.jpg 800w, https:\/\/pfeiss.com\/wp-content\/uploads\/2021\/11\/idm06824alfi-768x512.jpg 768w, https:\/\/pfeiss.com\/wp-content\/uploads\/2021\/11\/idm06824alfi-1536x1024.jpg 1536w, https:\/\/pfeiss.com\/wp-content\/uploads\/2021\/11\/idm06824alfi-2048x1365.jpg 2048w, https:\/\/pfeiss.com\/wp-content\/uploads\/2021\/11\/idm06824alfi-600x400.jpg 600w, https:\/\/pfeiss.com\/wp-content\/uploads\/2021\/11\/idm06824alfi-240x160.jpg 240w, https:\/\/pfeiss.com\/wp-content\/uploads\/2021\/11\/idm06824alfi-380x253.jpg 380w\" sizes=\"(max-width: 1024px) 100vw, 1024px\" \/><\/figure><div class=\"wp-block-media-text__content\">\n<h2 class=\"wp-block-heading\">Divertimento invernale su Merano 2000<\/h2>\n\n\n\n<p>A soli <strong>15 minuti di macchina<\/strong> da Lana parte la funivia e in otto minuti i dintorni si trasformano in un paesaggio invernale mozzafiato. La <strong>pista di slittino di tre chilometri<\/strong> parte direttamente dalla stazione di montagna e garantisce il <strong>divertimento in slittino<\/strong> per grandi e piccini. <strong>L&#8217;area sciistica<\/strong> ha anche piste ben tenute di tutti i livelli di difficolt\u00e0 e una rete di 25 km di <strong>sentieri per le racchette da neve e le escursioni invernali<\/strong>.<\/p>\n<\/div><\/div>\n\n\n\n<div class=\"wp-block-media-text alignwide has-media-on-the-right is-stacked-on-mobile\"><div class=\"wp-block-media-text__content\">\n<h2 class=\"wp-block-heading\">Sciare nella Val d&#8217;Ultimo<\/h2>\n\n\n\n<p><strong>L&#8217;incontaminata Val d&#8217;Ultimo<\/strong> \u00e8 una vera chicca, non solo in estate! La piccola ma raffinata <strong>area sciistica di Schwemmalm<\/strong>, direttamente presso il bacino, convince con neve garantita e ampie piste per gli appassionati di sport invernali avanzati. Particolarit\u00e0: la malga &#8220;\u00c4u\u00dfere Schwemmalm&#8221; \u00e8 stata nel frattempo votata quattro volte come la <strong>malga pi\u00f9 popolare dell&#8217;anno<\/strong>!<\/p>\n<\/div><figure class=\"wp-block-media-text__media\"><img decoding=\"async\" width=\"1024\" height=\"680\" src=\"https:\/\/pfeiss.com\/wp-content\/uploads\/2021\/11\/smg04008alfi-1024x680.jpg\" alt=\"\" class=\"wp-image-8485 size-full\" srcset=\"https:\/\/pfeiss.com\/wp-content\/uploads\/2021\/11\/smg04008alfi-1024x680.jpg 1024w, https:\/\/pfeiss.com\/wp-content\/uploads\/2021\/11\/smg04008alfi-800x531.jpg 800w, https:\/\/pfeiss.com\/wp-content\/uploads\/2021\/11\/smg04008alfi-768x510.jpg 768w, https:\/\/pfeiss.com\/wp-content\/uploads\/2021\/11\/smg04008alfi-1536x1020.jpg 1536w, https:\/\/pfeiss.com\/wp-content\/uploads\/2021\/11\/smg04008alfi-2048x1360.jpg 2048w, https:\/\/pfeiss.com\/wp-content\/uploads\/2021\/11\/smg04008alfi-600x399.jpg 600w, https:\/\/pfeiss.com\/wp-content\/uploads\/2021\/11\/smg04008alfi-240x159.jpg 240w, https:\/\/pfeiss.com\/wp-content\/uploads\/2021\/11\/smg04008alfi-380x252.jpg 380w\" sizes=\"(max-width: 1024px) 100vw, 1024px\" \/><\/figure><\/div>\n\n\n\n<div class=\"wp-block-media-text alignwide is-stacked-on-mobile\"><figure class=\"wp-block-media-text__media\"><img decoding=\"async\" width=\"1024\" height=\"683\" src=\"https:\/\/pfeiss.com\/wp-content\/uploads\/2021\/11\/mgm01359topa-1024x683.jpg\" alt=\"\" class=\"wp-image-8482 size-full\" srcset=\"https:\/\/pfeiss.com\/wp-content\/uploads\/2021\/11\/mgm01359topa-1024x683.jpg 1024w, https:\/\/pfeiss.com\/wp-content\/uploads\/2021\/11\/mgm01359topa-800x533.jpg 800w, https:\/\/pfeiss.com\/wp-content\/uploads\/2021\/11\/mgm01359topa-768x512.jpg 768w, https:\/\/pfeiss.com\/wp-content\/uploads\/2021\/11\/mgm01359topa-1536x1024.jpg 1536w, https:\/\/pfeiss.com\/wp-content\/uploads\/2021\/11\/mgm01359topa-2048x1365.jpg 2048w, https:\/\/pfeiss.com\/wp-content\/uploads\/2021\/11\/mgm01359topa-600x400.jpg 600w, https:\/\/pfeiss.com\/wp-content\/uploads\/2021\/11\/mgm01359topa-240x160.jpg 240w, https:\/\/pfeiss.com\/wp-content\/uploads\/2021\/11\/mgm01359topa-380x253.jpg 380w\" sizes=\"(max-width: 1024px) 100vw, 1024px\" \/><\/figure><div class=\"wp-block-media-text__content\">\n<h2 class=\"wp-block-heading\">Giro in carrozza con divertimento in malga<\/h2>\n\n\n\n<p><strong>L&#8217;altopiano del Salten<\/strong> (una parte del Tsch\u00f6ggelberg) offre una <strong>vista mozzafiato<\/strong> sul Catinaccio, il Corno del Renon e le <strong>Dolomiti<\/strong>. E poich\u00e9 la felicit\u00e0 della terra sta letteralmente sul dorso di un cavallo, i boschi di larici soleggiati sono l&#8217;ideale per <strong>un giro in carrozza<\/strong> conviviale con gli cavalli avelignesi dell&#8217;Alto Adige.<\/p>\n<\/div><\/div>\n\n\n\n<div class=\"wp-block-media-text alignwide has-media-on-the-right is-stacked-on-mobile\"><div class=\"wp-block-media-text__content\">\n<h2 class=\"wp-block-heading\">Wellness &amp; Sauna &#8211; Puro relax!<\/h2>\n\n\n\n<p>La nostra <strong>piscina esterna di 21 metri con acqua calda a 30 gradi<\/strong>, la piscina interna riscaldata e l&#8217;idromassaggio in salamoia sotto il cielo stellato. 5 <strong>saune<\/strong> diverse con infusi di sauna, moderne sale relax e vasche Kneipp. Tutto questo vi aspetta dopo una giornata emozionante e ricca di eventi all&#8217;aria aperta nelle <strong>montagne di Merano<\/strong>.<\/p>\n<\/div><figure class=\"wp-block-media-text__media\"><img decoding=\"async\" width=\"1024\" height=\"683\" src=\"https:\/\/pfeiss.com\/wp-content\/uploads\/2015\/08\/POOL-NIGHT-4a1-1024x683.jpg\" alt=\"\" class=\"wp-image-6110 size-full\" srcset=\"https:\/\/pfeiss.com\/wp-content\/uploads\/2015\/08\/POOL-NIGHT-4a1-1024x683.jpg 1024w, https:\/\/pfeiss.com\/wp-content\/uploads\/2015\/08\/POOL-NIGHT-4a1-800x533.jpg 800w, https:\/\/pfeiss.com\/wp-content\/uploads\/2015\/08\/POOL-NIGHT-4a1-600x400.jpg 600w, https:\/\/pfeiss.com\/wp-content\/uploads\/2015\/08\/POOL-NIGHT-4a1-240x160.jpg 240w, https:\/\/pfeiss.com\/wp-content\/uploads\/2015\/08\/POOL-NIGHT-4a1-380x253.jpg 380w\" sizes=\"(max-width: 1024px) 100vw, 1024px\" \/><\/figure><\/div>\n","protected":false},"excerpt":{"rendered":"<p>Vivete un&#8217;indimenticabile vacanza invernale vicino a Merano con noi al Pfeiss. Grazie all&#8217;ottima posizione non lontana da Merano, le aree sciistiche ed escursionistiche circostanti sono facili e veloci da raggiungere. Lana offre anche un&#8217;ampia gamma di opportunit\u00e0 per trascorrere una vacanza invernale attiva vicino a Merano. Valli soleggiate, pendii innevati e cime bianche e scintillanti [&hellip;]<\/p>\n","protected":false},"author":1,"featured_media":0,"parent":371,"menu_order":4,"comment_status":"closed","ping_status":"closed","template":"","meta":{"_acf_changed":false,"footnotes":""},"class_list":["post-176","page","type-page","status-publish","hentry"],"acf":[],"yoast_head":"<!-- This site is optimized with the Yoast SEO plugin v27.3 - https:\/\/yoast.com\/product\/yoast-seo-wordpress\/ -->\n<title>Vacanze invernali a Merano e dintorni! \u2022 Hotel Pfeiss **** | Prenota ora!<\/title>\n<meta name=\"description\" content=\"Cosa potrebbe esserci di meglio di vacanze invernali a Merano? \u2192 Scoprite montagne innevate e sperimentate lo sport invernale nell&#039;area sciistica Meran2000!\" \/>\n<meta name=\"robots\" content=\"index, follow, max-snippet:-1, max-image-preview:large, max-video-preview:-1\" \/>\n<link rel=\"canonical\" href=\"https:\/\/pfeiss.com\/it\/hotel-benessere-a-merano\/vacanze-attive\/vacanze-invernali-a-merano\/\" \/>\n<meta property=\"og:locale\" content=\"it_IT\" \/>\n<meta property=\"og:type\" content=\"article\" \/>\n<meta property=\"og:title\" content=\"Vacanze invernali a Merano e dintorni! \u2022 Hotel Pfeiss **** | Prenota ora!\" \/>\n<meta property=\"og:description\" content=\"Cosa potrebbe esserci di meglio di vacanze invernali a Merano? \u2192 Scoprite montagne innevate e sperimentate lo sport invernale nell&#039;area sciistica Meran2000!\" \/>\n<meta property=\"og:url\" content=\"https:\/\/pfeiss.com\/it\/hotel-benessere-a-merano\/vacanze-attive\/vacanze-invernali-a-merano\/\" \/>\n<meta property=\"og:site_name\" content=\"Hotel Pfeiss presso Merano\" \/>\n<meta property=\"article:publisher\" content=\"https:\/\/www.facebook.com\/Genusshotel.Pfeiss\/?ref=settings\" \/>\n<meta property=\"article:modified_time\" content=\"2024-06-15T09:24:46+00:00\" \/>\n<meta property=\"og:image\" content=\"https:\/\/pfeiss.com\/wp-content\/uploads\/2021\/11\/smg02722alfi-1024x681.jpg\" \/>\n<meta name=\"twitter:card\" content=\"summary_large_image\" \/>\n<meta name=\"twitter:label1\" content=\"Tempo di lettura stimato\" \/>\n\t<meta name=\"twitter:data1\" content=\"4 minuti\" \/>\n<script type=\"application\/ld+json\" class=\"yoast-schema-graph\">{\"@context\":\"https:\\\/\\\/schema.org\",\"@graph\":[{\"@type\":\"WebPage\",\"@id\":\"https:\\\/\\\/pfeiss.com\\\/it\\\/hotel-benessere-a-merano\\\/vacanze-attive\\\/vacanze-invernali-a-merano\\\/\",\"url\":\"https:\\\/\\\/pfeiss.com\\\/it\\\/hotel-benessere-a-merano\\\/vacanze-attive\\\/vacanze-invernali-a-merano\\\/\",\"name\":\"Vacanze invernali a Merano e dintorni! \u2022 Hotel Pfeiss **** | Prenota ora!\",\"isPartOf\":{\"@id\":\"https:\\\/\\\/pfeiss.com\\\/en\\\/#website\"},\"primaryImageOfPage\":{\"@id\":\"https:\\\/\\\/pfeiss.com\\\/it\\\/hotel-benessere-a-merano\\\/vacanze-attive\\\/vacanze-invernali-a-merano\\\/#primaryimage\"},\"image\":{\"@id\":\"https:\\\/\\\/pfeiss.com\\\/it\\\/hotel-benessere-a-merano\\\/vacanze-attive\\\/vacanze-invernali-a-merano\\\/#primaryimage\"},\"thumbnailUrl\":\"https:\\\/\\\/pfeiss.com\\\/wp-content\\\/uploads\\\/2021\\\/11\\\/smg02722alfi-1024x681.jpg\",\"datePublished\":\"2015-10-16T10:00:25+00:00\",\"dateModified\":\"2024-06-15T09:24:46+00:00\",\"description\":\"Cosa potrebbe esserci di meglio di vacanze invernali a Merano? \u2192 Scoprite montagne innevate e sperimentate lo sport invernale nell'area sciistica Meran2000!\",\"breadcrumb\":{\"@id\":\"https:\\\/\\\/pfeiss.com\\\/it\\\/hotel-benessere-a-merano\\\/vacanze-attive\\\/vacanze-invernali-a-merano\\\/#breadcrumb\"},\"inLanguage\":\"it-IT\",\"potentialAction\":[{\"@type\":\"ReadAction\",\"target\":[\"https:\\\/\\\/pfeiss.com\\\/it\\\/hotel-benessere-a-merano\\\/vacanze-attive\\\/vacanze-invernali-a-merano\\\/\"]}]},{\"@type\":\"ImageObject\",\"inLanguage\":\"it-IT\",\"@id\":\"https:\\\/\\\/pfeiss.com\\\/it\\\/hotel-benessere-a-merano\\\/vacanze-attive\\\/vacanze-invernali-a-merano\\\/#primaryimage\",\"url\":\"https:\\\/\\\/pfeiss.com\\\/wp-content\\\/uploads\\\/2021\\\/11\\\/smg02722alfi-1024x681.jpg\",\"contentUrl\":\"https:\\\/\\\/pfeiss.com\\\/wp-content\\\/uploads\\\/2021\\\/11\\\/smg02722alfi-1024x681.jpg\"},{\"@type\":\"BreadcrumbList\",\"@id\":\"https:\\\/\\\/pfeiss.com\\\/it\\\/hotel-benessere-a-merano\\\/vacanze-attive\\\/vacanze-invernali-a-merano\\\/#breadcrumb\",\"itemListElement\":[{\"@type\":\"ListItem\",\"position\":1,\"name\":\"Home\",\"item\":\"https:\\\/\\\/pfeiss.com\\\/it\\\/\"},{\"@type\":\"ListItem\",\"position\":2,\"name\":\"L&#8217; Hotel vicino a Merano all\u2019insegna del gusto &#8211; il Pfeiss a Lana\",\"item\":\"https:\\\/\\\/pfeiss.com\\\/it\\\/\"},{\"@type\":\"ListItem\",\"position\":3,\"name\":\"Attivit\u00e0 a Lana\",\"item\":\"https:\\\/\\\/pfeiss.com\\\/it\\\/hotel-benessere-a-merano\\\/vacanze-attive\\\/\"},{\"@type\":\"ListItem\",\"position\":4,\"name\":\"Vacanze invernali vicino a Merano\"}]},{\"@type\":\"WebSite\",\"@id\":\"https:\\\/\\\/pfeiss.com\\\/en\\\/#website\",\"url\":\"https:\\\/\\\/pfeiss.com\\\/en\\\/\",\"name\":\"Hotel Pfeiss presso Merano\",\"description\":\"\",\"potentialAction\":[{\"@type\":\"SearchAction\",\"target\":{\"@type\":\"EntryPoint\",\"urlTemplate\":\"https:\\\/\\\/pfeiss.com\\\/en\\\/?s={search_term_string}\"},\"query-input\":{\"@type\":\"PropertyValueSpecification\",\"valueRequired\":true,\"valueName\":\"search_term_string\"}}],\"inLanguage\":\"it-IT\"}]}<\/script>\n<!-- \/ Yoast SEO plugin. -->","yoast_head_json":{"title":"Vacanze invernali a Merano e dintorni! \u2022 Hotel Pfeiss **** | Prenota ora!","description":"Cosa potrebbe esserci di meglio di vacanze invernali a Merano? \u2192 Scoprite montagne innevate e sperimentate lo sport invernale nell'area sciistica Meran2000!","robots":{"index":"index","follow":"follow","max-snippet":"max-snippet:-1","max-image-preview":"max-image-preview:large","max-video-preview":"max-video-preview:-1"},"canonical":"https:\/\/pfeiss.com\/it\/hotel-benessere-a-merano\/vacanze-attive\/vacanze-invernali-a-merano\/","og_locale":"it_IT","og_type":"article","og_title":"Vacanze invernali a Merano e dintorni! \u2022 Hotel Pfeiss **** | Prenota ora!","og_description":"Cosa potrebbe esserci di meglio di vacanze invernali a Merano? \u2192 Scoprite montagne innevate e sperimentate lo sport invernale nell'area sciistica Meran2000!","og_url":"https:\/\/pfeiss.com\/it\/hotel-benessere-a-merano\/vacanze-attive\/vacanze-invernali-a-merano\/","og_site_name":"Hotel Pfeiss presso Merano","article_publisher":"https:\/\/www.facebook.com\/Genusshotel.Pfeiss\/?ref=settings","article_modified_time":"2024-06-15T09:24:46+00:00","og_image":[{"url":"https:\/\/pfeiss.com\/wp-content\/uploads\/2021\/11\/smg02722alfi-1024x681.jpg","type":"","width":"","height":""}],"twitter_card":"summary_large_image","twitter_misc":{"Tempo di lettura stimato":"4 minuti"},"schema":{"@context":"https:\/\/schema.org","@graph":[{"@type":"WebPage","@id":"https:\/\/pfeiss.com\/it\/hotel-benessere-a-merano\/vacanze-attive\/vacanze-invernali-a-merano\/","url":"https:\/\/pfeiss.com\/it\/hotel-benessere-a-merano\/vacanze-attive\/vacanze-invernali-a-merano\/","name":"Vacanze invernali a Merano e dintorni! \u2022 Hotel Pfeiss **** | Prenota ora!","isPartOf":{"@id":"https:\/\/pfeiss.com\/en\/#website"},"primaryImageOfPage":{"@id":"https:\/\/pfeiss.com\/it\/hotel-benessere-a-merano\/vacanze-attive\/vacanze-invernali-a-merano\/#primaryimage"},"image":{"@id":"https:\/\/pfeiss.com\/it\/hotel-benessere-a-merano\/vacanze-attive\/vacanze-invernali-a-merano\/#primaryimage"},"thumbnailUrl":"https:\/\/pfeiss.com\/wp-content\/uploads\/2021\/11\/smg02722alfi-1024x681.jpg","datePublished":"2015-10-16T10:00:25+00:00","dateModified":"2024-06-15T09:24:46+00:00","description":"Cosa potrebbe esserci di meglio di vacanze invernali a Merano? \u2192 Scoprite montagne innevate e sperimentate lo sport invernale nell'area sciistica Meran2000!","breadcrumb":{"@id":"https:\/\/pfeiss.com\/it\/hotel-benessere-a-merano\/vacanze-attive\/vacanze-invernali-a-merano\/#breadcrumb"},"inLanguage":"it-IT","potentialAction":[{"@type":"ReadAction","target":["https:\/\/pfeiss.com\/it\/hotel-benessere-a-merano\/vacanze-attive\/vacanze-invernali-a-merano\/"]}]},{"@type":"ImageObject","inLanguage":"it-IT","@id":"https:\/\/pfeiss.com\/it\/hotel-benessere-a-merano\/vacanze-attive\/vacanze-invernali-a-merano\/#primaryimage","url":"https:\/\/pfeiss.com\/wp-content\/uploads\/2021\/11\/smg02722alfi-1024x681.jpg","contentUrl":"https:\/\/pfeiss.com\/wp-content\/uploads\/2021\/11\/smg02722alfi-1024x681.jpg"},{"@type":"BreadcrumbList","@id":"https:\/\/pfeiss.com\/it\/hotel-benessere-a-merano\/vacanze-attive\/vacanze-invernali-a-merano\/#breadcrumb","itemListElement":[{"@type":"ListItem","position":1,"name":"Home","item":"https:\/\/pfeiss.com\/it\/"},{"@type":"ListItem","position":2,"name":"L&#8217; Hotel vicino a Merano all\u2019insegna del gusto &#8211; il Pfeiss a Lana","item":"https:\/\/pfeiss.com\/it\/"},{"@type":"ListItem","position":3,"name":"Attivit\u00e0 a Lana","item":"https:\/\/pfeiss.com\/it\/hotel-benessere-a-merano\/vacanze-attive\/"},{"@type":"ListItem","position":4,"name":"Vacanze invernali vicino a Merano"}]},{"@type":"WebSite","@id":"https:\/\/pfeiss.com\/en\/#website","url":"https:\/\/pfeiss.com\/en\/","name":"Hotel Pfeiss presso Merano","description":"","potentialAction":[{"@type":"SearchAction","target":{"@type":"EntryPoint","urlTemplate":"https:\/\/pfeiss.com\/en\/?s={search_term_string}"},"query-input":{"@type":"PropertyValueSpecification","valueRequired":true,"valueName":"search_term_string"}}],"inLanguage":"it-IT"}]}},"_links":{"self":[{"href":"https:\/\/pfeiss.com\/it\/wp-json\/wp\/v2\/pages\/176","targetHints":{"allow":["GET"]}}],"collection":[{"href":"https:\/\/pfeiss.com\/it\/wp-json\/wp\/v2\/pages"}],"about":[{"href":"https:\/\/pfeiss.com\/it\/wp-json\/wp\/v2\/types\/page"}],"author":[{"embeddable":true,"href":"https:\/\/pfeiss.com\/it\/wp-json\/wp\/v2\/users\/1"}],"replies":[{"embeddable":true,"href":"https:\/\/pfeiss.com\/it\/wp-json\/wp\/v2\/comments?post=176"}],"version-history":[{"count":0,"href":"https:\/\/pfeiss.com\/it\/wp-json\/wp\/v2\/pages\/176\/revisions"}],"up":[{"embeddable":true,"href":"https:\/\/pfeiss.com\/it\/wp-json\/wp\/v2\/pages\/371"}],"wp:attachment":[{"href":"https:\/\/pfeiss.com\/it\/wp-json\/wp\/v2\/media?parent=176"}],"curies":[{"name":"wp","href":"https:\/\/api.w.org\/{rel}","templated":true}]}}