{"id":179,"date":"2015-10-16T15:28:03","date_gmt":"2015-10-16T13:28:03","guid":{"rendered":"https:\/\/pfeiss.info\/it\/?page_id=179"},"modified":"2025-05-21T20:23:00","modified_gmt":"2025-05-21T18:23:00","slug":"sauna-e-spa","status":"publish","type":"page","link":"https:\/\/pfeiss.com\/it\/hotel-benessere-a-merano\/hotel-a-merano-con-spa\/sauna-e-spa\/","title":{"rendered":"Sauna e SPA"},"content":{"rendered":"<p style=\"text-align: justify;\">Godetevi un mondo di relax nella nostra <strong>nuova area sauna e SPA<\/strong> &#8211; nel Hotel Pfeiss 4 stelle presso Merano. Composta da una sauna panoramica finlandese, ma anche da un purificante bagno turco e una sauna bio alle erbe. Inoltre siamo dotati di sauna a infrarossi e una sauna dress on. Questa sauna \u00e8 situata fuori dall\u2019area sauna, nella zona della piscina interna.<\/p>\n<p style=\"text-align: justify;\"><b><img decoding=\"async\" class=\"alignright wp-image-2308 size-Content-Bild\" src=\"https:\/\/pfeiss.com\/wp-content\/uploads\/2015\/08\/Abend-SPA-5-600x401.jpg\" alt=\"Hotel 4 Sterne, Wellness S\u00fcdtirol, Sauna, SPA\" width=\"600\" height=\"401\" srcset=\"https:\/\/pfeiss.com\/wp-content\/uploads\/2015\/08\/Abend-SPA-5-600x401.jpg 600w, https:\/\/pfeiss.com\/wp-content\/uploads\/2015\/08\/Abend-SPA-5-800x534.jpg 800w, https:\/\/pfeiss.com\/wp-content\/uploads\/2015\/08\/Abend-SPA-5-1024x684.jpg 1024w, https:\/\/pfeiss.com\/wp-content\/uploads\/2015\/08\/Abend-SPA-5-240x160.jpg 240w, https:\/\/pfeiss.com\/wp-content\/uploads\/2015\/08\/Abend-SPA-5-380x254.jpg 380w\" sizes=\"(max-width: 600px) 100vw, 600px\" \/><\/b><\/p>\n<p style=\"text-align: justify;\">Godetevi nella nostra <strong>area sauna e SPA<\/strong> anche le <strong>diverse sale relax<\/strong> dove riposare. Oltre alle sedie a sdraio, i lettini galleggianti e i dondoli sospesi, \u00e8 disponibile anche un angolo per rinfrescarsi. Con acqua fresca, t\u00e8 e frutta. Un altro punto di forza della nostra zona sauna e SPA \u00e8 L\u2019area all\u2019aperto con percorso <strong>Kneipp<\/strong> e sdraia per rilassarsi tra una sessione di sauna e l\u2019altra.<\/p>\n<h3 style=\"text-align: justify;\">Puro piacere di relax nella sauna e SPA al Hotel Pfeiss<\/h3>\n<p style=\"text-align: justify;\">Oltre alla nostra zona sauna e SPA, Il Pfeiss dispone inoltre di una piscina coperta a sfioro e di una <a href=\"https:\/\/pfeiss.com\/it\/hotel-benessere-a-merano\/hotel-a-merano-con-spa\/piscina-riscaldata\/\">piscina esterna<\/a> riscaldata. Un altro punto culminante del nostro giardino sono le nostre <strong>due vasche idromassaggio<\/strong>.<\/p>\n<p style=\"text-align: justify;\">La nostra area benessere \u00e8 gratuitamente a vostra disposizione tutti i giorni dalle ore <strong>14.00 alle 18.45<\/strong>.<\/p>\n<p style=\"text-align: justify;\">Nell\u2019area sauna e SPA troverete illimitati <strong>teli da sauna<\/strong> a vostra disposizione per la vostra visita in area benessere. Naturalmente vi chiediamo di utilizzare i teli per la sauna in modo ecologico, in tale modo da poter continuare ad offrire questo ottimo servizio presso la nostra area Wellness presso Merano.<\/p>\n<h2 style=\"text-align: justify;\"><a href=\"https:\/\/pfeiss.com\/wp-content\/uploads\/2018\/01\/hotel-pfeiss-2-WEB-10.jpg\"><img decoding=\"async\" class=\"alignleft wp-image-1765 size-full\" src=\"https:\/\/pfeiss.com\/wp-content\/uploads\/2018\/01\/hotel-pfeiss-2-WEB-10.jpg\" alt=\"Sauna e SPA con Aufguss - Hotel in Alto Adige\" width=\"3693\" height=\"2462\" srcset=\"https:\/\/pfeiss.com\/wp-content\/uploads\/2018\/01\/hotel-pfeiss-2-WEB-10.jpg 3693w, https:\/\/pfeiss.com\/wp-content\/uploads\/2018\/01\/hotel-pfeiss-2-WEB-10-800x533.jpg 800w, https:\/\/pfeiss.com\/wp-content\/uploads\/2018\/01\/hotel-pfeiss-2-WEB-10-1024x683.jpg 1024w, https:\/\/pfeiss.com\/wp-content\/uploads\/2018\/01\/hotel-pfeiss-2-WEB-10-600x400.jpg 600w, https:\/\/pfeiss.com\/wp-content\/uploads\/2018\/01\/hotel-pfeiss-2-WEB-10-240x160.jpg 240w, https:\/\/pfeiss.com\/wp-content\/uploads\/2018\/01\/hotel-pfeiss-2-WEB-10-380x253.jpg 380w\" sizes=\"(max-width: 3693px) 100vw, 3693px\" \/><\/a><\/h2>\n<h2 style=\"text-align: justify;\">Per tutti gli amanti della sauna<\/h2>\n<p style=\"text-align: justify;\">Per tutti gli appassionati di sauna abbiamo un nuovo highlight: il <a href=\"https:\/\/pfeiss.com\/it\/hotel-benessere-a-merano\/hotel-a-merano-con-spa\/spa-in-montagna\/\">rituale della sauna Pfeiss<\/a>. Un intero pomeriggio dedicato alle saune con nuove impressioni grazie al nostro professionista di <a href=\"https:\/\/pfeiss.com\/it\/hotel-benessere-a-merano\/hotel-a-merano-con-spa\/spa-in-montagna\/\">Aufguss <\/a>Claudio. Tra un giro di sauna e l\u2019altro, le fasi di rilassamento sono arricchite da brevi massaggi e impacchi. Gli Aufguss vengono inoltre offerti pi\u00f9 volte alla settimana anche al di fuori del rituale della sauna.<\/p>\n<p style=\"text-align: justify;\">Lasciate che il vostro corpo provi un rilassamento olistico e coccolatevi con un <a href=\"https:\/\/pfeiss.com\/it\/hotel-benessere-a-merano\/hotel-a-merano-con-spa\/massaggi-e-trattamenti\/\">massaggio<\/a> rilassante nella nostra area sauna e SPA. Il nostro massaggiatore <strong>sportivo certificato Claudio<\/strong> sar\u00e0 lieto di consigliarvi, per trovare il giusto trattamento per voi. Provate, ad esempio, un massaggio vitalizzante con timbri a base di erbe per una profonda sensazione di relax. Oppure lasciatevi viziare con un trattamento corpo dalla nostra <a href=\"https:\/\/pfeiss.com\/it\/hotel-benessere-a-merano\/hotel-a-merano-con-spa\/massaggi-e-trattamenti\/\">estetista e massaggiatrice<\/a> Lorena.<\/p>\n<h2 style=\"text-align: justify;\"><b>Sauna presso Merano<\/b><\/h2>\n<p style=\"text-align: justify;\"><img decoding=\"async\" class=\"alignleft wp-image-1762 size-Content-Bild\" src=\"https:\/\/pfeiss.com\/wp-content\/uploads\/2018\/01\/hotel-pfeiss-2-WEB-7-600x400.jpg\" alt=\"Sauna e SPA a Merano\" width=\"600\" height=\"400\" srcset=\"https:\/\/pfeiss.com\/wp-content\/uploads\/2018\/01\/hotel-pfeiss-2-WEB-7-600x400.jpg 600w, https:\/\/pfeiss.com\/wp-content\/uploads\/2018\/01\/hotel-pfeiss-2-WEB-7-800x533.jpg 800w, https:\/\/pfeiss.com\/wp-content\/uploads\/2018\/01\/hotel-pfeiss-2-WEB-7-1024x683.jpg 1024w, https:\/\/pfeiss.com\/wp-content\/uploads\/2018\/01\/hotel-pfeiss-2-WEB-7-240x160.jpg 240w, https:\/\/pfeiss.com\/wp-content\/uploads\/2018\/01\/hotel-pfeiss-2-WEB-7-380x253.jpg 380w\" sizes=\"(max-width: 600px) 100vw, 600px\" \/><b>Regolamento sauna<\/b><b><br \/>\n<\/b>1. Prima della sauna effettuare una doccia e asciugarsi!<br \/>\n2. Nella sauna &#8211; stare seduti o sdraiati possibilmente con le gambe alzate. Non dimenticare di mettere sotto l&#8217;asciugamano!<br \/>\n3. Sudare e godersi il tempo desiderato, poi alzarsi lentamente e andare all&#8217;aperto!<br \/>\n4. Fare una profonda boccata d&#8217;aria fresca per raffreddare l&#8217;apparato respiratorio!<br \/>\n5. Andare sotto alla doccia! Iniziare con acqua tiepida e successivamente regolarla in modo da farla diventare sempre pi\u00f9 fredda. Adatte per questo sono il soffione, la doccia a cascata, la doccia laterale o la pioggia temporalesca!<br \/>\n6. A seconda del tuo umore, strofina il corpo con ghiaccio tritato!<br \/>\n7. riposarsi per circa 15 minuti e rilassarsi. Possibilmente, sedersi o sdraiarsi con le gambe sollevate!<br \/>\n8. Ripetere la procedura 2 o 3 volte a seconda delle proprie condizioni fisiche!<\/p>\n<p style=\"text-align: justify;\"><span lang=\"DE\">La sauna nel reparto benessere offre tutto quello che si possa desiderare per una <strong>vacanza benessere in Alto Adige<\/strong>. Soprattutto dopo un&#8217;intensa escursione, dopo attivit\u00e0 sportive (Nordic Walking, Fitness, ciclismo, mountain bike, sciare come anche una ciaspolata), una sessione di sauna fa veramente bene, rilassa i muscoli e dona un benessere duraturo. Il tuffo nell&#8217;acqua fresca rigenera. Questi sono i momenti in cui il sogno <a href=\"https:\/\/pfeiss.com\/it\/\">vacanza benessere in Alto Adige<\/a> diventa realt\u00e0.<\/span><\/p>\n<p style=\"text-align: justify;\">\n","protected":false},"excerpt":{"rendered":"<p>Godetevi un mondo di relax nella nostra nuova area sauna e SPA &#8211; nel Hotel Pfeiss 4 stelle presso Merano. Composta da una sauna panoramica finlandese, ma anche da un purificante bagno turco e una sauna bio alle erbe. Inoltre siamo dotati di sauna a infrarossi e una sauna dress on. Questa sauna \u00e8 situata [&hellip;]<\/p>\n","protected":false},"author":1,"featured_media":0,"parent":377,"menu_order":2,"comment_status":"closed","ping_status":"closed","template":"","meta":{"_acf_changed":false,"footnotes":""},"class_list":["post-179","page","type-page","status-publish","hentry"],"acf":[],"yoast_head":"<!-- This site is optimized with the Yoast SEO plugin v27.3 - https:\/\/yoast.com\/product\/yoast-seo-wordpress\/ -->\n<title>Il massimo di relax nella nostra Sauna e SPA! \u2022 Hotel Pfeiss in Lana<\/title>\n<meta name=\"description\" content=\"L&#039;Hotel Pfeiss a Lana in Alto Adige offre una sauna e SPA perfetta per la tua vacanza benessere! \u27135 saune \u2713diverse zone relax \u27132 piscine riscaldate\" \/>\n<meta name=\"robots\" content=\"index, follow, max-snippet:-1, max-image-preview:large, max-video-preview:-1\" \/>\n<link rel=\"canonical\" href=\"https:\/\/pfeiss.com\/it\/hotel-benessere-a-merano\/hotel-a-merano-con-spa\/sauna-e-spa\/\" \/>\n<meta property=\"og:locale\" content=\"it_IT\" \/>\n<meta property=\"og:type\" content=\"article\" \/>\n<meta property=\"og:title\" content=\"Il massimo di relax nella nostra Sauna e SPA! \u2022 Hotel Pfeiss in Lana\" \/>\n<meta property=\"og:description\" content=\"L&#039;Hotel Pfeiss a Lana in Alto Adige offre una sauna e SPA perfetta per la tua vacanza benessere! \u27135 saune \u2713diverse zone relax \u27132 piscine riscaldate\" \/>\n<meta property=\"og:url\" content=\"https:\/\/pfeiss.com\/it\/hotel-benessere-a-merano\/hotel-a-merano-con-spa\/sauna-e-spa\/\" \/>\n<meta property=\"og:site_name\" content=\"Hotel Pfeiss presso Merano\" \/>\n<meta property=\"article:publisher\" content=\"https:\/\/www.facebook.com\/Genusshotel.Pfeiss\/?ref=settings\" \/>\n<meta property=\"article:modified_time\" content=\"2025-05-21T18:23:00+00:00\" \/>\n<meta property=\"og:image\" content=\"https:\/\/pfeiss.com\/wp-content\/uploads\/2015\/08\/Abend-SPA-5-1024x684.jpg\" \/>\n\t<meta property=\"og:image:width\" content=\"1024\" \/>\n\t<meta property=\"og:image:height\" content=\"684\" \/>\n\t<meta property=\"og:image:type\" content=\"image\/jpeg\" \/>\n<meta name=\"twitter:card\" content=\"summary_large_image\" \/>\n<meta name=\"twitter:label1\" content=\"Tempo di lettura stimato\" \/>\n\t<meta name=\"twitter:data1\" content=\"4 minuti\" \/>\n<script type=\"application\/ld+json\" class=\"yoast-schema-graph\">{\"@context\":\"https:\\\/\\\/schema.org\",\"@graph\":[{\"@type\":\"WebPage\",\"@id\":\"https:\\\/\\\/pfeiss.com\\\/it\\\/hotel-benessere-a-merano\\\/hotel-a-merano-con-spa\\\/sauna-e-spa\\\/\",\"url\":\"https:\\\/\\\/pfeiss.com\\\/it\\\/hotel-benessere-a-merano\\\/hotel-a-merano-con-spa\\\/sauna-e-spa\\\/\",\"name\":\"Il massimo di relax nella nostra Sauna e SPA! \u2022 Hotel Pfeiss in Lana\",\"isPartOf\":{\"@id\":\"https:\\\/\\\/pfeiss.com\\\/en\\\/#website\"},\"primaryImageOfPage\":{\"@id\":\"https:\\\/\\\/pfeiss.com\\\/it\\\/hotel-benessere-a-merano\\\/hotel-a-merano-con-spa\\\/sauna-e-spa\\\/#primaryimage\"},\"image\":{\"@id\":\"https:\\\/\\\/pfeiss.com\\\/it\\\/hotel-benessere-a-merano\\\/hotel-a-merano-con-spa\\\/sauna-e-spa\\\/#primaryimage\"},\"thumbnailUrl\":\"https:\\\/\\\/pfeiss.com\\\/wp-content\\\/uploads\\\/2015\\\/08\\\/Abend-SPA-5-600x401.jpg\",\"datePublished\":\"2015-10-16T13:28:03+00:00\",\"dateModified\":\"2025-05-21T18:23:00+00:00\",\"description\":\"L'Hotel Pfeiss a Lana in Alto Adige offre una sauna e SPA perfetta per la tua vacanza benessere! \u27135 saune \u2713diverse zone relax \u27132 piscine riscaldate\",\"breadcrumb\":{\"@id\":\"https:\\\/\\\/pfeiss.com\\\/it\\\/hotel-benessere-a-merano\\\/hotel-a-merano-con-spa\\\/sauna-e-spa\\\/#breadcrumb\"},\"inLanguage\":\"it-IT\",\"potentialAction\":[{\"@type\":\"ReadAction\",\"target\":[\"https:\\\/\\\/pfeiss.com\\\/it\\\/hotel-benessere-a-merano\\\/hotel-a-merano-con-spa\\\/sauna-e-spa\\\/\"]}]},{\"@type\":\"ImageObject\",\"inLanguage\":\"it-IT\",\"@id\":\"https:\\\/\\\/pfeiss.com\\\/it\\\/hotel-benessere-a-merano\\\/hotel-a-merano-con-spa\\\/sauna-e-spa\\\/#primaryimage\",\"url\":\"https:\\\/\\\/pfeiss.com\\\/wp-content\\\/uploads\\\/2015\\\/08\\\/Abend-SPA-5-600x401.jpg\",\"contentUrl\":\"https:\\\/\\\/pfeiss.com\\\/wp-content\\\/uploads\\\/2015\\\/08\\\/Abend-SPA-5-600x401.jpg\"},{\"@type\":\"BreadcrumbList\",\"@id\":\"https:\\\/\\\/pfeiss.com\\\/it\\\/hotel-benessere-a-merano\\\/hotel-a-merano-con-spa\\\/sauna-e-spa\\\/#breadcrumb\",\"itemListElement\":[{\"@type\":\"ListItem\",\"position\":1,\"name\":\"Home\",\"item\":\"https:\\\/\\\/pfeiss.com\\\/it\\\/\"},{\"@type\":\"ListItem\",\"position\":2,\"name\":\"L&#8217; Hotel vicino a Merano all\u2019insegna del gusto &#8211; il Pfeiss a Lana\",\"item\":\"https:\\\/\\\/pfeiss.com\\\/it\\\/\"},{\"@type\":\"ListItem\",\"position\":3,\"name\":\"Area benessere\",\"item\":\"https:\\\/\\\/pfeiss.com\\\/it\\\/hotel-benessere-a-merano\\\/hotel-a-merano-con-spa\\\/\"},{\"@type\":\"ListItem\",\"position\":4,\"name\":\"Sauna e SPA\"}]},{\"@type\":\"WebSite\",\"@id\":\"https:\\\/\\\/pfeiss.com\\\/en\\\/#website\",\"url\":\"https:\\\/\\\/pfeiss.com\\\/en\\\/\",\"name\":\"Hotel Pfeiss presso Merano\",\"description\":\"\",\"potentialAction\":[{\"@type\":\"SearchAction\",\"target\":{\"@type\":\"EntryPoint\",\"urlTemplate\":\"https:\\\/\\\/pfeiss.com\\\/en\\\/?s={search_term_string}\"},\"query-input\":{\"@type\":\"PropertyValueSpecification\",\"valueRequired\":true,\"valueName\":\"search_term_string\"}}],\"inLanguage\":\"it-IT\"}]}<\/script>\n<!-- \/ Yoast SEO plugin. -->","yoast_head_json":{"title":"Il massimo di relax nella nostra Sauna e SPA! \u2022 Hotel Pfeiss in Lana","description":"L'Hotel Pfeiss a Lana in Alto Adige offre una sauna e SPA perfetta per la tua vacanza benessere! \u27135 saune \u2713diverse zone relax \u27132 piscine riscaldate","robots":{"index":"index","follow":"follow","max-snippet":"max-snippet:-1","max-image-preview":"max-image-preview:large","max-video-preview":"max-video-preview:-1"},"canonical":"https:\/\/pfeiss.com\/it\/hotel-benessere-a-merano\/hotel-a-merano-con-spa\/sauna-e-spa\/","og_locale":"it_IT","og_type":"article","og_title":"Il massimo di relax nella nostra Sauna e SPA! \u2022 Hotel Pfeiss in Lana","og_description":"L'Hotel Pfeiss a Lana in Alto Adige offre una sauna e SPA perfetta per la tua vacanza benessere! \u27135 saune \u2713diverse zone relax \u27132 piscine riscaldate","og_url":"https:\/\/pfeiss.com\/it\/hotel-benessere-a-merano\/hotel-a-merano-con-spa\/sauna-e-spa\/","og_site_name":"Hotel Pfeiss presso Merano","article_publisher":"https:\/\/www.facebook.com\/Genusshotel.Pfeiss\/?ref=settings","article_modified_time":"2025-05-21T18:23:00+00:00","og_image":[{"width":1024,"height":684,"url":"https:\/\/pfeiss.com\/wp-content\/uploads\/2015\/08\/Abend-SPA-5-1024x684.jpg","type":"image\/jpeg"}],"twitter_card":"summary_large_image","twitter_misc":{"Tempo di lettura stimato":"4 minuti"},"schema":{"@context":"https:\/\/schema.org","@graph":[{"@type":"WebPage","@id":"https:\/\/pfeiss.com\/it\/hotel-benessere-a-merano\/hotel-a-merano-con-spa\/sauna-e-spa\/","url":"https:\/\/pfeiss.com\/it\/hotel-benessere-a-merano\/hotel-a-merano-con-spa\/sauna-e-spa\/","name":"Il massimo di relax nella nostra Sauna e SPA! \u2022 Hotel Pfeiss in Lana","isPartOf":{"@id":"https:\/\/pfeiss.com\/en\/#website"},"primaryImageOfPage":{"@id":"https:\/\/pfeiss.com\/it\/hotel-benessere-a-merano\/hotel-a-merano-con-spa\/sauna-e-spa\/#primaryimage"},"image":{"@id":"https:\/\/pfeiss.com\/it\/hotel-benessere-a-merano\/hotel-a-merano-con-spa\/sauna-e-spa\/#primaryimage"},"thumbnailUrl":"https:\/\/pfeiss.com\/wp-content\/uploads\/2015\/08\/Abend-SPA-5-600x401.jpg","datePublished":"2015-10-16T13:28:03+00:00","dateModified":"2025-05-21T18:23:00+00:00","description":"L'Hotel Pfeiss a Lana in Alto Adige offre una sauna e SPA perfetta per la tua vacanza benessere! \u27135 saune \u2713diverse zone relax \u27132 piscine riscaldate","breadcrumb":{"@id":"https:\/\/pfeiss.com\/it\/hotel-benessere-a-merano\/hotel-a-merano-con-spa\/sauna-e-spa\/#breadcrumb"},"inLanguage":"it-IT","potentialAction":[{"@type":"ReadAction","target":["https:\/\/pfeiss.com\/it\/hotel-benessere-a-merano\/hotel-a-merano-con-spa\/sauna-e-spa\/"]}]},{"@type":"ImageObject","inLanguage":"it-IT","@id":"https:\/\/pfeiss.com\/it\/hotel-benessere-a-merano\/hotel-a-merano-con-spa\/sauna-e-spa\/#primaryimage","url":"https:\/\/pfeiss.com\/wp-content\/uploads\/2015\/08\/Abend-SPA-5-600x401.jpg","contentUrl":"https:\/\/pfeiss.com\/wp-content\/uploads\/2015\/08\/Abend-SPA-5-600x401.jpg"},{"@type":"BreadcrumbList","@id":"https:\/\/pfeiss.com\/it\/hotel-benessere-a-merano\/hotel-a-merano-con-spa\/sauna-e-spa\/#breadcrumb","itemListElement":[{"@type":"ListItem","position":1,"name":"Home","item":"https:\/\/pfeiss.com\/it\/"},{"@type":"ListItem","position":2,"name":"L&#8217; Hotel vicino a Merano all\u2019insegna del gusto &#8211; il Pfeiss a Lana","item":"https:\/\/pfeiss.com\/it\/"},{"@type":"ListItem","position":3,"name":"Area benessere","item":"https:\/\/pfeiss.com\/it\/hotel-benessere-a-merano\/hotel-a-merano-con-spa\/"},{"@type":"ListItem","position":4,"name":"Sauna e SPA"}]},{"@type":"WebSite","@id":"https:\/\/pfeiss.com\/en\/#website","url":"https:\/\/pfeiss.com\/en\/","name":"Hotel Pfeiss presso Merano","description":"","potentialAction":[{"@type":"SearchAction","target":{"@type":"EntryPoint","urlTemplate":"https:\/\/pfeiss.com\/en\/?s={search_term_string}"},"query-input":{"@type":"PropertyValueSpecification","valueRequired":true,"valueName":"search_term_string"}}],"inLanguage":"it-IT"}]}},"_links":{"self":[{"href":"https:\/\/pfeiss.com\/it\/wp-json\/wp\/v2\/pages\/179","targetHints":{"allow":["GET"]}}],"collection":[{"href":"https:\/\/pfeiss.com\/it\/wp-json\/wp\/v2\/pages"}],"about":[{"href":"https:\/\/pfeiss.com\/it\/wp-json\/wp\/v2\/types\/page"}],"author":[{"embeddable":true,"href":"https:\/\/pfeiss.com\/it\/wp-json\/wp\/v2\/users\/1"}],"replies":[{"embeddable":true,"href":"https:\/\/pfeiss.com\/it\/wp-json\/wp\/v2\/comments?post=179"}],"version-history":[{"count":0,"href":"https:\/\/pfeiss.com\/it\/wp-json\/wp\/v2\/pages\/179\/revisions"}],"up":[{"embeddable":true,"href":"https:\/\/pfeiss.com\/it\/wp-json\/wp\/v2\/pages\/377"}],"wp:attachment":[{"href":"https:\/\/pfeiss.com\/it\/wp-json\/wp\/v2\/media?parent=179"}],"curies":[{"name":"wp","href":"https:\/\/api.w.org\/{rel}","templated":true}]}}