{"id":180,"date":"2015-10-16T15:50:11","date_gmt":"2015-10-16T13:50:11","guid":{"rendered":"https:\/\/pfeiss.info\/it\/?page_id=180"},"modified":"2021-08-27T16:09:16","modified_gmt":"2021-08-27T14:09:16","slug":"spa-in-montagna","status":"publish","type":"page","link":"https:\/\/pfeiss.com\/it\/hotel-benessere-a-merano\/hotel-a-merano-con-spa\/spa-in-montagna\/","title":{"rendered":"Rituale della Sauna nel Pfeiss"},"content":{"rendered":"<p>Vivete il vero <a href=\"https:\/\/pfeiss.com\/it\/hotel-benessere-a-merano\/hotel-a-merano-con-spa\/sauna-e-spa\/\">mondo dalla SPA<\/a> in montagna durante al nostro unico e <strong>indimenticabile rituale sauna<\/strong>. Accompagnati dal nostro Master di sauna Claudio, potrete godere di un pomeriggio pieno di nuove esperienze e vivere il puro piacere dalla sauna al Pfeiss<\/p>\n<p><a href=\"https:\/\/pfeiss.com\/wp-content\/uploads\/2016\/01\/DSC3788.jpg\"><img decoding=\"async\" class=\"alignright wp-image-2859 size-Content-Bild-Klein\" src=\"https:\/\/pfeiss.com\/wp-content\/uploads\/2016\/01\/DSC3788-160x240.jpg\" alt=\"spa in montagna con massaggi - Hotel 4 stelle a Merano\" width=\"160\" height=\"240\" srcset=\"https:\/\/pfeiss.com\/wp-content\/uploads\/2016\/01\/DSC3788-160x240.jpg 160w, https:\/\/pfeiss.com\/wp-content\/uploads\/2016\/01\/DSC3788-400x600.jpg 400w, https:\/\/pfeiss.com\/wp-content\/uploads\/2016\/01\/DSC3788-682x1024.jpg 682w, https:\/\/pfeiss.com\/wp-content\/uploads\/2016\/01\/DSC3788-253x380.jpg 253w, https:\/\/pfeiss.com\/wp-content\/uploads\/2016\/01\/DSC3788.jpg 1333w\" sizes=\"(max-width: 160px) 100vw, 160px\" \/><\/a><\/p>\n<h3 style=\"text-align: justify;\">SPA in montagna: Rituale Sauna Pfeiss nel nostro hotel benessere a Lana<\/h3>\n<p>Il nostro rituale sauna Pfeiss dura circa <strong>90 minuti<\/strong> e combina diverse sedute di sauna con le successive fasi di riposo. Tra una sauna e l\u2019altra, il corpo si rilassa con t\u00e8 rigenerativo e succhi di frutta appena spremuti. Nel frattempo, il nostro <strong>master di sauna e massaggiatore Claudio<\/strong> vi coccoler\u00e0 con brevi unit\u00e0 di massaggio e impacchi per il corpo.<\/p>\n<p>Consigliamo il Rituale sauna Pfeiss a tutti, perch\u00e9 non import se amanti della sauna o principianti, il nostro master di sauna Claudio \u00e8 sempre al vostro fianco e vi aiuter\u00e0 dunque a regolare il vostro tempismo personale ideale. Quindi non perdete questa occasione, di rendere il vostro soggiorno al Pfeiss ancora pi\u00f9 indimenticabile.<\/p>\n<p><strong>Nota bene:<\/strong> il Rituale sauna avr\u00e0 luogo a partire da due e pi\u00f9 partecipanti ed \u00e8 gratuito per tutti gli ospiti del nostro hotel.<\/p>\n<p><a href=\"https:\/\/pfeiss.com\/wp-content\/uploads\/2016\/01\/DSC3433.jpg\"><img decoding=\"async\" class=\"aligncenter wp-image-2778 size-Content-Bild\" src=\"https:\/\/pfeiss.com\/wp-content\/uploads\/2016\/01\/DSC3433-600x400.jpg\" alt=\"sauna e spa in montagna con aufguss\" width=\"600\" height=\"400\" srcset=\"https:\/\/pfeiss.com\/wp-content\/uploads\/2016\/01\/DSC3433-600x400.jpg 600w, https:\/\/pfeiss.com\/wp-content\/uploads\/2016\/01\/DSC3433-800x533.jpg 800w, https:\/\/pfeiss.com\/wp-content\/uploads\/2016\/01\/DSC3433-1024x683.jpg 1024w, https:\/\/pfeiss.com\/wp-content\/uploads\/2016\/01\/DSC3433-240x160.jpg 240w, https:\/\/pfeiss.com\/wp-content\/uploads\/2016\/01\/DSC3433-380x253.jpg 380w\" sizes=\"(max-width: 600px) 100vw, 600px\" \/><\/a><\/p>\n<h3>Rilassarvi nel vostro hotel a Merano<\/h3>\n<p>Il Pfeiss, il vostro hotel con SPA in montagna nei pressi di Merano si trova nell\u2019<strong>idillico villaggio di Lana<\/strong>. La nostra casa \u00e8 sinonimo di pace e relax senza limiti. Il luogo perfetto per sentirsi a casa anche durante le vacanze. Qui, sia il corpo che anche la mente ricevono il rilassamento necessario per liberarsi dallo stress e dall\u2019inquietudine. Trovando un nuovo equilibrio alla vita quotidiana stressante. A tale scopo abbiamo creato un\u2019atmosfera confortevole e informale nel nostro hotel in zona di Merano e dintorni. Attraverso il nostro nuovo Rituale Sauna, ora c\u2019\u00e8 ancora un modo in pi\u00f9 per riuscire a ottener una profonda sensazione di benessere.<\/p>\n<h2>Rituale sauna presso il hotel Pfeiss con SPA in montagna<\/h2>\n<p style=\"text-align: justify;\"><a href=\"https:\/\/pfeiss.com\/wp-content\/uploads\/2016\/01\/DSC3291.jpg\"><img decoding=\"async\" class=\"alignleft wp-image-2775 size-Content-Bild\" src=\"https:\/\/pfeiss.com\/wp-content\/uploads\/2016\/01\/DSC3291-600x400.jpg\" alt=\"Speciale rituale delle saune con Aufguss - spa im montagna\" width=\"600\" height=\"400\" srcset=\"https:\/\/pfeiss.com\/wp-content\/uploads\/2016\/01\/DSC3291-600x400.jpg 600w, https:\/\/pfeiss.com\/wp-content\/uploads\/2016\/01\/DSC3291-800x533.jpg 800w, https:\/\/pfeiss.com\/wp-content\/uploads\/2016\/01\/DSC3291-1024x683.jpg 1024w, https:\/\/pfeiss.com\/wp-content\/uploads\/2016\/01\/DSC3291-240x160.jpg 240w, https:\/\/pfeiss.com\/wp-content\/uploads\/2016\/01\/DSC3291-380x253.jpg 380w\" sizes=\"(max-width: 600px) 100vw, 600px\" \/><\/a><\/p>\n<h3 style=\"text-align: left;\">Il puro relax nell&#8217;Hotel Pfeiss presso Merano<\/h3>\n<p style=\"text-align: left;\"><strong>La sauna favorisce la salute, purifica il corpo<\/strong> e <strong>migliora il benessere<\/strong>. Ha un effetto positivo sul sistema nervoso e <strong>rafforza il sistema immunitario del corpo<\/strong>. Soprattutto nei mesi pi\u00f9 freschi, facendo la sauna ci si indurisce contro il raffreddore.<\/p>\n<p style=\"text-align: right;\"><em>Si dovrebbe offrire qualcosa di buono al corpo, in modo che l\u2019anima abbia voglia di viverci.<\/em><\/p>\n<p style=\"text-align: right;\"><em>Winston Churchill<\/em><\/p>\n","protected":false},"excerpt":{"rendered":"<p>Vivete il vero mondo dalla SPA in montagna durante al nostro unico e indimenticabile rituale sauna. Accompagnati dal nostro Master di sauna Claudio, potrete godere di un pomeriggio pieno di nuove esperienze e vivere il puro piacere dalla sauna al Pfeiss SPA in montagna: Rituale Sauna Pfeiss nel nostro hotel benessere a Lana Il nostro [&hellip;]<\/p>\n","protected":false},"author":1,"featured_media":0,"parent":377,"menu_order":3,"comment_status":"closed","ping_status":"closed","template":"","meta":{"_acf_changed":false,"footnotes":""},"class_list":["post-180","page","type-page","status-publish","hentry"],"acf":[],"yoast_head":"<!-- This site is optimized with the Yoast SEO plugin v27.3 - https:\/\/yoast.com\/product\/yoast-seo-wordpress\/ -->\n<title>Spa in montagna \u2022 rigenerarsi al Hotel Pfeiss a Lana | Prenota Ora!<\/title>\n<meta name=\"description\" content=\"Nella nostra SPA in montagna, il rituale della sauna, vi aiuter\u00e0 a dimenticare per un momento tutte le preoccupazioni della vita quotidiana - Puro relax!\" \/>\n<meta name=\"robots\" content=\"index, follow, max-snippet:-1, max-image-preview:large, max-video-preview:-1\" \/>\n<link rel=\"canonical\" href=\"https:\/\/pfeiss.com\/it\/hotel-benessere-a-merano\/hotel-a-merano-con-spa\/spa-in-montagna\/\" \/>\n<meta property=\"og:locale\" content=\"it_IT\" \/>\n<meta property=\"og:type\" content=\"article\" \/>\n<meta property=\"og:title\" content=\"Spa in montagna \u2022 rigenerarsi al Hotel Pfeiss a Lana | Prenota Ora!\" \/>\n<meta property=\"og:description\" content=\"Nella nostra SPA in montagna, il rituale della sauna, vi aiuter\u00e0 a dimenticare per un momento tutte le preoccupazioni della vita quotidiana - Puro relax!\" \/>\n<meta property=\"og:url\" content=\"https:\/\/pfeiss.com\/it\/hotel-benessere-a-merano\/hotel-a-merano-con-spa\/spa-in-montagna\/\" \/>\n<meta property=\"og:site_name\" content=\"Hotel Pfeiss presso Merano\" \/>\n<meta property=\"article:publisher\" content=\"https:\/\/www.facebook.com\/Genusshotel.Pfeiss\/?ref=settings\" \/>\n<meta property=\"article:modified_time\" content=\"2021-08-27T14:09:16+00:00\" \/>\n<meta property=\"og:image\" content=\"https:\/\/pfeiss.com\/wp-content\/uploads\/2016\/01\/DSC3788-160x240.jpg\" \/>\n<meta name=\"twitter:card\" content=\"summary_large_image\" \/>\n<meta name=\"twitter:label1\" content=\"Tempo di lettura stimato\" \/>\n\t<meta name=\"twitter:data1\" content=\"3 minuti\" \/>\n<script type=\"application\/ld+json\" class=\"yoast-schema-graph\">{\"@context\":\"https:\\\/\\\/schema.org\",\"@graph\":[{\"@type\":\"WebPage\",\"@id\":\"https:\\\/\\\/pfeiss.com\\\/it\\\/hotel-benessere-a-merano\\\/hotel-a-merano-con-spa\\\/spa-in-montagna\\\/\",\"url\":\"https:\\\/\\\/pfeiss.com\\\/it\\\/hotel-benessere-a-merano\\\/hotel-a-merano-con-spa\\\/spa-in-montagna\\\/\",\"name\":\"Spa in montagna \u2022 rigenerarsi al Hotel Pfeiss a Lana | Prenota Ora!\",\"isPartOf\":{\"@id\":\"https:\\\/\\\/pfeiss.com\\\/en\\\/#website\"},\"primaryImageOfPage\":{\"@id\":\"https:\\\/\\\/pfeiss.com\\\/it\\\/hotel-benessere-a-merano\\\/hotel-a-merano-con-spa\\\/spa-in-montagna\\\/#primaryimage\"},\"image\":{\"@id\":\"https:\\\/\\\/pfeiss.com\\\/it\\\/hotel-benessere-a-merano\\\/hotel-a-merano-con-spa\\\/spa-in-montagna\\\/#primaryimage\"},\"thumbnailUrl\":\"https:\\\/\\\/pfeiss.com\\\/wp-content\\\/uploads\\\/2016\\\/01\\\/DSC3788-160x240.jpg\",\"datePublished\":\"2015-10-16T13:50:11+00:00\",\"dateModified\":\"2021-08-27T14:09:16+00:00\",\"description\":\"Nella nostra SPA in montagna, il rituale della sauna, vi aiuter\u00e0 a dimenticare per un momento tutte le preoccupazioni della vita quotidiana - Puro relax!\",\"breadcrumb\":{\"@id\":\"https:\\\/\\\/pfeiss.com\\\/it\\\/hotel-benessere-a-merano\\\/hotel-a-merano-con-spa\\\/spa-in-montagna\\\/#breadcrumb\"},\"inLanguage\":\"it-IT\",\"potentialAction\":[{\"@type\":\"ReadAction\",\"target\":[\"https:\\\/\\\/pfeiss.com\\\/it\\\/hotel-benessere-a-merano\\\/hotel-a-merano-con-spa\\\/spa-in-montagna\\\/\"]}]},{\"@type\":\"ImageObject\",\"inLanguage\":\"it-IT\",\"@id\":\"https:\\\/\\\/pfeiss.com\\\/it\\\/hotel-benessere-a-merano\\\/hotel-a-merano-con-spa\\\/spa-in-montagna\\\/#primaryimage\",\"url\":\"https:\\\/\\\/pfeiss.com\\\/wp-content\\\/uploads\\\/2016\\\/01\\\/DSC3788-160x240.jpg\",\"contentUrl\":\"https:\\\/\\\/pfeiss.com\\\/wp-content\\\/uploads\\\/2016\\\/01\\\/DSC3788-160x240.jpg\"},{\"@type\":\"BreadcrumbList\",\"@id\":\"https:\\\/\\\/pfeiss.com\\\/it\\\/hotel-benessere-a-merano\\\/hotel-a-merano-con-spa\\\/spa-in-montagna\\\/#breadcrumb\",\"itemListElement\":[{\"@type\":\"ListItem\",\"position\":1,\"name\":\"Home\",\"item\":\"https:\\\/\\\/pfeiss.com\\\/it\\\/\"},{\"@type\":\"ListItem\",\"position\":2,\"name\":\"L&#8217; Hotel vicino a Merano all\u2019insegna del gusto &#8211; il Pfeiss a Lana\",\"item\":\"https:\\\/\\\/pfeiss.com\\\/it\\\/\"},{\"@type\":\"ListItem\",\"position\":3,\"name\":\"Area benessere\",\"item\":\"https:\\\/\\\/pfeiss.com\\\/it\\\/hotel-benessere-a-merano\\\/hotel-a-merano-con-spa\\\/\"},{\"@type\":\"ListItem\",\"position\":4,\"name\":\"Rituale della Sauna nel Pfeiss\"}]},{\"@type\":\"WebSite\",\"@id\":\"https:\\\/\\\/pfeiss.com\\\/en\\\/#website\",\"url\":\"https:\\\/\\\/pfeiss.com\\\/en\\\/\",\"name\":\"Hotel Pfeiss presso Merano\",\"description\":\"\",\"potentialAction\":[{\"@type\":\"SearchAction\",\"target\":{\"@type\":\"EntryPoint\",\"urlTemplate\":\"https:\\\/\\\/pfeiss.com\\\/en\\\/?s={search_term_string}\"},\"query-input\":{\"@type\":\"PropertyValueSpecification\",\"valueRequired\":true,\"valueName\":\"search_term_string\"}}],\"inLanguage\":\"it-IT\"}]}<\/script>\n<!-- \/ Yoast SEO plugin. -->","yoast_head_json":{"title":"Spa in montagna \u2022 rigenerarsi al Hotel Pfeiss a Lana | Prenota Ora!","description":"Nella nostra SPA in montagna, il rituale della sauna, vi aiuter\u00e0 a dimenticare per un momento tutte le preoccupazioni della vita quotidiana - Puro relax!","robots":{"index":"index","follow":"follow","max-snippet":"max-snippet:-1","max-image-preview":"max-image-preview:large","max-video-preview":"max-video-preview:-1"},"canonical":"https:\/\/pfeiss.com\/it\/hotel-benessere-a-merano\/hotel-a-merano-con-spa\/spa-in-montagna\/","og_locale":"it_IT","og_type":"article","og_title":"Spa in montagna \u2022 rigenerarsi al Hotel Pfeiss a Lana | Prenota Ora!","og_description":"Nella nostra SPA in montagna, il rituale della sauna, vi aiuter\u00e0 a dimenticare per un momento tutte le preoccupazioni della vita quotidiana - Puro relax!","og_url":"https:\/\/pfeiss.com\/it\/hotel-benessere-a-merano\/hotel-a-merano-con-spa\/spa-in-montagna\/","og_site_name":"Hotel Pfeiss presso Merano","article_publisher":"https:\/\/www.facebook.com\/Genusshotel.Pfeiss\/?ref=settings","article_modified_time":"2021-08-27T14:09:16+00:00","og_image":[{"url":"https:\/\/pfeiss.com\/wp-content\/uploads\/2016\/01\/DSC3788-160x240.jpg","type":"","width":"","height":""}],"twitter_card":"summary_large_image","twitter_misc":{"Tempo di lettura stimato":"3 minuti"},"schema":{"@context":"https:\/\/schema.org","@graph":[{"@type":"WebPage","@id":"https:\/\/pfeiss.com\/it\/hotel-benessere-a-merano\/hotel-a-merano-con-spa\/spa-in-montagna\/","url":"https:\/\/pfeiss.com\/it\/hotel-benessere-a-merano\/hotel-a-merano-con-spa\/spa-in-montagna\/","name":"Spa in montagna \u2022 rigenerarsi al Hotel Pfeiss a Lana | Prenota Ora!","isPartOf":{"@id":"https:\/\/pfeiss.com\/en\/#website"},"primaryImageOfPage":{"@id":"https:\/\/pfeiss.com\/it\/hotel-benessere-a-merano\/hotel-a-merano-con-spa\/spa-in-montagna\/#primaryimage"},"image":{"@id":"https:\/\/pfeiss.com\/it\/hotel-benessere-a-merano\/hotel-a-merano-con-spa\/spa-in-montagna\/#primaryimage"},"thumbnailUrl":"https:\/\/pfeiss.com\/wp-content\/uploads\/2016\/01\/DSC3788-160x240.jpg","datePublished":"2015-10-16T13:50:11+00:00","dateModified":"2021-08-27T14:09:16+00:00","description":"Nella nostra SPA in montagna, il rituale della sauna, vi aiuter\u00e0 a dimenticare per un momento tutte le preoccupazioni della vita quotidiana - Puro relax!","breadcrumb":{"@id":"https:\/\/pfeiss.com\/it\/hotel-benessere-a-merano\/hotel-a-merano-con-spa\/spa-in-montagna\/#breadcrumb"},"inLanguage":"it-IT","potentialAction":[{"@type":"ReadAction","target":["https:\/\/pfeiss.com\/it\/hotel-benessere-a-merano\/hotel-a-merano-con-spa\/spa-in-montagna\/"]}]},{"@type":"ImageObject","inLanguage":"it-IT","@id":"https:\/\/pfeiss.com\/it\/hotel-benessere-a-merano\/hotel-a-merano-con-spa\/spa-in-montagna\/#primaryimage","url":"https:\/\/pfeiss.com\/wp-content\/uploads\/2016\/01\/DSC3788-160x240.jpg","contentUrl":"https:\/\/pfeiss.com\/wp-content\/uploads\/2016\/01\/DSC3788-160x240.jpg"},{"@type":"BreadcrumbList","@id":"https:\/\/pfeiss.com\/it\/hotel-benessere-a-merano\/hotel-a-merano-con-spa\/spa-in-montagna\/#breadcrumb","itemListElement":[{"@type":"ListItem","position":1,"name":"Home","item":"https:\/\/pfeiss.com\/it\/"},{"@type":"ListItem","position":2,"name":"L&#8217; Hotel vicino a Merano all\u2019insegna del gusto &#8211; il Pfeiss a Lana","item":"https:\/\/pfeiss.com\/it\/"},{"@type":"ListItem","position":3,"name":"Area benessere","item":"https:\/\/pfeiss.com\/it\/hotel-benessere-a-merano\/hotel-a-merano-con-spa\/"},{"@type":"ListItem","position":4,"name":"Rituale della Sauna nel Pfeiss"}]},{"@type":"WebSite","@id":"https:\/\/pfeiss.com\/en\/#website","url":"https:\/\/pfeiss.com\/en\/","name":"Hotel Pfeiss presso Merano","description":"","potentialAction":[{"@type":"SearchAction","target":{"@type":"EntryPoint","urlTemplate":"https:\/\/pfeiss.com\/en\/?s={search_term_string}"},"query-input":{"@type":"PropertyValueSpecification","valueRequired":true,"valueName":"search_term_string"}}],"inLanguage":"it-IT"}]}},"_links":{"self":[{"href":"https:\/\/pfeiss.com\/it\/wp-json\/wp\/v2\/pages\/180","targetHints":{"allow":["GET"]}}],"collection":[{"href":"https:\/\/pfeiss.com\/it\/wp-json\/wp\/v2\/pages"}],"about":[{"href":"https:\/\/pfeiss.com\/it\/wp-json\/wp\/v2\/types\/page"}],"author":[{"embeddable":true,"href":"https:\/\/pfeiss.com\/it\/wp-json\/wp\/v2\/users\/1"}],"replies":[{"embeddable":true,"href":"https:\/\/pfeiss.com\/it\/wp-json\/wp\/v2\/comments?post=180"}],"version-history":[{"count":0,"href":"https:\/\/pfeiss.com\/it\/wp-json\/wp\/v2\/pages\/180\/revisions"}],"up":[{"embeddable":true,"href":"https:\/\/pfeiss.com\/it\/wp-json\/wp\/v2\/pages\/377"}],"wp:attachment":[{"href":"https:\/\/pfeiss.com\/it\/wp-json\/wp\/v2\/media?parent=180"}],"curies":[{"name":"wp","href":"https:\/\/api.w.org\/{rel}","templated":true}]}}