{"id":2237,"date":"2018-02-07T14:15:11","date_gmt":"2018-02-07T13:15:11","guid":{"rendered":"https:\/\/pfeiss.info\/it\/?page_id=2237"},"modified":"2022-11-28T15:21:42","modified_gmt":"2022-11-28T14:21:42","slug":"day-spa","status":"publish","type":"page","link":"https:\/\/pfeiss.com\/it\/hotel-benessere-a-merano\/hotel-a-merano-con-spa\/day-spa\/","title":{"rendered":"Day Spa Hotel Pfeiss"},"content":{"rendered":"<h3>La Day Spa al Pfeiss<\/h3>\n<p>Sfuggite dalla routine quotidiana e <strong>godetevi una meritata pausa<\/strong> con un <strong>Day Spa all\u2019Hotel Pfeiss<\/strong>. Vi attender\u00e0 un\u2019<a href=\"https:\/\/pfeiss.com\/it\/hotel-benessere-a-merano\/hotel-a-merano-con-spa\/\">oasi di benessere e di relax<\/a> in un\u2019accogliente atmosfera in mezzo alla natura. Lasciatevi coccolare dal nostro <a href=\"https:\/\/pfeiss.com\/it\/hotel-benessere-a-merano\/hotel-a-merano-con-spa\/massaggi-e-trattamenti\/\">massaggiatore<\/a> certificato Claudio oppure dalla nostra massaggiatrice e estetista Juliane, godendovi ogni minuto della vostra giornata di vacanza al Hotel Pfeiss di Lana.<\/p>\n<h3><a href=\"https:\/\/pfeiss.com\/wp-content\/uploads\/2015\/08\/hotel-pfeiss-2-WEB-21.jpg\"><img decoding=\"async\" class=\"alignright wp-image-1107\" src=\"https:\/\/pfeiss.com\/wp-content\/uploads\/2015\/08\/hotel-pfeiss-2-WEB-21-800x533.jpg\" alt=\"Day Spa - idromassaggio - hotel 4 stelle - Lana presso merano- vacanza\" width=\"700\" height=\"467\" srcset=\"https:\/\/pfeiss.com\/wp-content\/uploads\/2015\/08\/hotel-pfeiss-2-WEB-21-800x533.jpg 800w, https:\/\/pfeiss.com\/wp-content\/uploads\/2015\/08\/hotel-pfeiss-2-WEB-21-1024x683.jpg 1024w, https:\/\/pfeiss.com\/wp-content\/uploads\/2015\/08\/hotel-pfeiss-2-WEB-21-768x512.jpg 768w, https:\/\/pfeiss.com\/wp-content\/uploads\/2015\/08\/hotel-pfeiss-2-WEB-21-1536x1024.jpg 1536w, https:\/\/pfeiss.com\/wp-content\/uploads\/2015\/08\/hotel-pfeiss-2-WEB-21-2048x1365.jpg 2048w, https:\/\/pfeiss.com\/wp-content\/uploads\/2015\/08\/hotel-pfeiss-2-WEB-21-600x400.jpg 600w, https:\/\/pfeiss.com\/wp-content\/uploads\/2015\/08\/hotel-pfeiss-2-WEB-21-240x160.jpg 240w, https:\/\/pfeiss.com\/wp-content\/uploads\/2015\/08\/hotel-pfeiss-2-WEB-21-380x253.jpg 380w\" sizes=\"(max-width: 700px) 100vw, 700px\" \/><\/a><\/h3>\n<h2>Relax in tutte le sue sfaccettature &#8211; Day Spa a Merano<\/h2>\n<ul>\n<li>1200 m\u00b2 in- e outdoor Wellness alla Day Spa nel Pfeiss:<\/li>\n<li><a href=\"https:\/\/pfeiss.com\/it\/hotel-benessere-a-merano\/hotel-a-merano-con-spa\/piscina-riscaldata\/\">piscina interna<\/a> a sfioro con sauna dress on, ma anche<\/li>\n<li>piscina all&#8217;aperto con acqua salata riscaldata tutto l&#8217;anno circondata da un ampio prato prendi sole.<\/li>\n<li><strong>due vasce idromassaggi al sale<\/strong> con annessi lettini da giorno, e come speciale punto culminante una<\/li>\n<li><a href=\"https:\/\/pfeiss.com\/it\/hotel-benessere-a-merano\/hotel-a-merano-con-spa\/sauna-e-spa\/\">sauna<\/a> finnlandese con finestra panoramica e Aufguss pi\u00f9 volte alla settimana. Poi<\/li>\n<li>sauna bio alle erbe con vista sulle cime delle montagne dell&#8217;Alto Adige e naturalmente<\/li>\n<li><strong>bagno turco<\/strong> con peeling fatti in casa, ad esempio con erbe fresche dal giardino.<strong><br \/>\n<\/strong><\/li>\n<li>Sauna a Infrarossi, e per il relax dopo<\/li>\n<li>sale relax con <strong>letti ad acqua<\/strong>, nicchie e straia a dondolo sospese.<\/li>\n<li>lounge esterna con percorso <strong>Kneipp<\/strong> per rinfrescarsi dopo la sauna<\/li>\n<li>Tea Bar con lounge relax e<\/li>\n<li>uso gratuito del solarium<\/li>\n<\/ul>\n<h3>Un nostro highlight: il Rituale Sauna Pfeiss<\/h3>\n<p>Il nostro <a href=\"https:\/\/pfeiss.com\/it\/hotel-benessere-a-merano\/hotel-a-merano-con-spa\/spa-in-montagna\/\">Rituale Sauna Pfeiss<\/a> dura circa<strong> 90 minuti<\/strong> e combina diverse sessioni di sauna con le successive fasi di riposo. Tra una sauna e l\u2019altra, il corpo si rilassa con diversi t\u00e8 rigenerativi e succhi di frutta appena spremuti. Nel frattempo, il nostro <strong>master di Aufguss e massaggiatore Claudio<\/strong> vi coccoler\u00e0 con brevi unit\u00e0 di massaggio e impacchi per il corpo.<\/p>\n<p>Lo speciale rituale \u00e8 adatto a tutti. Poich\u00e9, non importa se amanti della sauna o principianti, il nostro master di Aufguss Claudio sar\u00e0 sempre al vostro fianco con consigli ed il da farsi. Quindi, non perdete l\u2019occasione di rendere la vostra pausa SPA ancora pi\u00f9 indimenticabile.<\/p>\n<p><a href=\"https:\/\/pfeiss.com\/wp-content\/uploads\/2015\/07\/a-0427.jpg\"><img decoding=\"async\" class=\"alignright wp-image-2273 size-Content-Bild\" title=\"Day Spa in Lana, Hotel 4 Sterne, S\u00fcdtirol outdoor pool\" src=\"https:\/\/pfeiss.com\/wp-content\/uploads\/2015\/07\/a-0427-600x435.jpg\" alt=\"Day Spa a Lana, Hotel 4 stelle, S\u00fcdtirol outdoor pool\" width=\"600\" height=\"435\" srcset=\"https:\/\/pfeiss.com\/wp-content\/uploads\/2015\/07\/a-0427-600x435.jpg 600w, https:\/\/pfeiss.com\/wp-content\/uploads\/2015\/07\/a-0427-800x580.jpg 800w, https:\/\/pfeiss.com\/wp-content\/uploads\/2015\/07\/a-0427-1024x742.jpg 1024w, https:\/\/pfeiss.com\/wp-content\/uploads\/2015\/07\/a-0427-360x260.jpg 360w, https:\/\/pfeiss.com\/wp-content\/uploads\/2015\/07\/a-0427-240x174.jpg 240w, https:\/\/pfeiss.com\/wp-content\/uploads\/2015\/07\/a-0427-380x275.jpg 380w\" sizes=\"(max-width: 600px) 100vw, 600px\" \/><\/a><\/p>\n<h3>I nostri prezzi per i vostri momenti di relax al&#8217;Hotel Pfeiss:<\/h3>\n<p>&#8211; <strong>Day Spa only &#8211; <\/strong>49\u20ac<\/p>\n<p>&#8211; Day Spa &amp; colazione &#8211; 69\u20ac<\/p>\n<p>&#8211; Day Spa &amp; cena a 6 portate &#8211; 99\u20ac<\/p>\n<p>&#8211; Day Spa Deluxe con colazione e cena a 6 portate &#8211; 118\u20ac<\/p>\n<p><strong>Baster\u00e0 chiamare in anticipo e fare una prenotazione. Non vediamo l&#8217;ora di darvi il benvenuto!<\/strong><\/p>\n<p><em><strong>Orari d\u2019apertura:<\/strong><br \/>\n<\/em><em>zona wellness: 11.00 &#8211; 19.00 Uhr<\/em><em><br \/>\nsaune: 14.00 &#8211; 18.30 Uhr<br \/>\npiscina interna: 11.00-18.45 Uhr<br \/>\npiscina esterna: 14.00-18.00 Uhr<\/em><\/p>\n<p><strong><em>-Il buffet di colazione \u00e8 aperto dalle ore 07.30 alle 10.00<br \/>\n<\/em><\/strong><\/p>\n<p><strong><em>-Per il men\u00f9 serale vi preghiamo di presentarVi a tavola tra le ore 18.30 e le 19.45<\/em><\/strong><\/p>\n","protected":false},"excerpt":{"rendered":"<p>La Day Spa al Pfeiss Sfuggite dalla routine quotidiana e godetevi una meritata pausa con un Day Spa all\u2019Hotel Pfeiss. Vi attender\u00e0 un\u2019oasi di benessere e di relax in un\u2019accogliente atmosfera in mezzo alla natura. Lasciatevi coccolare dal nostro massaggiatore certificato Claudio oppure dalla nostra massaggiatrice e estetista Juliane, godendovi ogni minuto della vostra giornata [&hellip;]<\/p>\n","protected":false},"author":2,"featured_media":0,"parent":377,"menu_order":5,"comment_status":"closed","ping_status":"closed","template":"","meta":{"_acf_changed":false,"footnotes":""},"class_list":["post-2237","page","type-page","status-publish","hentry"],"acf":[],"yoast_head":"<!-- This site is optimized with the Yoast SEO plugin v27.3 - https:\/\/yoast.com\/product\/yoast-seo-wordpress\/ -->\n<title>Day Spa al Pfeiss - Un&#039;oasi di benessere in mezzo ai meli | Prenota subito!<\/title>\n<meta name=\"description\" content=\"Una giornata di Day Spa al insegna del relax - lasciatevi viziare e coccolare dimenticanto per qualche ora lo stress quotidiano. \u2713piscine \u2713saune \u2713giardino\" \/>\n<meta name=\"robots\" content=\"index, follow, max-snippet:-1, max-image-preview:large, max-video-preview:-1\" \/>\n<link rel=\"canonical\" href=\"https:\/\/pfeiss.com\/it\/hotel-benessere-a-merano\/hotel-a-merano-con-spa\/day-spa\/\" \/>\n<meta property=\"og:locale\" content=\"it_IT\" \/>\n<meta property=\"og:type\" content=\"article\" \/>\n<meta property=\"og:title\" content=\"Day Spa al Pfeiss - Un&#039;oasi di benessere in mezzo ai meli | Prenota subito!\" \/>\n<meta property=\"og:description\" content=\"Una giornata di Day Spa al insegna del relax - lasciatevi viziare e coccolare dimenticanto per qualche ora lo stress quotidiano. \u2713piscine \u2713saune \u2713giardino\" \/>\n<meta property=\"og:url\" content=\"https:\/\/pfeiss.com\/it\/hotel-benessere-a-merano\/hotel-a-merano-con-spa\/day-spa\/\" \/>\n<meta property=\"og:site_name\" content=\"Hotel Pfeiss presso Merano\" \/>\n<meta property=\"article:publisher\" content=\"https:\/\/www.facebook.com\/Genusshotel.Pfeiss\/?ref=settings\" \/>\n<meta property=\"article:modified_time\" content=\"2022-11-28T14:21:42+00:00\" \/>\n<meta property=\"og:image\" content=\"https:\/\/pfeiss.com\/wp-content\/uploads\/2015\/08\/hotel-pfeiss-2-WEB-21-800x533.jpg\" \/>\n<meta name=\"twitter:card\" content=\"summary_large_image\" \/>\n<meta name=\"twitter:label1\" content=\"Tempo di lettura stimato\" \/>\n\t<meta name=\"twitter:data1\" content=\"3 minuti\" \/>\n<script type=\"application\/ld+json\" class=\"yoast-schema-graph\">{\"@context\":\"https:\\\/\\\/schema.org\",\"@graph\":[{\"@type\":\"WebPage\",\"@id\":\"https:\\\/\\\/pfeiss.com\\\/it\\\/hotel-benessere-a-merano\\\/hotel-a-merano-con-spa\\\/day-spa\\\/\",\"url\":\"https:\\\/\\\/pfeiss.com\\\/it\\\/hotel-benessere-a-merano\\\/hotel-a-merano-con-spa\\\/day-spa\\\/\",\"name\":\"Day Spa al Pfeiss - Un'oasi di benessere in mezzo ai meli | Prenota subito!\",\"isPartOf\":{\"@id\":\"https:\\\/\\\/pfeiss.com\\\/en\\\/#website\"},\"primaryImageOfPage\":{\"@id\":\"https:\\\/\\\/pfeiss.com\\\/it\\\/hotel-benessere-a-merano\\\/hotel-a-merano-con-spa\\\/day-spa\\\/#primaryimage\"},\"image\":{\"@id\":\"https:\\\/\\\/pfeiss.com\\\/it\\\/hotel-benessere-a-merano\\\/hotel-a-merano-con-spa\\\/day-spa\\\/#primaryimage\"},\"thumbnailUrl\":\"https:\\\/\\\/pfeiss.com\\\/wp-content\\\/uploads\\\/2015\\\/08\\\/hotel-pfeiss-2-WEB-21-800x533.jpg\",\"datePublished\":\"2018-02-07T13:15:11+00:00\",\"dateModified\":\"2022-11-28T14:21:42+00:00\",\"description\":\"Una giornata di Day Spa al insegna del relax - lasciatevi viziare e coccolare dimenticanto per qualche ora lo stress quotidiano. \u2713piscine \u2713saune \u2713giardino\",\"breadcrumb\":{\"@id\":\"https:\\\/\\\/pfeiss.com\\\/it\\\/hotel-benessere-a-merano\\\/hotel-a-merano-con-spa\\\/day-spa\\\/#breadcrumb\"},\"inLanguage\":\"it-IT\",\"potentialAction\":[{\"@type\":\"ReadAction\",\"target\":[\"https:\\\/\\\/pfeiss.com\\\/it\\\/hotel-benessere-a-merano\\\/hotel-a-merano-con-spa\\\/day-spa\\\/\"]}]},{\"@type\":\"ImageObject\",\"inLanguage\":\"it-IT\",\"@id\":\"https:\\\/\\\/pfeiss.com\\\/it\\\/hotel-benessere-a-merano\\\/hotel-a-merano-con-spa\\\/day-spa\\\/#primaryimage\",\"url\":\"https:\\\/\\\/pfeiss.com\\\/wp-content\\\/uploads\\\/2015\\\/08\\\/hotel-pfeiss-2-WEB-21-800x533.jpg\",\"contentUrl\":\"https:\\\/\\\/pfeiss.com\\\/wp-content\\\/uploads\\\/2015\\\/08\\\/hotel-pfeiss-2-WEB-21-800x533.jpg\"},{\"@type\":\"BreadcrumbList\",\"@id\":\"https:\\\/\\\/pfeiss.com\\\/it\\\/hotel-benessere-a-merano\\\/hotel-a-merano-con-spa\\\/day-spa\\\/#breadcrumb\",\"itemListElement\":[{\"@type\":\"ListItem\",\"position\":1,\"name\":\"Home\",\"item\":\"https:\\\/\\\/pfeiss.com\\\/it\\\/\"},{\"@type\":\"ListItem\",\"position\":2,\"name\":\"L&#8217; Hotel vicino a Merano all\u2019insegna del gusto &#8211; il Pfeiss a Lana\",\"item\":\"https:\\\/\\\/pfeiss.com\\\/it\\\/\"},{\"@type\":\"ListItem\",\"position\":3,\"name\":\"Area benessere\",\"item\":\"https:\\\/\\\/pfeiss.com\\\/it\\\/hotel-benessere-a-merano\\\/hotel-a-merano-con-spa\\\/\"},{\"@type\":\"ListItem\",\"position\":4,\"name\":\"Day Spa Hotel Pfeiss\"}]},{\"@type\":\"WebSite\",\"@id\":\"https:\\\/\\\/pfeiss.com\\\/en\\\/#website\",\"url\":\"https:\\\/\\\/pfeiss.com\\\/en\\\/\",\"name\":\"Hotel Pfeiss presso Merano\",\"description\":\"\",\"potentialAction\":[{\"@type\":\"SearchAction\",\"target\":{\"@type\":\"EntryPoint\",\"urlTemplate\":\"https:\\\/\\\/pfeiss.com\\\/en\\\/?s={search_term_string}\"},\"query-input\":{\"@type\":\"PropertyValueSpecification\",\"valueRequired\":true,\"valueName\":\"search_term_string\"}}],\"inLanguage\":\"it-IT\"}]}<\/script>\n<!-- \/ Yoast SEO plugin. -->","yoast_head_json":{"title":"Day Spa al Pfeiss - Un'oasi di benessere in mezzo ai meli | Prenota subito!","description":"Una giornata di Day Spa al insegna del relax - lasciatevi viziare e coccolare dimenticanto per qualche ora lo stress quotidiano. \u2713piscine \u2713saune \u2713giardino","robots":{"index":"index","follow":"follow","max-snippet":"max-snippet:-1","max-image-preview":"max-image-preview:large","max-video-preview":"max-video-preview:-1"},"canonical":"https:\/\/pfeiss.com\/it\/hotel-benessere-a-merano\/hotel-a-merano-con-spa\/day-spa\/","og_locale":"it_IT","og_type":"article","og_title":"Day Spa al Pfeiss - Un'oasi di benessere in mezzo ai meli | Prenota subito!","og_description":"Una giornata di Day Spa al insegna del relax - lasciatevi viziare e coccolare dimenticanto per qualche ora lo stress quotidiano. \u2713piscine \u2713saune \u2713giardino","og_url":"https:\/\/pfeiss.com\/it\/hotel-benessere-a-merano\/hotel-a-merano-con-spa\/day-spa\/","og_site_name":"Hotel Pfeiss presso Merano","article_publisher":"https:\/\/www.facebook.com\/Genusshotel.Pfeiss\/?ref=settings","article_modified_time":"2022-11-28T14:21:42+00:00","og_image":[{"url":"https:\/\/pfeiss.com\/wp-content\/uploads\/2015\/08\/hotel-pfeiss-2-WEB-21-800x533.jpg","type":"","width":"","height":""}],"twitter_card":"summary_large_image","twitter_misc":{"Tempo di lettura stimato":"3 minuti"},"schema":{"@context":"https:\/\/schema.org","@graph":[{"@type":"WebPage","@id":"https:\/\/pfeiss.com\/it\/hotel-benessere-a-merano\/hotel-a-merano-con-spa\/day-spa\/","url":"https:\/\/pfeiss.com\/it\/hotel-benessere-a-merano\/hotel-a-merano-con-spa\/day-spa\/","name":"Day Spa al Pfeiss - Un'oasi di benessere in mezzo ai meli | Prenota subito!","isPartOf":{"@id":"https:\/\/pfeiss.com\/en\/#website"},"primaryImageOfPage":{"@id":"https:\/\/pfeiss.com\/it\/hotel-benessere-a-merano\/hotel-a-merano-con-spa\/day-spa\/#primaryimage"},"image":{"@id":"https:\/\/pfeiss.com\/it\/hotel-benessere-a-merano\/hotel-a-merano-con-spa\/day-spa\/#primaryimage"},"thumbnailUrl":"https:\/\/pfeiss.com\/wp-content\/uploads\/2015\/08\/hotel-pfeiss-2-WEB-21-800x533.jpg","datePublished":"2018-02-07T13:15:11+00:00","dateModified":"2022-11-28T14:21:42+00:00","description":"Una giornata di Day Spa al insegna del relax - lasciatevi viziare e coccolare dimenticanto per qualche ora lo stress quotidiano. \u2713piscine \u2713saune \u2713giardino","breadcrumb":{"@id":"https:\/\/pfeiss.com\/it\/hotel-benessere-a-merano\/hotel-a-merano-con-spa\/day-spa\/#breadcrumb"},"inLanguage":"it-IT","potentialAction":[{"@type":"ReadAction","target":["https:\/\/pfeiss.com\/it\/hotel-benessere-a-merano\/hotel-a-merano-con-spa\/day-spa\/"]}]},{"@type":"ImageObject","inLanguage":"it-IT","@id":"https:\/\/pfeiss.com\/it\/hotel-benessere-a-merano\/hotel-a-merano-con-spa\/day-spa\/#primaryimage","url":"https:\/\/pfeiss.com\/wp-content\/uploads\/2015\/08\/hotel-pfeiss-2-WEB-21-800x533.jpg","contentUrl":"https:\/\/pfeiss.com\/wp-content\/uploads\/2015\/08\/hotel-pfeiss-2-WEB-21-800x533.jpg"},{"@type":"BreadcrumbList","@id":"https:\/\/pfeiss.com\/it\/hotel-benessere-a-merano\/hotel-a-merano-con-spa\/day-spa\/#breadcrumb","itemListElement":[{"@type":"ListItem","position":1,"name":"Home","item":"https:\/\/pfeiss.com\/it\/"},{"@type":"ListItem","position":2,"name":"L&#8217; Hotel vicino a Merano all\u2019insegna del gusto &#8211; il Pfeiss a Lana","item":"https:\/\/pfeiss.com\/it\/"},{"@type":"ListItem","position":3,"name":"Area benessere","item":"https:\/\/pfeiss.com\/it\/hotel-benessere-a-merano\/hotel-a-merano-con-spa\/"},{"@type":"ListItem","position":4,"name":"Day Spa Hotel Pfeiss"}]},{"@type":"WebSite","@id":"https:\/\/pfeiss.com\/en\/#website","url":"https:\/\/pfeiss.com\/en\/","name":"Hotel Pfeiss presso Merano","description":"","potentialAction":[{"@type":"SearchAction","target":{"@type":"EntryPoint","urlTemplate":"https:\/\/pfeiss.com\/en\/?s={search_term_string}"},"query-input":{"@type":"PropertyValueSpecification","valueRequired":true,"valueName":"search_term_string"}}],"inLanguage":"it-IT"}]}},"_links":{"self":[{"href":"https:\/\/pfeiss.com\/it\/wp-json\/wp\/v2\/pages\/2237","targetHints":{"allow":["GET"]}}],"collection":[{"href":"https:\/\/pfeiss.com\/it\/wp-json\/wp\/v2\/pages"}],"about":[{"href":"https:\/\/pfeiss.com\/it\/wp-json\/wp\/v2\/types\/page"}],"author":[{"embeddable":true,"href":"https:\/\/pfeiss.com\/it\/wp-json\/wp\/v2\/users\/2"}],"replies":[{"embeddable":true,"href":"https:\/\/pfeiss.com\/it\/wp-json\/wp\/v2\/comments?post=2237"}],"version-history":[{"count":0,"href":"https:\/\/pfeiss.com\/it\/wp-json\/wp\/v2\/pages\/2237\/revisions"}],"up":[{"embeddable":true,"href":"https:\/\/pfeiss.com\/it\/wp-json\/wp\/v2\/pages\/377"}],"wp:attachment":[{"href":"https:\/\/pfeiss.com\/it\/wp-json\/wp\/v2\/media?parent=2237"}],"curies":[{"name":"wp","href":"https:\/\/api.w.org\/{rel}","templated":true}]}}