{"id":249,"date":"2015-10-22T09:54:43","date_gmt":"2015-10-22T07:54:43","guid":{"rendered":"https:\/\/pfeiss.info\/it\/?page_id=249"},"modified":"2024-05-17T23:04:49","modified_gmt":"2024-05-17T21:04:49","slug":"hotel-benessere-a-merano","status":"publish","type":"page","link":"https:\/\/pfeiss.com\/it\/","title":{"rendered":"L&#8217; Hotel vicino a Merano all\u2019insegna del gusto &#8211; il Pfeiss a Lana"},"content":{"rendered":"<p style=\"text-align: justify;\"><div class=\"two-columns\"><p>Il vostro Hotel <strong>vicino a Merano<\/strong>. Trascorrete giornate meravigliose nel nostro Pfeiss e godetevi<\/p>\n<p style=\"text-align: justify;\"><strong>i piaceri in tutte le loro sfaccettature!<\/strong><\/p>\n<p style=\"text-align: justify;\">Sia che cerchiate la <strong>pace e il relax<\/strong>, che vi godiate la <strong>natura<\/strong> o che preferiate trascorrere attivamente la vostra vacanza all\u2019aria aperta. Noi del Pfeiss facciamo del nostro meglio per rendere la vostra <strong>vacanza benessere<\/strong> in Alto Adige il pi\u00f9 piacevole possibile. Qui all\u2019hotel vicino a Merano diamo grande importanza a soddisfare la variopinta variet\u00e0 di desideri di vacanza e ad offrire ai nostri ospiti un indimenticabile soggiorno.<\/p>\n<p style=\"text-align: justify;\">Situato in mezzo ai frutteti dell\u2019Alto Adige, il nostro accogliente hotel con spa a Lana vicino a Merano \u00e8 il <strong>punto di partenza ideale<\/strong> per escursioni in <a href=\"https:\/\/pfeiss.com\/it\/hotel-benessere-a-merano\/vacanze-attive\/mountainbike\/\"><strong>bicicletta<\/strong><\/a>, <strong><a href=\"https:\/\/pfeiss.com\/it\/hotel-benessere-a-merano\/vacanze-attive\/escursioni-in-alto-adige\/\">trekking e alpinismo<\/a><\/strong>. Il padrone di casa Paul \u00dcberbacher sar\u00e0 lieto di assistervi, se lo desiderate. Egli raccomanda alcuni dei pi\u00f9 bei <a href=\"https:\/\/www.merano-suedtirol.it\/it\/da-scoprire\/temi-di-viaggio\/vacanze-in-montagna\/escursioni.html\">sentieri escursionistici di Lana e dintorni<\/a>. Esplorate dunque lo <strong>spettacolare mondo alpino<\/strong> intorno a Merano di propria iniziativa o con tour guidati. La nostra nuova <strong><a href=\"https:\/\/pfeiss.com\/it\/hotel-benessere-a-merano\/hotel-a-merano-con-spa\/\">area benessere<\/a><\/strong> compreso il prato per prendere il sole con piscina riscaldata, offre <strong>relax e svago<\/strong>. Sperimentate un ulteriore senso di benessere durante <a href=\"https:\/\/pfeiss.com\/it\/hotel-benessere-a-merano\/hotel-a-merano-con-spa\/massaggi-e-trattamenti\/\">massaggi e trattamenti di bellezza<\/a>. Inoltre, il nostro chef Thomas Spitaler vi incanter\u00e0 quotidianamente con <a href=\"https:\/\/pfeiss.com\/it\/hotel-benessere-a-merano\/hotel-per-buongustai\/gourmet\/\">creazioni gastronomiche<\/a> squisite e innovative. Che nel senso della nostra filosofia alberghiere si basano sulla qualit\u00e0 dei prodotti regionali.<\/p><\/div><\/p>\n<h2>La Famiglia \u00dcberbacher, i padroni di casa al Pfeiss &#8211; l&#8217;hotel vicino a Merano<\/h2>\n<p style=\"text-align: justify;\"><a href=\"https:\/\/pfeiss.com\/wp-content\/uploads\/2016\/01\/DSC4206.jpg\"><img decoding=\"async\" class=\"aligncenter wp-image-2795 size-medium\" src=\"https:\/\/pfeiss.com\/wp-content\/uploads\/2016\/01\/DSC4206-800x533.jpg\" alt=\"Hotel vicino a Merano, l'hotel all'insegna dei piaceri\" width=\"800\" height=\"533\" srcset=\"https:\/\/pfeiss.com\/wp-content\/uploads\/2016\/01\/DSC4206-800x533.jpg 800w, https:\/\/pfeiss.com\/wp-content\/uploads\/2016\/01\/DSC4206-1024x683.jpg 1024w, https:\/\/pfeiss.com\/wp-content\/uploads\/2016\/01\/DSC4206-600x400.jpg 600w, https:\/\/pfeiss.com\/wp-content\/uploads\/2016\/01\/DSC4206-240x160.jpg 240w, https:\/\/pfeiss.com\/wp-content\/uploads\/2016\/01\/DSC4206-380x253.jpg 380w\" sizes=\"(max-width: 800px) 100vw, 800px\" \/><\/a><\/p>\n<p style=\"text-align: justify;\">Noi della <strong>Famiglia \u00dcberbacher<\/strong>, viviamo e lavoriamo insieme in questo hotel vicino a Merano gi\u00e0 da <a href=\"https:\/\/pfeiss.com\/it\/hotel-benessere-a-merano\/hotel-in-alto-adige\/filosofia-hotel-4-stelle\/\">tre generazioni<\/a>.<\/p>\n<p style=\"text-align: justify;\">Sin dalla fondazione, la <strong>tradizione e l\u2019ospitalit\u00e0 altoatesina<\/strong> ci \u00e8 stata di grande importanza. In altre parole la filosofia che nel Pfeiss, l\u2019hotel vicino a Merano viene seguita ancora oggi.<\/p>\n<h3>L&#8217;accoglienza al Pfeiss<\/h3>\n<p style=\"text-align: justify;\">Conseguentemente, per il nuovo hotel a 4 stelle vicino a Merano abbiamo cercato un design adatto, che rispecchi la nostra filosofia. Abbiamo creato un\u2019ambiente fresco e moderno, mantenendolo per\u00f2 naturale e autentico. Un\u2019design unico per un posto speciale. Ma la cosa pi\u00f9 bella \u00e8 che, anche se la nostra casa \u00e8 cambiata parecchio nel corso di oltre 60 anni, i valori di famiglia e il concetto di fondo sono rimasti invariati.<\/p>\n<p style=\"text-align: justify;\">Tutto sommato, riuscire a offrirvi una vacanza indimenticabile piena di piaceri \u00e8 il nostro motto. <a href=\"https:\/\/pfeiss.com\/it\/hotel-benessere-a-merano\/hotel-a-merano-con-spa\/\">Relax<\/a>, <a href=\"https:\/\/pfeiss.com\/it\/hotel-benessere-a-merano\/vacanze-attive\/\">svago<\/a>, <a href=\"https:\/\/pfeiss.com\/it\/hotel-benessere-a-merano\/hotel-per-buongustai\/gourmet\/\">ottima cucina<\/a> e attivit\u00e0 individuali per il tempo libero sono tra altro i componenti fondamentali. Indispensabili per una perfetta vacanza al Pfeiss, il vostro <strong>hotel vicino a Merano<\/strong>.<\/p>\n","protected":false},"excerpt":{"rendered":"<p>La Famiglia \u00dcberbacher, i padroni di casa al Pfeiss &#8211; l&#8217;hotel vicino a Merano Noi della Famiglia \u00dcberbacher, viviamo e lavoriamo insieme in questo hotel vicino a Merano gi\u00e0 da tre generazioni. Sin dalla fondazione, la tradizione e l\u2019ospitalit\u00e0 altoatesina ci \u00e8 stata di grande importanza. In altre parole la filosofia che nel Pfeiss, l\u2019hotel [&hellip;]<\/p>\n","protected":false},"author":1,"featured_media":0,"parent":0,"menu_order":1,"comment_status":"closed","ping_status":"closed","template":"","meta":{"_acf_changed":false,"footnotes":""},"class_list":["post-249","page","type-page","status-publish","hentry"],"acf":[],"yoast_head":"<!-- This site is optimized with the Yoast SEO plugin v27.3 - https:\/\/yoast.com\/product\/yoast-seo-wordpress\/ -->\n<title>Hotel Pfeiss Lana | Vacanze attive benessere Merano Alto Adige<\/title>\n<meta name=\"description\" content=\"Trascorrete magnifiche giornate in Hotel 4 stelle a Lana nel Pfeiss vicino a Merano in Alto Adige \u2714\ufe0fbenessere e piacere in ogni sfaccettatura\" \/>\n<meta name=\"robots\" content=\"index, follow, max-snippet:-1, max-image-preview:large, max-video-preview:-1\" \/>\n<link rel=\"canonical\" href=\"https:\/\/pfeiss.com\/it\/\" \/>\n<meta property=\"og:locale\" content=\"it_IT\" \/>\n<meta property=\"og:type\" content=\"article\" \/>\n<meta property=\"og:title\" content=\"Hotel Pfeiss Lana | Vacanze attive benessere Merano Alto Adige\" \/>\n<meta property=\"og:description\" content=\"Trascorrete magnifiche giornate in Hotel 4 stelle a Lana nel Pfeiss vicino a Merano in Alto Adige \u2714\ufe0fbenessere e piacere in ogni sfaccettatura\" \/>\n<meta property=\"og:url\" content=\"https:\/\/pfeiss.com\/it\/\" \/>\n<meta property=\"og:site_name\" content=\"Hotel Pfeiss presso Merano\" \/>\n<meta property=\"article:publisher\" content=\"https:\/\/www.facebook.com\/Genusshotel.Pfeiss\/?ref=settings\" \/>\n<meta property=\"article:modified_time\" content=\"2024-05-17T21:04:49+00:00\" \/>\n<meta property=\"og:image\" content=\"https:\/\/pfeiss.com\/wp-content\/uploads\/2016\/01\/DSC4206-800x533.jpg\" \/>\n<meta name=\"twitter:card\" content=\"summary_large_image\" \/>\n<meta name=\"twitter:label1\" content=\"Tempo di lettura stimato\" \/>\n\t<meta name=\"twitter:data1\" content=\"3 minuti\" \/>\n<script type=\"application\/ld+json\" class=\"yoast-schema-graph\">{\"@context\":\"https:\\\/\\\/schema.org\",\"@graph\":[{\"@type\":\"WebPage\",\"@id\":\"https:\\\/\\\/pfeiss.com\\\/it\\\/\",\"url\":\"https:\\\/\\\/pfeiss.com\\\/it\\\/\",\"name\":\"Hotel Pfeiss Lana | Vacanze attive benessere Merano Alto Adige\",\"isPartOf\":{\"@id\":\"https:\\\/\\\/pfeiss.com\\\/en\\\/#website\"},\"primaryImageOfPage\":{\"@id\":\"https:\\\/\\\/pfeiss.com\\\/it\\\/#primaryimage\"},\"image\":{\"@id\":\"https:\\\/\\\/pfeiss.com\\\/it\\\/#primaryimage\"},\"thumbnailUrl\":\"https:\\\/\\\/pfeiss.com\\\/wp-content\\\/uploads\\\/2016\\\/01\\\/DSC4206-800x533.jpg\",\"datePublished\":\"2015-10-22T07:54:43+00:00\",\"dateModified\":\"2024-05-17T21:04:49+00:00\",\"description\":\"Trascorrete magnifiche giornate in Hotel 4 stelle a Lana nel Pfeiss vicino a Merano in Alto Adige \u2714\ufe0fbenessere e piacere in ogni sfaccettatura\",\"breadcrumb\":{\"@id\":\"https:\\\/\\\/pfeiss.com\\\/it\\\/#breadcrumb\"},\"inLanguage\":\"it-IT\",\"potentialAction\":[{\"@type\":\"ReadAction\",\"target\":[\"https:\\\/\\\/pfeiss.com\\\/it\\\/\"]}]},{\"@type\":\"ImageObject\",\"inLanguage\":\"it-IT\",\"@id\":\"https:\\\/\\\/pfeiss.com\\\/it\\\/#primaryimage\",\"url\":\"https:\\\/\\\/pfeiss.com\\\/wp-content\\\/uploads\\\/2016\\\/01\\\/DSC4206-800x533.jpg\",\"contentUrl\":\"https:\\\/\\\/pfeiss.com\\\/wp-content\\\/uploads\\\/2016\\\/01\\\/DSC4206-800x533.jpg\"},{\"@type\":\"BreadcrumbList\",\"@id\":\"https:\\\/\\\/pfeiss.com\\\/it\\\/#breadcrumb\",\"itemListElement\":[{\"@type\":\"ListItem\",\"position\":1,\"name\":\"Home\",\"item\":\"https:\\\/\\\/pfeiss.com\\\/it\\\/\"},{\"@type\":\"ListItem\",\"position\":2,\"name\":\"L&#8217; Hotel vicino a Merano all\u2019insegna del gusto &#8211; il Pfeiss a Lana\"}]},{\"@type\":\"WebSite\",\"@id\":\"https:\\\/\\\/pfeiss.com\\\/en\\\/#website\",\"url\":\"https:\\\/\\\/pfeiss.com\\\/en\\\/\",\"name\":\"Hotel Pfeiss presso Merano\",\"description\":\"\",\"potentialAction\":[{\"@type\":\"SearchAction\",\"target\":{\"@type\":\"EntryPoint\",\"urlTemplate\":\"https:\\\/\\\/pfeiss.com\\\/en\\\/?s={search_term_string}\"},\"query-input\":{\"@type\":\"PropertyValueSpecification\",\"valueRequired\":true,\"valueName\":\"search_term_string\"}}],\"inLanguage\":\"it-IT\"}]}<\/script>\n<!-- \/ Yoast SEO plugin. -->","yoast_head_json":{"title":"Hotel Pfeiss Lana | Vacanze attive benessere Merano Alto Adige","description":"Trascorrete magnifiche giornate in Hotel 4 stelle a Lana nel Pfeiss vicino a Merano in Alto Adige \u2714\ufe0fbenessere e piacere in ogni sfaccettatura","robots":{"index":"index","follow":"follow","max-snippet":"max-snippet:-1","max-image-preview":"max-image-preview:large","max-video-preview":"max-video-preview:-1"},"canonical":"https:\/\/pfeiss.com\/it\/","og_locale":"it_IT","og_type":"article","og_title":"Hotel Pfeiss Lana | Vacanze attive benessere Merano Alto Adige","og_description":"Trascorrete magnifiche giornate in Hotel 4 stelle a Lana nel Pfeiss vicino a Merano in Alto Adige \u2714\ufe0fbenessere e piacere in ogni sfaccettatura","og_url":"https:\/\/pfeiss.com\/it\/","og_site_name":"Hotel Pfeiss presso Merano","article_publisher":"https:\/\/www.facebook.com\/Genusshotel.Pfeiss\/?ref=settings","article_modified_time":"2024-05-17T21:04:49+00:00","og_image":[{"url":"https:\/\/pfeiss.com\/wp-content\/uploads\/2016\/01\/DSC4206-800x533.jpg","type":"","width":"","height":""}],"twitter_card":"summary_large_image","twitter_misc":{"Tempo di lettura stimato":"3 minuti"},"schema":{"@context":"https:\/\/schema.org","@graph":[{"@type":"WebPage","@id":"https:\/\/pfeiss.com\/it\/","url":"https:\/\/pfeiss.com\/it\/","name":"Hotel Pfeiss Lana | Vacanze attive benessere Merano Alto Adige","isPartOf":{"@id":"https:\/\/pfeiss.com\/en\/#website"},"primaryImageOfPage":{"@id":"https:\/\/pfeiss.com\/it\/#primaryimage"},"image":{"@id":"https:\/\/pfeiss.com\/it\/#primaryimage"},"thumbnailUrl":"https:\/\/pfeiss.com\/wp-content\/uploads\/2016\/01\/DSC4206-800x533.jpg","datePublished":"2015-10-22T07:54:43+00:00","dateModified":"2024-05-17T21:04:49+00:00","description":"Trascorrete magnifiche giornate in Hotel 4 stelle a Lana nel Pfeiss vicino a Merano in Alto Adige \u2714\ufe0fbenessere e piacere in ogni sfaccettatura","breadcrumb":{"@id":"https:\/\/pfeiss.com\/it\/#breadcrumb"},"inLanguage":"it-IT","potentialAction":[{"@type":"ReadAction","target":["https:\/\/pfeiss.com\/it\/"]}]},{"@type":"ImageObject","inLanguage":"it-IT","@id":"https:\/\/pfeiss.com\/it\/#primaryimage","url":"https:\/\/pfeiss.com\/wp-content\/uploads\/2016\/01\/DSC4206-800x533.jpg","contentUrl":"https:\/\/pfeiss.com\/wp-content\/uploads\/2016\/01\/DSC4206-800x533.jpg"},{"@type":"BreadcrumbList","@id":"https:\/\/pfeiss.com\/it\/#breadcrumb","itemListElement":[{"@type":"ListItem","position":1,"name":"Home","item":"https:\/\/pfeiss.com\/it\/"},{"@type":"ListItem","position":2,"name":"L&#8217; Hotel vicino a Merano all\u2019insegna del gusto &#8211; il Pfeiss a Lana"}]},{"@type":"WebSite","@id":"https:\/\/pfeiss.com\/en\/#website","url":"https:\/\/pfeiss.com\/en\/","name":"Hotel Pfeiss presso Merano","description":"","potentialAction":[{"@type":"SearchAction","target":{"@type":"EntryPoint","urlTemplate":"https:\/\/pfeiss.com\/en\/?s={search_term_string}"},"query-input":{"@type":"PropertyValueSpecification","valueRequired":true,"valueName":"search_term_string"}}],"inLanguage":"it-IT"}]}},"_links":{"self":[{"href":"https:\/\/pfeiss.com\/it\/wp-json\/wp\/v2\/pages\/249","targetHints":{"allow":["GET"]}}],"collection":[{"href":"https:\/\/pfeiss.com\/it\/wp-json\/wp\/v2\/pages"}],"about":[{"href":"https:\/\/pfeiss.com\/it\/wp-json\/wp\/v2\/types\/page"}],"author":[{"embeddable":true,"href":"https:\/\/pfeiss.com\/it\/wp-json\/wp\/v2\/users\/1"}],"replies":[{"embeddable":true,"href":"https:\/\/pfeiss.com\/it\/wp-json\/wp\/v2\/comments?post=249"}],"version-history":[{"count":0,"href":"https:\/\/pfeiss.com\/it\/wp-json\/wp\/v2\/pages\/249\/revisions"}],"wp:attachment":[{"href":"https:\/\/pfeiss.com\/it\/wp-json\/wp\/v2\/media?parent=249"}],"curies":[{"name":"wp","href":"https:\/\/api.w.org\/{rel}","templated":true}]}}