{"id":253,"date":"2015-11-05T08:51:28","date_gmt":"2015-11-05T07:51:28","guid":{"rendered":"https:\/\/pfeiss.info\/it\/?page_id=253"},"modified":"2021-08-27T15:16:57","modified_gmt":"2021-08-27T13:16:57","slug":"hotel-a-lana","status":"publish","type":"page","link":"https:\/\/pfeiss.com\/it\/hotel-benessere-a-merano\/hotel-in-alto-adige\/hotel-a-lana\/","title":{"rendered":"Lana &#8211; il paese delle mele"},"content":{"rendered":"<p>Situata nell&#8217;angolo meridionale della zona <strong>Merano e dintorni<\/strong>, Lana \u00e8 considerata una meta di vacanze molto amata, la quale ha molto da offrire. Dato che Lana si trova a soli circa 270 metri di altitudine, durante le vostre vacanze in hotel a Lana potrete godere di un clima mediterraneo. Grazie alla sua natura e il suo paesaggio culturale, il <strong>pi\u00f9 grande comune di frutticoltura<\/strong> dell&#8217;Alto Adige propone un vasto programma di vacanza per tutti. Visitando il Museo di frutticoltura o partecipando ad una passeggiata con guida nei frutteti potrete avere un&#8217;idea della vita quotidiana degli agricoltori nel passato e nel presente. \u00c8 proprio questo il motivo per il quale anche noi abbiamo scelto un design che ricorda il mondo delle mele circostanti.<\/p>\n<h3 style=\"text-align: justify;\">Il Pfeiss, l\u2019 hotel a Lana all\u2019insegna dei piaceri<\/h3>\n<p style=\"text-align: justify;\">I dintorni <a style=\"background-color: transparent; color: #0066cc; font-family: Georgia,&amp;quot; times new roman&amp;quot;,&amp;quot;bitstream charter&amp;quot;,times,serif; font-size: 18.73px; font-style: normal; font-variant: normal; font-weight: bold; letter-spacing: normal; orphans: 2; text-align: justify; text-decoration: underline; text-indent: 0px; text-transform: none; -webkit-text-stroke-width: 0px; white-space: normal; word-spacing: 0px;\" href=\"https:\/\/pfeiss.com\/wp-content\/uploads\/2015\/08\/IMG_1659.jpg\" target=\"_blank\" rel=\"noopener\"><img decoding=\"async\" class=\"alignleft wp-image-2293 size-Content-Bild\" style=\"float: left; height: 400px; max-width: 1289.33px; margin: 0px 50px 50px 0px;\" title=\"4 Sterne Hotel in Lana\" src=\"https:\/\/pfeiss.com\/wp-content\/uploads\/2015\/08\/IMG_1659-600x400.jpg\" alt=\"Hotel a Lana vicino a Merano\" width=\"600\" height=\"400\" srcset=\"https:\/\/pfeiss.com\/wp-content\/uploads\/2015\/08\/IMG_1659-600x400.jpg 600w, https:\/\/pfeiss.com\/wp-content\/uploads\/2015\/08\/IMG_1659-800x533.jpg 800w, https:\/\/pfeiss.com\/wp-content\/uploads\/2015\/08\/IMG_1659-1024x683.jpg 1024w, https:\/\/pfeiss.com\/wp-content\/uploads\/2015\/08\/IMG_1659-240x160.jpg 240w, https:\/\/pfeiss.com\/wp-content\/uploads\/2015\/08\/IMG_1659-380x253.jpg 380w\" sizes=\"(max-width: 600px) 100vw, 600px\" \/><\/a>del nostro hotel a Lana convincono per il loro <strong>paesaggio<\/strong> e la loro <strong>cultura<\/strong>. Ma offre anche un programma di <strong>vacanza multiforme<\/strong> per tutti. Lana si trova all\u2019ingresso della tradizionale Val d\u2019Ultimo. Comunque essendo a pochi chilometri da i due <strong>centri urbani di Bolzano e Merano<\/strong>. Estendendosi su un\u2019area che va dai 250 m ai 1.910 m sul livello del mare. Trovate numerose chiese, cappelle e castelli a fiancheggiare il territorio comunale, invitandovi a soffermarvi. Questi antichi edifici testimoniano ancora oggi l\u2019importanza storica del luogo.<\/p>\n<h3 style=\"text-align: justify;\">Vacanze per gli attivi nel 4* Hotel a Lana<\/h3>\n<p><img decoding=\"async\" class=\"alignright wp-image-2288 size-Content-Bild\" title=\"Pfeiss, das Hotel in Lana f\u00fcr Genussurlauber\" src=\"https:\/\/pfeiss.com\/wp-content\/uploads\/2015\/08\/DSC_0977-600x400.jpg\" alt=\"Vacanza attiva in Hotel a Lana\" width=\"600\" height=\"400\" srcset=\"https:\/\/pfeiss.com\/wp-content\/uploads\/2015\/08\/DSC_0977-600x400.jpg 600w, https:\/\/pfeiss.com\/wp-content\/uploads\/2015\/08\/DSC_0977-800x533.jpg 800w, https:\/\/pfeiss.com\/wp-content\/uploads\/2015\/08\/DSC_0977-1024x683.jpg 1024w, https:\/\/pfeiss.com\/wp-content\/uploads\/2015\/08\/DSC_0977-240x160.jpg 240w, https:\/\/pfeiss.com\/wp-content\/uploads\/2015\/08\/DSC_0977-380x253.jpg 380w\" sizes=\"(max-width: 600px) 100vw, 600px\" \/><\/p>\n<p style=\"text-align: justify;\">Le innumerevoli possibilit\u00e0 escursionistiche e di svago sono l\u2019ideale per godere appieno della natura mediterranea alpina nei dintorni. Il nostro hotel a Lana \u00e8 il <a href=\"https:\/\/pfeiss.com\/it\/hotel-benessere-a-merano\/vacanze-attive\/\">punto di partenza ideale<\/a> per vivere la natura incontaminata della regione. Partendo direttamente dall\u2019<strong> Hotel a Lana<\/strong>, oppure andando comodamente in macchina fino in Val d\u2019Ultimo. Dove potrete sperimentare le infinite possibilit\u00e0 di escursioni in tutti i livelli di difficolt\u00e0.<\/p>\n<p style=\"text-align: justify;\">Lana \u00e8 spesso chiamata la porta del sud. Si distingue dai paesi pi\u00f9 a nord per la grande accoglienza familiare e offre una piacevole diversit\u00e0 di attivit\u00e0. In primo luogo il grande <strong>campo da golf<\/strong>, la <strong>piscina al lido di Lana<\/strong> e i numerosi eventi culturali. Ad esempio le Giornate delle castagne, le Giornate della zucca, LanaLive. Poi, la Festa dei fiori, i teatri all\u2019aperto nel giardino del monastero dei cappuccini e l\u2019annuale Mercatino di Natale.<\/p>\n<p style=\"text-align: justify;\">Il nostro hotel a Lana offre da diversi anni una collaborazione speciale con i <a href=\"https:\/\/pfeiss.com\/it\/hotel-benessere-a-merano\/vacanze-attive\/vacanze-golf\/\">campi da golf<\/a> dell\u2019Alto Adige.<\/p>\n","protected":false},"excerpt":{"rendered":"<p>Situata nell&#8217;angolo meridionale della zona Merano e dintorni, Lana \u00e8 considerata una meta di vacanze molto amata, la quale ha molto da offrire. Dato che Lana si trova a soli circa 270 metri di altitudine, durante le vostre vacanze in hotel a Lana potrete godere di un clima mediterraneo. Grazie alla sua natura e il [&hellip;]<\/p>\n","protected":false},"author":1,"featured_media":0,"parent":390,"menu_order":3,"comment_status":"closed","ping_status":"closed","template":"","meta":{"_acf_changed":false,"footnotes":""},"class_list":["post-253","page","type-page","status-publish","hentry"],"acf":[],"yoast_head":"<!-- This site is optimized with the Yoast SEO plugin v27.3 - https:\/\/yoast.com\/product\/yoast-seo-wordpress\/ -->\n<title>Pfeiss Hotel a Lana \u2022 Scopri la natura e cultura in Alto Adige!<\/title>\n<meta name=\"description\" content=\"Per escursioni di ogni tipo, relax e attivit\u00e0 ricreative nei dintorni. Il Pfeiss Hotel a Lana \u00e8 la destinazione di vacanza ideale! \u2192 Prenota ora!\" \/>\n<meta name=\"robots\" content=\"index, follow, max-snippet:-1, max-image-preview:large, max-video-preview:-1\" \/>\n<link rel=\"canonical\" href=\"https:\/\/pfeiss.com\/it\/hotel-benessere-a-merano\/hotel-in-alto-adige\/hotel-a-lana\/\" \/>\n<meta property=\"og:locale\" content=\"it_IT\" \/>\n<meta property=\"og:type\" content=\"article\" \/>\n<meta property=\"og:title\" content=\"Pfeiss Hotel a Lana \u2022 Scopri la natura e cultura in Alto Adige!\" \/>\n<meta property=\"og:description\" content=\"Per escursioni di ogni tipo, relax e attivit\u00e0 ricreative nei dintorni. Il Pfeiss Hotel a Lana \u00e8 la destinazione di vacanza ideale! \u2192 Prenota ora!\" \/>\n<meta property=\"og:url\" content=\"https:\/\/pfeiss.com\/it\/hotel-benessere-a-merano\/hotel-in-alto-adige\/hotel-a-lana\/\" \/>\n<meta property=\"og:site_name\" content=\"Hotel Pfeiss presso Merano\" \/>\n<meta property=\"article:publisher\" content=\"https:\/\/www.facebook.com\/Genusshotel.Pfeiss\/?ref=settings\" \/>\n<meta property=\"article:modified_time\" content=\"2021-08-27T13:16:57+00:00\" \/>\n<meta property=\"og:image\" content=\"https:\/\/pfeiss.com\/wp-content\/uploads\/2015\/08\/IMG_1659-600x400.jpg\" \/>\n<meta name=\"twitter:card\" content=\"summary_large_image\" \/>\n<meta name=\"twitter:label1\" content=\"Tempo di lettura stimato\" \/>\n\t<meta name=\"twitter:data1\" content=\"3 minuti\" \/>\n<script type=\"application\/ld+json\" class=\"yoast-schema-graph\">{\"@context\":\"https:\\\/\\\/schema.org\",\"@graph\":[{\"@type\":\"WebPage\",\"@id\":\"https:\\\/\\\/pfeiss.com\\\/it\\\/hotel-benessere-a-merano\\\/hotel-in-alto-adige\\\/hotel-a-lana\\\/\",\"url\":\"https:\\\/\\\/pfeiss.com\\\/it\\\/hotel-benessere-a-merano\\\/hotel-in-alto-adige\\\/hotel-a-lana\\\/\",\"name\":\"Pfeiss Hotel a Lana \u2022 Scopri la natura e cultura in Alto Adige!\",\"isPartOf\":{\"@id\":\"https:\\\/\\\/pfeiss.com\\\/en\\\/#website\"},\"primaryImageOfPage\":{\"@id\":\"https:\\\/\\\/pfeiss.com\\\/it\\\/hotel-benessere-a-merano\\\/hotel-in-alto-adige\\\/hotel-a-lana\\\/#primaryimage\"},\"image\":{\"@id\":\"https:\\\/\\\/pfeiss.com\\\/it\\\/hotel-benessere-a-merano\\\/hotel-in-alto-adige\\\/hotel-a-lana\\\/#primaryimage\"},\"thumbnailUrl\":\"https:\\\/\\\/pfeiss.com\\\/wp-content\\\/uploads\\\/2015\\\/08\\\/IMG_1659-600x400.jpg\",\"datePublished\":\"2015-11-05T07:51:28+00:00\",\"dateModified\":\"2021-08-27T13:16:57+00:00\",\"description\":\"Per escursioni di ogni tipo, relax e attivit\u00e0 ricreative nei dintorni. Il Pfeiss Hotel a Lana \u00e8 la destinazione di vacanza ideale! \u2192 Prenota ora!\",\"breadcrumb\":{\"@id\":\"https:\\\/\\\/pfeiss.com\\\/it\\\/hotel-benessere-a-merano\\\/hotel-in-alto-adige\\\/hotel-a-lana\\\/#breadcrumb\"},\"inLanguage\":\"it-IT\",\"potentialAction\":[{\"@type\":\"ReadAction\",\"target\":[\"https:\\\/\\\/pfeiss.com\\\/it\\\/hotel-benessere-a-merano\\\/hotel-in-alto-adige\\\/hotel-a-lana\\\/\"]}]},{\"@type\":\"ImageObject\",\"inLanguage\":\"it-IT\",\"@id\":\"https:\\\/\\\/pfeiss.com\\\/it\\\/hotel-benessere-a-merano\\\/hotel-in-alto-adige\\\/hotel-a-lana\\\/#primaryimage\",\"url\":\"https:\\\/\\\/pfeiss.com\\\/wp-content\\\/uploads\\\/2015\\\/08\\\/IMG_1659-600x400.jpg\",\"contentUrl\":\"https:\\\/\\\/pfeiss.com\\\/wp-content\\\/uploads\\\/2015\\\/08\\\/IMG_1659-600x400.jpg\"},{\"@type\":\"BreadcrumbList\",\"@id\":\"https:\\\/\\\/pfeiss.com\\\/it\\\/hotel-benessere-a-merano\\\/hotel-in-alto-adige\\\/hotel-a-lana\\\/#breadcrumb\",\"itemListElement\":[{\"@type\":\"ListItem\",\"position\":1,\"name\":\"Home\",\"item\":\"https:\\\/\\\/pfeiss.com\\\/it\\\/\"},{\"@type\":\"ListItem\",\"position\":2,\"name\":\"L&#8217; Hotel vicino a Merano all\u2019insegna del gusto &#8211; il Pfeiss a Lana\",\"item\":\"https:\\\/\\\/pfeiss.com\\\/it\\\/\"},{\"@type\":\"ListItem\",\"position\":3,\"name\":\"Pfeiss: il Vostro Hotel in Alto Adige\",\"item\":\"https:\\\/\\\/pfeiss.com\\\/it\\\/hotel-benessere-a-merano\\\/hotel-in-alto-adige\\\/\"},{\"@type\":\"ListItem\",\"position\":4,\"name\":\"Lana &#8211; il paese delle mele\"}]},{\"@type\":\"WebSite\",\"@id\":\"https:\\\/\\\/pfeiss.com\\\/en\\\/#website\",\"url\":\"https:\\\/\\\/pfeiss.com\\\/en\\\/\",\"name\":\"Hotel Pfeiss presso Merano\",\"description\":\"\",\"potentialAction\":[{\"@type\":\"SearchAction\",\"target\":{\"@type\":\"EntryPoint\",\"urlTemplate\":\"https:\\\/\\\/pfeiss.com\\\/en\\\/?s={search_term_string}\"},\"query-input\":{\"@type\":\"PropertyValueSpecification\",\"valueRequired\":true,\"valueName\":\"search_term_string\"}}],\"inLanguage\":\"it-IT\"}]}<\/script>\n<!-- \/ Yoast SEO plugin. -->","yoast_head_json":{"title":"Pfeiss Hotel a Lana \u2022 Scopri la natura e cultura in Alto Adige!","description":"Per escursioni di ogni tipo, relax e attivit\u00e0 ricreative nei dintorni. Il Pfeiss Hotel a Lana \u00e8 la destinazione di vacanza ideale! \u2192 Prenota ora!","robots":{"index":"index","follow":"follow","max-snippet":"max-snippet:-1","max-image-preview":"max-image-preview:large","max-video-preview":"max-video-preview:-1"},"canonical":"https:\/\/pfeiss.com\/it\/hotel-benessere-a-merano\/hotel-in-alto-adige\/hotel-a-lana\/","og_locale":"it_IT","og_type":"article","og_title":"Pfeiss Hotel a Lana \u2022 Scopri la natura e cultura in Alto Adige!","og_description":"Per escursioni di ogni tipo, relax e attivit\u00e0 ricreative nei dintorni. Il Pfeiss Hotel a Lana \u00e8 la destinazione di vacanza ideale! \u2192 Prenota ora!","og_url":"https:\/\/pfeiss.com\/it\/hotel-benessere-a-merano\/hotel-in-alto-adige\/hotel-a-lana\/","og_site_name":"Hotel Pfeiss presso Merano","article_publisher":"https:\/\/www.facebook.com\/Genusshotel.Pfeiss\/?ref=settings","article_modified_time":"2021-08-27T13:16:57+00:00","og_image":[{"url":"https:\/\/pfeiss.com\/wp-content\/uploads\/2015\/08\/IMG_1659-600x400.jpg","type":"","width":"","height":""}],"twitter_card":"summary_large_image","twitter_misc":{"Tempo di lettura stimato":"3 minuti"},"schema":{"@context":"https:\/\/schema.org","@graph":[{"@type":"WebPage","@id":"https:\/\/pfeiss.com\/it\/hotel-benessere-a-merano\/hotel-in-alto-adige\/hotel-a-lana\/","url":"https:\/\/pfeiss.com\/it\/hotel-benessere-a-merano\/hotel-in-alto-adige\/hotel-a-lana\/","name":"Pfeiss Hotel a Lana \u2022 Scopri la natura e cultura in Alto Adige!","isPartOf":{"@id":"https:\/\/pfeiss.com\/en\/#website"},"primaryImageOfPage":{"@id":"https:\/\/pfeiss.com\/it\/hotel-benessere-a-merano\/hotel-in-alto-adige\/hotel-a-lana\/#primaryimage"},"image":{"@id":"https:\/\/pfeiss.com\/it\/hotel-benessere-a-merano\/hotel-in-alto-adige\/hotel-a-lana\/#primaryimage"},"thumbnailUrl":"https:\/\/pfeiss.com\/wp-content\/uploads\/2015\/08\/IMG_1659-600x400.jpg","datePublished":"2015-11-05T07:51:28+00:00","dateModified":"2021-08-27T13:16:57+00:00","description":"Per escursioni di ogni tipo, relax e attivit\u00e0 ricreative nei dintorni. Il Pfeiss Hotel a Lana \u00e8 la destinazione di vacanza ideale! \u2192 Prenota ora!","breadcrumb":{"@id":"https:\/\/pfeiss.com\/it\/hotel-benessere-a-merano\/hotel-in-alto-adige\/hotel-a-lana\/#breadcrumb"},"inLanguage":"it-IT","potentialAction":[{"@type":"ReadAction","target":["https:\/\/pfeiss.com\/it\/hotel-benessere-a-merano\/hotel-in-alto-adige\/hotel-a-lana\/"]}]},{"@type":"ImageObject","inLanguage":"it-IT","@id":"https:\/\/pfeiss.com\/it\/hotel-benessere-a-merano\/hotel-in-alto-adige\/hotel-a-lana\/#primaryimage","url":"https:\/\/pfeiss.com\/wp-content\/uploads\/2015\/08\/IMG_1659-600x400.jpg","contentUrl":"https:\/\/pfeiss.com\/wp-content\/uploads\/2015\/08\/IMG_1659-600x400.jpg"},{"@type":"BreadcrumbList","@id":"https:\/\/pfeiss.com\/it\/hotel-benessere-a-merano\/hotel-in-alto-adige\/hotel-a-lana\/#breadcrumb","itemListElement":[{"@type":"ListItem","position":1,"name":"Home","item":"https:\/\/pfeiss.com\/it\/"},{"@type":"ListItem","position":2,"name":"L&#8217; Hotel vicino a Merano all\u2019insegna del gusto &#8211; il Pfeiss a Lana","item":"https:\/\/pfeiss.com\/it\/"},{"@type":"ListItem","position":3,"name":"Pfeiss: il Vostro Hotel in Alto Adige","item":"https:\/\/pfeiss.com\/it\/hotel-benessere-a-merano\/hotel-in-alto-adige\/"},{"@type":"ListItem","position":4,"name":"Lana &#8211; il paese delle mele"}]},{"@type":"WebSite","@id":"https:\/\/pfeiss.com\/en\/#website","url":"https:\/\/pfeiss.com\/en\/","name":"Hotel Pfeiss presso Merano","description":"","potentialAction":[{"@type":"SearchAction","target":{"@type":"EntryPoint","urlTemplate":"https:\/\/pfeiss.com\/en\/?s={search_term_string}"},"query-input":{"@type":"PropertyValueSpecification","valueRequired":true,"valueName":"search_term_string"}}],"inLanguage":"it-IT"}]}},"_links":{"self":[{"href":"https:\/\/pfeiss.com\/it\/wp-json\/wp\/v2\/pages\/253","targetHints":{"allow":["GET"]}}],"collection":[{"href":"https:\/\/pfeiss.com\/it\/wp-json\/wp\/v2\/pages"}],"about":[{"href":"https:\/\/pfeiss.com\/it\/wp-json\/wp\/v2\/types\/page"}],"author":[{"embeddable":true,"href":"https:\/\/pfeiss.com\/it\/wp-json\/wp\/v2\/users\/1"}],"replies":[{"embeddable":true,"href":"https:\/\/pfeiss.com\/it\/wp-json\/wp\/v2\/comments?post=253"}],"version-history":[{"count":0,"href":"https:\/\/pfeiss.com\/it\/wp-json\/wp\/v2\/pages\/253\/revisions"}],"up":[{"embeddable":true,"href":"https:\/\/pfeiss.com\/it\/wp-json\/wp\/v2\/pages\/390"}],"wp:attachment":[{"href":"https:\/\/pfeiss.com\/it\/wp-json\/wp\/v2\/media?parent=253"}],"curies":[{"name":"wp","href":"https:\/\/api.w.org\/{rel}","templated":true}]}}