{"id":2884,"date":"2020-04-02T14:22:26","date_gmt":"2020-04-02T12:22:26","guid":{"rendered":"https:\/\/pfeiss.info\/it\/?page_id=2884"},"modified":"2020-08-12T17:31:08","modified_gmt":"2020-08-12T15:31:08","slug":"novita-dal-2020","status":"publish","type":"page","link":"https:\/\/pfeiss.com\/it\/novita-dal-2020\/","title":{"rendered":"NOVIT\u00c0 dal 2020!"},"content":{"rendered":"<p style=\"text-align: justify;\">Dunque anche quest&#8217;inverno ci siamo dati da fare e non vediamo l&#8217;ora di farvi vedere tutte le <strong>NOVIT\u00c0 dal 2020<\/strong>!<\/p>\n<p style=\"text-align: justify;\"><strong>In pirma linea c&#8217;\u00e8 naturalmente la nostra Suite di Lusso:<\/strong><\/p>\n<p><img decoding=\"async\" class=\"aligncenter wp-image-8023 size-full\" title=\"Novit\u00e0 dal 2020! Luxury Suite\" src=\"https:\/\/pfeiss.com\/wp-content\/uploads\/2020\/06\/\u00a9AlexFilz-5807-scaled.jpg\" alt=\"\" width=\"2560\" height=\"1707\" srcset=\"https:\/\/pfeiss.com\/wp-content\/uploads\/2020\/06\/\u00a9AlexFilz-5807-scaled.jpg 2560w, https:\/\/pfeiss.com\/wp-content\/uploads\/2020\/06\/\u00a9AlexFilz-5807-800x533.jpg 800w, https:\/\/pfeiss.com\/wp-content\/uploads\/2020\/06\/\u00a9AlexFilz-5807-1024x683.jpg 1024w, https:\/\/pfeiss.com\/wp-content\/uploads\/2020\/06\/\u00a9AlexFilz-5807-768x512.jpg 768w, https:\/\/pfeiss.com\/wp-content\/uploads\/2020\/06\/\u00a9AlexFilz-5807-1536x1024.jpg 1536w, https:\/\/pfeiss.com\/wp-content\/uploads\/2020\/06\/\u00a9AlexFilz-5807-2048x1365.jpg 2048w, https:\/\/pfeiss.com\/wp-content\/uploads\/2020\/06\/\u00a9AlexFilz-5807-600x400.jpg 600w, https:\/\/pfeiss.com\/wp-content\/uploads\/2020\/06\/\u00a9AlexFilz-5807-240x160.jpg 240w, https:\/\/pfeiss.com\/wp-content\/uploads\/2020\/06\/\u00a9AlexFilz-5807-380x253.jpg 380w\" sizes=\"(max-width: 2560px) 100vw, 2560px\" \/><\/p>\n<h2>Stark Delicious con 70m\u00b2\u00a0 &#8211; NOVIT\u00c0 dal 2020!<\/h2>\n<p><a href=\"https:\/\/pfeiss.com\/wp-content\/uploads\/2019\/11\/08-Stark-Delicious-SKIZZE.jpg\"><img decoding=\"async\" class=\"wp-image-2753 size-medium alignright\" src=\"https:\/\/pfeiss.com\/wp-content\/uploads\/2019\/11\/08-Stark-Delicious-SKIZZE-800x566.jpg\" alt=\"NEW ab 2020! Luxury Suite im Wellnesshotel bei Meran\" width=\"800\" height=\"566\" srcset=\"https:\/\/pfeiss.com\/wp-content\/uploads\/2019\/11\/08-Stark-Delicious-SKIZZE-800x566.jpg 800w, https:\/\/pfeiss.com\/wp-content\/uploads\/2019\/11\/08-Stark-Delicious-SKIZZE-1024x724.jpg 1024w, https:\/\/pfeiss.com\/wp-content\/uploads\/2019\/11\/08-Stark-Delicious-SKIZZE-600x424.jpg 600w, https:\/\/pfeiss.com\/wp-content\/uploads\/2019\/11\/08-Stark-Delicious-SKIZZE-240x170.jpg 240w, https:\/\/pfeiss.com\/wp-content\/uploads\/2019\/11\/08-Stark-Delicious-SKIZZE-380x269.jpg 380w\" sizes=\"(max-width: 800px) 100vw, 800px\" \/><\/a>La nuova <a href=\"https:\/\/pfeiss.com\/it\/camere\/stark-delicious-novita-2020\/\">Luxury Suite<\/a> al <strong>quarto piano panoramico<\/strong> \u00e8 piena di fascino come lo promette gi\u00e0 il nome. Qui si prova il lusso puro, godendo di una zona notte inondata di luce con un <strong>letto a baldacchino<\/strong> da sogno; un accogliente e separabile angolo per le coccole con una possibilit\u00e0 in pi\u00f9 di dormire; l&#8217;ampio bagno aperto con tavolino da trucco tutto nell&#8217;esclusivo <a href=\"https:\/\/pfeiss.com\/it\/hotel-benessere-a-merano\/hotel-in-alto-adige\/vacanze-in-montagna\/\">Pfeiss Design<\/a> con idee d&#8217;arredo raffinate e personalizzate. La cosa molto speciale di questa suite non solo \u00e8 l&#8217;enorme balcone soleggiato esposto a sud con <strong>vasca idromassaggio<\/strong>, ma la <strong>sauna privata con vista panoramica<\/strong> per momenti di relax e piacere a due.<\/p>\n<h1>Novit\u00e0 dal 2020! Delizie culinarie<\/h1>\n<p><a href=\"https:\/\/pfeiss.com\/wp-content\/uploads\/2016\/01\/DSC5309.jpg\"><img decoding=\"async\" class=\"wp-image-2843 size-medium alignright\" src=\"https:\/\/pfeiss.com\/wp-content\/uploads\/2016\/01\/DSC5309-400x600.jpg\" alt=\"Hotel con cucina gourmet presso\" width=\"400\" height=\"600\" srcset=\"https:\/\/pfeiss.com\/wp-content\/uploads\/2016\/01\/DSC5309-400x600.jpg 400w, https:\/\/pfeiss.com\/wp-content\/uploads\/2016\/01\/DSC5309-682x1024.jpg 682w, https:\/\/pfeiss.com\/wp-content\/uploads\/2016\/01\/DSC5309-160x240.jpg 160w, https:\/\/pfeiss.com\/wp-content\/uploads\/2016\/01\/DSC5309-253x380.jpg 253w, https:\/\/pfeiss.com\/wp-content\/uploads\/2016\/01\/DSC5309.jpg 1333w\" sizes=\"(max-width: 400px) 100vw, 400px\" \/><\/a>Non solo nelle stanze ci sono stati dei cambiamenti, ma anche in <a href=\"https:\/\/pfeiss.com\/it\/hotel-benessere-a-merano\/hotel-per-buongustai\/ristorante-a-lana\/\">cucina<\/a>. Il nostro giovane e impegnato team con <strong>chef Daniel<\/strong> ha ideato cose entusiasmanti per rendere la vostra <a href=\"https:\/\/pfeiss.com\/it\/hotel-benessere-a-merano\/hotel-per-buongustai\/\">vacanza al Pfeiss<\/a> ancora pi\u00f9 piacevole&#8230;<\/p>\n<p>La voce si \u00e8 gi\u00e0 sparsa, che il nostro chef Daniel evoca ogni giorno delizie culinarie nel suo <a href=\"https:\/\/pfeiss.com\/it\/hotel-benessere-a-merano\/hotel-per-buongustai\/gourmet\/\">menu serale di 5 portate<\/a>. Il fatto che ora offra anche p<strong>iatti speciali<\/strong> che cambiano da giorno in giorno \u00e8 sicuramente un altro highlight. Ad esempio, chi si ha mai fatto sfilettare il <strong>branzino selvatico intero<\/strong> a tavola? Chi ha mai potuto godere dello sguardo invidioso dalla tavola vicina quando vi \u00e8 stata servita una <strong>sostanziosa bistecca alla fiorentina<\/strong>, con i suoi quasi 1200 grammi di carne pura! Non ancora? Allora \u00e8 giunto il momento, al pi\u00f9 tardi alla prossima <a href=\"https:\/\/pfeiss.com\/it\/offerte\/\">vacanza nel Pfeiss<\/a>.<\/p>\n<p><img decoding=\"async\" class=\"alignleft wp-image-6966 size-thumbnail\" src=\"https:\/\/pfeiss.com\/wp-content\/uploads\/2020\/06\/\u00a9AlexFilz-5539-150x150.jpg\" alt=\"Wellnesshotel in Lana - Lana bei Meran - Wellness - Massagen in Lana - Restaurant in Lana\" width=\"150\" height=\"150\" \/>Novit\u00e0 dal 2020! Per poter godere di queste nuove <strong>specialit\u00e0 culinarie<\/strong>, abbiamo modificota anche le nostre sale da pranzo e aggiunto una sala ancora pi\u00f9 moderna. Grandi accenti di colore, mobili di design e una generosa facciata in vetro. La nuova sala dona un&#8217;inconfondibile sensazione di benessere.<\/p>\n<p><strong>Perch\u00e9 dunque aspettare?<br \/>\nNon perdetevi le novit\u00e0 e prenotate subito la vostra vacanza.<\/strong><\/p>\n","protected":false},"excerpt":{"rendered":"<p>Dunque anche quest&#8217;inverno ci siamo dati da fare e non vediamo l&#8217;ora di farvi vedere tutte le NOVIT\u00c0 dal 2020! In pirma linea c&#8217;\u00e8 naturalmente la nostra Suite di Lusso: Stark Delicious con 70m\u00b2\u00a0 &#8211; NOVIT\u00c0 dal 2020! La nuova Luxury Suite al quarto piano panoramico \u00e8 piena di fascino come lo promette gi\u00e0 il [&hellip;]<\/p>\n","protected":false},"author":1,"featured_media":0,"parent":0,"menu_order":0,"comment_status":"closed","ping_status":"closed","template":"","meta":{"_acf_changed":false,"footnotes":""},"class_list":["post-2884","page","type-page","status-publish","hentry"],"acf":[],"yoast_head":"<!-- This site is optimized with the Yoast SEO plugin v27.3 - https:\/\/yoast.com\/product\/yoast-seo-wordpress\/ -->\n<title>Novit\u00e0 dal 2020! Per vacanze ancora pi\u00f9 piacevoli al Hotel Pfeiss 4*<\/title>\n<meta name=\"description\" content=\"Solo nel 2016 l&#039;hotel a 4* \u00e8 stato rinnovato, aggiungendo ora ancora qualche puntino sulla i! Per una vacanza ancora pi\u00f9 completa! Novit\u00e0 dal 2020!\" \/>\n<meta name=\"robots\" content=\"index, follow, max-snippet:-1, max-image-preview:large, max-video-preview:-1\" \/>\n<link rel=\"canonical\" href=\"https:\/\/pfeiss.com\/it\/novita-dal-2020\/\" \/>\n<meta property=\"og:locale\" content=\"it_IT\" \/>\n<meta property=\"og:type\" content=\"article\" \/>\n<meta property=\"og:title\" content=\"Novit\u00e0 dal 2020! Per vacanze ancora pi\u00f9 piacevoli al Hotel Pfeiss 4*\" \/>\n<meta property=\"og:description\" content=\"Solo nel 2016 l&#039;hotel a 4* \u00e8 stato rinnovato, aggiungendo ora ancora qualche puntino sulla i! Per una vacanza ancora pi\u00f9 completa! Novit\u00e0 dal 2020!\" \/>\n<meta property=\"og:url\" content=\"https:\/\/pfeiss.com\/it\/novita-dal-2020\/\" \/>\n<meta property=\"og:site_name\" content=\"Hotel Pfeiss presso Merano\" \/>\n<meta property=\"article:publisher\" content=\"https:\/\/www.facebook.com\/Genusshotel.Pfeiss\/?ref=settings\" \/>\n<meta property=\"article:modified_time\" content=\"2020-08-12T15:31:08+00:00\" \/>\n<meta property=\"og:image\" content=\"https:\/\/pfeiss.com\/wp-content\/uploads\/2019\/11\/08-Stark-Delicious-SKIZZE-800x566.jpg\" \/>\n<meta name=\"twitter:card\" content=\"summary_large_image\" \/>\n<meta name=\"twitter:label1\" content=\"Tempo di lettura stimato\" \/>\n\t<meta name=\"twitter:data1\" content=\"2 minuti\" \/>\n<script type=\"application\/ld+json\" class=\"yoast-schema-graph\">{\"@context\":\"https:\\\/\\\/schema.org\",\"@graph\":[{\"@type\":\"WebPage\",\"@id\":\"https:\\\/\\\/pfeiss.com\\\/it\\\/novita-dal-2020\\\/\",\"url\":\"https:\\\/\\\/pfeiss.com\\\/it\\\/novita-dal-2020\\\/\",\"name\":\"Novit\u00e0 dal 2020! Per vacanze ancora pi\u00f9 piacevoli al Hotel Pfeiss 4*\",\"isPartOf\":{\"@id\":\"https:\\\/\\\/pfeiss.com\\\/en\\\/#website\"},\"primaryImageOfPage\":{\"@id\":\"https:\\\/\\\/pfeiss.com\\\/it\\\/novita-dal-2020\\\/#primaryimage\"},\"image\":{\"@id\":\"https:\\\/\\\/pfeiss.com\\\/it\\\/novita-dal-2020\\\/#primaryimage\"},\"thumbnailUrl\":\"https:\\\/\\\/pfeiss.com\\\/wp-content\\\/uploads\\\/2019\\\/11\\\/08-Stark-Delicious-SKIZZE-800x566.jpg\",\"datePublished\":\"2020-04-02T12:22:26+00:00\",\"dateModified\":\"2020-08-12T15:31:08+00:00\",\"description\":\"Solo nel 2016 l'hotel a 4* \u00e8 stato rinnovato, aggiungendo ora ancora qualche puntino sulla i! Per una vacanza ancora pi\u00f9 completa! Novit\u00e0 dal 2020!\",\"breadcrumb\":{\"@id\":\"https:\\\/\\\/pfeiss.com\\\/it\\\/novita-dal-2020\\\/#breadcrumb\"},\"inLanguage\":\"it-IT\",\"potentialAction\":[{\"@type\":\"ReadAction\",\"target\":[\"https:\\\/\\\/pfeiss.com\\\/it\\\/novita-dal-2020\\\/\"]}]},{\"@type\":\"ImageObject\",\"inLanguage\":\"it-IT\",\"@id\":\"https:\\\/\\\/pfeiss.com\\\/it\\\/novita-dal-2020\\\/#primaryimage\",\"url\":\"https:\\\/\\\/pfeiss.com\\\/wp-content\\\/uploads\\\/2019\\\/11\\\/08-Stark-Delicious-SKIZZE-800x566.jpg\",\"contentUrl\":\"https:\\\/\\\/pfeiss.com\\\/wp-content\\\/uploads\\\/2019\\\/11\\\/08-Stark-Delicious-SKIZZE-800x566.jpg\"},{\"@type\":\"BreadcrumbList\",\"@id\":\"https:\\\/\\\/pfeiss.com\\\/it\\\/novita-dal-2020\\\/#breadcrumb\",\"itemListElement\":[{\"@type\":\"ListItem\",\"position\":1,\"name\":\"Home\",\"item\":\"https:\\\/\\\/pfeiss.com\\\/it\\\/\"},{\"@type\":\"ListItem\",\"position\":2,\"name\":\"NOVIT\u00c0 dal 2020!\"}]},{\"@type\":\"WebSite\",\"@id\":\"https:\\\/\\\/pfeiss.com\\\/en\\\/#website\",\"url\":\"https:\\\/\\\/pfeiss.com\\\/en\\\/\",\"name\":\"Hotel Pfeiss presso Merano\",\"description\":\"\",\"potentialAction\":[{\"@type\":\"SearchAction\",\"target\":{\"@type\":\"EntryPoint\",\"urlTemplate\":\"https:\\\/\\\/pfeiss.com\\\/en\\\/?s={search_term_string}\"},\"query-input\":{\"@type\":\"PropertyValueSpecification\",\"valueRequired\":true,\"valueName\":\"search_term_string\"}}],\"inLanguage\":\"it-IT\"}]}<\/script>\n<!-- \/ Yoast SEO plugin. -->","yoast_head_json":{"title":"Novit\u00e0 dal 2020! Per vacanze ancora pi\u00f9 piacevoli al Hotel Pfeiss 4*","description":"Solo nel 2016 l'hotel a 4* \u00e8 stato rinnovato, aggiungendo ora ancora qualche puntino sulla i! Per una vacanza ancora pi\u00f9 completa! Novit\u00e0 dal 2020!","robots":{"index":"index","follow":"follow","max-snippet":"max-snippet:-1","max-image-preview":"max-image-preview:large","max-video-preview":"max-video-preview:-1"},"canonical":"https:\/\/pfeiss.com\/it\/novita-dal-2020\/","og_locale":"it_IT","og_type":"article","og_title":"Novit\u00e0 dal 2020! Per vacanze ancora pi\u00f9 piacevoli al Hotel Pfeiss 4*","og_description":"Solo nel 2016 l'hotel a 4* \u00e8 stato rinnovato, aggiungendo ora ancora qualche puntino sulla i! Per una vacanza ancora pi\u00f9 completa! Novit\u00e0 dal 2020!","og_url":"https:\/\/pfeiss.com\/it\/novita-dal-2020\/","og_site_name":"Hotel Pfeiss presso Merano","article_publisher":"https:\/\/www.facebook.com\/Genusshotel.Pfeiss\/?ref=settings","article_modified_time":"2020-08-12T15:31:08+00:00","og_image":[{"url":"https:\/\/pfeiss.com\/wp-content\/uploads\/2019\/11\/08-Stark-Delicious-SKIZZE-800x566.jpg","type":"","width":"","height":""}],"twitter_card":"summary_large_image","twitter_misc":{"Tempo di lettura stimato":"2 minuti"},"schema":{"@context":"https:\/\/schema.org","@graph":[{"@type":"WebPage","@id":"https:\/\/pfeiss.com\/it\/novita-dal-2020\/","url":"https:\/\/pfeiss.com\/it\/novita-dal-2020\/","name":"Novit\u00e0 dal 2020! Per vacanze ancora pi\u00f9 piacevoli al Hotel Pfeiss 4*","isPartOf":{"@id":"https:\/\/pfeiss.com\/en\/#website"},"primaryImageOfPage":{"@id":"https:\/\/pfeiss.com\/it\/novita-dal-2020\/#primaryimage"},"image":{"@id":"https:\/\/pfeiss.com\/it\/novita-dal-2020\/#primaryimage"},"thumbnailUrl":"https:\/\/pfeiss.com\/wp-content\/uploads\/2019\/11\/08-Stark-Delicious-SKIZZE-800x566.jpg","datePublished":"2020-04-02T12:22:26+00:00","dateModified":"2020-08-12T15:31:08+00:00","description":"Solo nel 2016 l'hotel a 4* \u00e8 stato rinnovato, aggiungendo ora ancora qualche puntino sulla i! Per una vacanza ancora pi\u00f9 completa! Novit\u00e0 dal 2020!","breadcrumb":{"@id":"https:\/\/pfeiss.com\/it\/novita-dal-2020\/#breadcrumb"},"inLanguage":"it-IT","potentialAction":[{"@type":"ReadAction","target":["https:\/\/pfeiss.com\/it\/novita-dal-2020\/"]}]},{"@type":"ImageObject","inLanguage":"it-IT","@id":"https:\/\/pfeiss.com\/it\/novita-dal-2020\/#primaryimage","url":"https:\/\/pfeiss.com\/wp-content\/uploads\/2019\/11\/08-Stark-Delicious-SKIZZE-800x566.jpg","contentUrl":"https:\/\/pfeiss.com\/wp-content\/uploads\/2019\/11\/08-Stark-Delicious-SKIZZE-800x566.jpg"},{"@type":"BreadcrumbList","@id":"https:\/\/pfeiss.com\/it\/novita-dal-2020\/#breadcrumb","itemListElement":[{"@type":"ListItem","position":1,"name":"Home","item":"https:\/\/pfeiss.com\/it\/"},{"@type":"ListItem","position":2,"name":"NOVIT\u00c0 dal 2020!"}]},{"@type":"WebSite","@id":"https:\/\/pfeiss.com\/en\/#website","url":"https:\/\/pfeiss.com\/en\/","name":"Hotel Pfeiss presso Merano","description":"","potentialAction":[{"@type":"SearchAction","target":{"@type":"EntryPoint","urlTemplate":"https:\/\/pfeiss.com\/en\/?s={search_term_string}"},"query-input":{"@type":"PropertyValueSpecification","valueRequired":true,"valueName":"search_term_string"}}],"inLanguage":"it-IT"}]}},"_links":{"self":[{"href":"https:\/\/pfeiss.com\/it\/wp-json\/wp\/v2\/pages\/2884","targetHints":{"allow":["GET"]}}],"collection":[{"href":"https:\/\/pfeiss.com\/it\/wp-json\/wp\/v2\/pages"}],"about":[{"href":"https:\/\/pfeiss.com\/it\/wp-json\/wp\/v2\/types\/page"}],"author":[{"embeddable":true,"href":"https:\/\/pfeiss.com\/it\/wp-json\/wp\/v2\/users\/1"}],"replies":[{"embeddable":true,"href":"https:\/\/pfeiss.com\/it\/wp-json\/wp\/v2\/comments?post=2884"}],"version-history":[{"count":0,"href":"https:\/\/pfeiss.com\/it\/wp-json\/wp\/v2\/pages\/2884\/revisions"}],"wp:attachment":[{"href":"https:\/\/pfeiss.com\/it\/wp-json\/wp\/v2\/media?parent=2884"}],"curies":[{"name":"wp","href":"https:\/\/api.w.org\/{rel}","templated":true}]}}