{"id":357,"date":"2015-11-05T15:41:22","date_gmt":"2015-11-05T14:41:22","guid":{"rendered":"https:\/\/pfeiss.info\/it\/?page_id=357"},"modified":"2026-03-13T09:03:13","modified_gmt":"2026-03-13T08:03:13","slug":"listino-prezzi","status":"publish","type":"page","link":"https:\/\/pfeiss.com\/it\/listino-prezzi\/","title":{"rendered":"Informazioni sui prezzi"},"content":{"rendered":"<h3>Dynamic pricing<\/h3>\n<p>I nostri prezzi sono flessibili come i vostri desideri di vacanza! Di conseguenza, non possiamo garantire prezzi definitivi per periodi diversi, poich\u00e9 il prezzo viene calcolato giornalmente in base alla disponibilit\u00e0 e alla categoria della camera. I prezzi comunicati nell\u2019offerta scritta sono garantiti per 72 ore.<\/p>\n<p>L\u2019idea alla base di questa dinamica di prezzi \u00e8 di soddisfare i nostri clienti abituali e coloro che decidono in anticipo con prezzi giornalieri convenienti nonostante l\u2019inflazione.<\/p>\n<p>Quindi pi\u00f9 si prenota in anticipo, maggiore \u00e8 il risparmio!<\/p>\n<p>Naturalmente, si tiene conto anche della durata del soggiorno. Concediamo quindi i seguenti sconti aggiuntivi sulle tariffe giornaliere:<\/p>\n<p><strong>4% di sconto a partire da 4 notti e<\/strong><br \/>\n<strong>7% di sconto a partire da 7 notti e<br \/>\n10% di sconto a partire da 14 notti<\/strong><\/p>\n<p>Tutte le ulteriori offerte, <a href=\"https:\/\/pfeiss.com\/it\/offerte\/\">qui<\/a>.<\/p>\n<h3>Foto e planimetrie camere<\/h3>\n<p>Le foto e le planimetrie delle camere sono solo a scopo illustrativo e possono variare.<\/p>\n<h3>Sconti per i nostri ospiti abituali<\/h3>\n<p>I nostri ospiti abituali godono di un&#8217;ulteriore riduzione del 4 % sul prezzo a partire dalla decima permanenza oppure del 2 % a partire dalla quarta permanenza nel nostro Hotel Pfeiss****! Lo sconto per gli ospiti abituali \u00e8 cumulabile alle altre nostre offerte.<\/p>\n<h3>Prezzi per l&#8217;occupazione doppia uso singola<\/h3>\n<p>Per l&#8217;occupazione singola della camera Weinsepp si applica un supplemento del 35% sui prezzi giornalieri; per la nostra camera Golden il 55%. Per tutte le altre categorie, applichiamo un supplemento del 80% per l&#8217;occupazione singola.<\/p>\n<h3>Costi e riduzioni prezzo per bambini<\/h3>\n<p>Bambini che alloggiano nella stanza con due persone adulte godono delle seguenti riduzioni di prezzo:<\/p>\n<ul>\n<li>fino a 3 anni (nel lettino per bambini): 80 %<\/li>\n<li>Bambini da 3 a 12 anni: 50 %<\/li>\n<li>Ragazzi oltre i 13 anni: 20 %<\/li>\n<\/ul>\n<h3>Cena al Pfeiss<\/h3>\n<p><strong>Opzioni per la cena con mezza pensione prenotata:<\/strong><\/p>\n<ul>\n<li>Menu a scelta gourmet di 6 portate, tutti i giorni<\/li>\n<li>Serata a buffet, settimanale<\/li>\n<li>Piatti speciali, pi\u00f9 volte alla settimana con disponibilit\u00e0 limitata (prenotazione possibile dalle 18.30 del giorno precedente alla reception). Ad esempio, serata di pesce, serata hamburger, serata bistecca o degustazione di pizza.<br \/>\nSe decidete di scegliere un piatto speciale, potete scegliere prima un&#8217;insalata e una zuppa dal buffet e un dessert dal menu del giorno successivo al piatto speciale.<\/li>\n<\/ul>\n<p>Se annullate la cena prima delle 10.30, vi verranno accreditati 10 \u20ac a persona.<\/p>\n<p><strong>Opzioni di cena aggiuntive per le prenotazioni con solo pernottamento e prima colazione:<\/strong><\/p>\n<ul>\n<li>Menu a scelta gourmet di 6 portate &#8211; 59 \u20ac<\/li>\n<li>Menu piccolo (insalata e zuppa dal buffet, porzione grande di antipasto caldo e dessert dal buffet) &#8211; 29 \u20ac<\/li>\n<li>Piatto speciale pizza \/ hamburger con insalata, zuppa e dessert (prenotabile solo nei giorni proposti) &#8211; 40\u20ac<\/li>\n<li>Piatti speciali in generale (bistecca, pesce intero, ecc.; insalata e zuppa prima, naturalmente, seguite da un dessert) &#8211; prenotabili solo nei giorni proposti &#8211; 59\u20ac.<\/li>\n<\/ul>\n<p>Le prenotazioni dei tavoli per la sera devono essere consegnate alla cameriera della colazione entro le 10.30.<\/p>\n<p>Se decidete di prenotare la mezza pensione contemporaneamente alla vostra prenotazione, o se la prenotate almeno una settimana prima del vostro arrivo, possiamo offrirvi la mezza pensione a un prezzo speciale di 20\u20ac a persona al giorno. A condizione che venga prenotata per l&#8217;intera durata del soggiorno.<\/p>\n<h3>Politica di cancellazione<\/h3>\n<p>Si applica la possibilit\u00e0 di <strong>storno gratuito fino a 20 giorni prima dell\u2019arrivo<\/strong>. In caso di disdetta dopo tale termine, il 50% dell\u2019importo totale sar\u00e0 addebitato. Da 14 giorni prima dell\u2019arrivo sono 75% del totale e a partire da 4 giorni prima dell\u2019arrivo \/ in caso di mancato arrivo o di partenza anticipata verr\u00e0 addebitato il 100% del prezzo totale.<br \/>\nGli acconti esistenti, in caso di annullamento della prenotazione, saranno accreditati come voucher e potranno essere riscattati in qualsiasi momento successivo tramite una nuova riservazione (scadenza illimitata).<\/p>\n<p><strong>Assicurazione-Storno raccomandata<br \/>\n<\/strong>Non vediamo l\u2019ora di darvi il benvenuto nella vostra meritata vacanza con noi. Ma fino ad allora e anche durante la vostra vacanza pu\u00f2 accadere di tutto, quindi vi consigliamo di sottoscrivere una assicurazione viaggi e storno per poter godere la vacanza in modo sicuro e senza preoccupazioni.<br \/>\n<strong>Novit\u00e0! Pur essendo a stato pandemico, l\u2019assicurazione European Travel Insurance copre anche in caso di Corona. Per informazioni pi\u00f9 dettagliate al riguardo &#8211; <a href=\"https:\/\/service.europaeische.at\/doc\/en\/Hotel-Vers-Suedtirol-HGV.pdf\">cliccare qui<\/a><\/strong><strong>.\u00a0\u00a0\u00a0\u00a0\u00a0\u00a0<\/strong><\/p>\n<h3>Tassa di soggiorno<\/h3>\n<p>La tassa di soggiorno non \u00e8 inclusa nel prezzo e sar\u00e0 addebitata in loco (dal 1.1.2022 tassa locale \u20ac 3,10 a notte per persona dai 14 anni).<\/p>\n<h3>Regolamento per bambine nella SPA<\/h3>\n<p>Il bagno con pannolini da piscina \u00e8 consentito solo nella piscina esterna, che \u00e8 riscaldata tutto l&#8217;anno. Inoltre, l&#8217;uso delle vasche idromassaggio per motivi di sicurezza non \u00e8 consentito ai bambini di et\u00e0 inferiore agli 8 anni, cos\u00ec come l&#8217;accesso alla zona sauna \u00e8 consentito solo a partire dai 16 anni. Tuttavia, questo regolamento non si applica alla nostra sauna tessile nella piscina coperta.<\/p>\n<p>Trattamenti e massaggio sono prenotabile a partire dai 18 anni.<\/p>\n<h3>Cani<\/h3>\n<p>Su richiesta e in determinate camere, il vostro amico a quattro zampe \u00e8 il benvenuto al Pfeiss. Per l\u2019alloggio del vostro cane, vi addebiteremo <strong>19 \u20ac<\/strong> a notte. Vi ringraziamo per la vostra comprensione che i cani non hanno accesso alla sala. Con un preavviso di due giorni, possiamo prenotare un tavolo nell\u2019area della sala dove i cani sono ammessi, in modo che voi e il vostro cane possiate consumare la colazione e la cena insieme.<\/p>\n<h3>Check-in e check-out<\/h3>\n<p>Le camere sono pronte per essere occupate dalle ore 14.00 e devono essere lasciate libere entro le ore 11.00.<\/p>\n<h3>Guest Pass Alto Adige<\/h3>\n<p>Essa \u00e8 gratuita offre la possibilit\u00e0 di uttilizzare gratuitamente tutti i mezzi pubblici nella provincia.<\/p>\n<h3>Massaggi e trattamenti spa<\/h3>\n<p>Affinch\u00e9 possiamo prendere in considerazione le date desiderate, \u00e8 meglio prenotare in anticipo i <a href=\"https:\/\/www.yumpu.com\/en\/document\/read\/66578167\/massagebroschure-2021-it-endfassung\" target=\"_blank\" rel=\"noopener\">massaggi e i trattamenti<\/a> nella nostra SPA. Pu\u00f2 cancellarli gratuitamente fino a 12 ore in anticipo.<\/p>\n<h3>Metodi di pagamento accettati<\/h3>\n<p>Potete pagare il conto dell&#8217;hotel in contanti (secondo la legge italiana fino a un limite di 999,99\u20ac), con carta di credito (carta EC, Mastercard, Visa) o tramite bonifico anticipato.<\/p>\n<p><strong>Le nostre coordinate bancarie:<\/strong><br \/>\n<em>Cassa Raiffeisen Lana <\/em><br \/>\n<em>Maria-Hilf-Str.22<\/em><br \/>\n<em>39011 Lana<\/em><br \/>\n<em>Telefono: 0473 552552<\/em><br \/>\n<em>Email: info@raikalana.it<\/em><br \/>\n<em>Conto 08115 58490 000301029215 HOTEL PFEISS KG D. UEBERBACHER PAUL FRANZ &amp; CO.<\/em><br \/>\n<em>IBAN IT88G0811558490000301029215 <\/em><br \/>\n<em>Codice SWIFT\/BIC RZSBIT21014<\/em><\/p>\n<p><em>Si prega di indicare solo il numero del voucher o della prenotazione come motivo del trasferimento.<\/em><\/p>\n<p>-&gt; Naturalmente si pu\u00f2 anche pagare il deposito con <strong>carta di credito<\/strong>. <a href=\"https:\/\/secure.gastropool.it\/rxwidgets\/payment\/it?74138D50A0C33A196743B92344F9828670F99DF8ED6E476D02F0557E3C136806\" target=\"_blank\" rel=\"noopener\">Clicca qui per farlo<\/a>.<\/p>\n<p><a href=\"https:\/\/pfeiss.com\/wp-content\/uploads\/2015\/08\/-----AlexFilz-3294.jpg\"><img decoding=\"async\" class=\"aligncenter size-Content-Bild wp-image-2865\" src=\"https:\/\/pfeiss.com\/wp-content\/uploads\/2015\/08\/-----AlexFilz-3294-600x400.jpg\" alt=\"Wanderhotel S\u00fcdtirol Preise im Hotel mit Pool; Urlaub in den Bergen, Wellnesshotel S\u00fcdtirol\" width=\"600\" height=\"400\" srcset=\"https:\/\/pfeiss.com\/wp-content\/uploads\/2015\/08\/-----AlexFilz-3294-600x400.jpg 600w, https:\/\/pfeiss.com\/wp-content\/uploads\/2015\/08\/-----AlexFilz-3294-800x533.jpg 800w, https:\/\/pfeiss.com\/wp-content\/uploads\/2015\/08\/-----AlexFilz-3294-1024x683.jpg 1024w, https:\/\/pfeiss.com\/wp-content\/uploads\/2015\/08\/-----AlexFilz-3294-240x160.jpg 240w, https:\/\/pfeiss.com\/wp-content\/uploads\/2015\/08\/-----AlexFilz-3294-380x253.jpg 380w\" sizes=\"(max-width: 600px) 100vw, 600px\" \/><\/a><\/p>\n","protected":false},"excerpt":{"rendered":"<p>Dynamic pricing I nostri prezzi sono flessibili come i vostri desideri di vacanza! Di conseguenza, non possiamo garantire prezzi definitivi per periodi diversi, poich\u00e9 il prezzo viene calcolato giornalmente in base alla disponibilit\u00e0 e alla categoria della camera. I prezzi comunicati nell\u2019offerta scritta sono garantiti per 72 ore. L\u2019idea alla base di questa dinamica di [&hellip;]<\/p>\n","protected":false},"author":1,"featured_media":0,"parent":0,"menu_order":0,"comment_status":"closed","ping_status":"closed","template":"page-templates\/pricelist.php","meta":{"_acf_changed":false,"footnotes":""},"class_list":["post-357","page","type-page","status-publish","hentry"],"acf":[],"yoast_head":"<!-- This site is optimized with the Yoast SEO plugin v27.3 - https:\/\/yoast.com\/product\/yoast-seo-wordpress\/ -->\n<title>Informazioni sui prezzi - Hotel Pfeiss presso Merano<\/title>\n<meta name=\"robots\" content=\"index, follow, max-snippet:-1, max-image-preview:large, max-video-preview:-1\" \/>\n<link rel=\"canonical\" href=\"https:\/\/pfeiss.com\/it\/listino-prezzi\/\" \/>\n<meta property=\"og:locale\" content=\"it_IT\" \/>\n<meta property=\"og:type\" content=\"article\" \/>\n<meta property=\"og:title\" content=\"Informazioni sui prezzi - Hotel Pfeiss presso Merano\" \/>\n<meta property=\"og:description\" content=\"Dynamic pricing I nostri prezzi sono flessibili come i vostri desideri di vacanza! Di conseguenza, non possiamo garantire prezzi definitivi per periodi diversi, poich\u00e9 il prezzo viene calcolato giornalmente in base alla disponibilit\u00e0 e alla categoria della camera. I prezzi comunicati nell\u2019offerta scritta sono garantiti per 72 ore. L\u2019idea alla base di questa dinamica di [&hellip;]\" \/>\n<meta property=\"og:url\" content=\"https:\/\/pfeiss.com\/it\/listino-prezzi\/\" \/>\n<meta property=\"og:site_name\" content=\"Hotel Pfeiss presso Merano\" \/>\n<meta property=\"article:publisher\" content=\"https:\/\/www.facebook.com\/Genusshotel.Pfeiss\/?ref=settings\" \/>\n<meta property=\"article:modified_time\" content=\"2026-03-13T08:03:13+00:00\" \/>\n<meta property=\"og:image\" content=\"https:\/\/pfeiss.com\/wp-content\/uploads\/2015\/08\/-----AlexFilz-3294.jpg\" \/>\n\t<meta property=\"og:image:width\" content=\"3000\" \/>\n\t<meta property=\"og:image:height\" content=\"2000\" \/>\n\t<meta property=\"og:image:type\" content=\"image\/jpeg\" \/>\n<meta name=\"twitter:card\" content=\"summary_large_image\" \/>\n<meta name=\"twitter:label1\" content=\"Tempo di lettura stimato\" \/>\n\t<meta name=\"twitter:data1\" content=\"7 minuti\" \/>\n<script type=\"application\/ld+json\" class=\"yoast-schema-graph\">{\"@context\":\"https:\\\/\\\/schema.org\",\"@graph\":[{\"@type\":\"WebPage\",\"@id\":\"https:\\\/\\\/pfeiss.com\\\/it\\\/listino-prezzi\\\/\",\"url\":\"https:\\\/\\\/pfeiss.com\\\/it\\\/listino-prezzi\\\/\",\"name\":\"Informazioni sui prezzi - Hotel Pfeiss presso Merano\",\"isPartOf\":{\"@id\":\"https:\\\/\\\/pfeiss.com\\\/en\\\/#website\"},\"primaryImageOfPage\":{\"@id\":\"https:\\\/\\\/pfeiss.com\\\/it\\\/listino-prezzi\\\/#primaryimage\"},\"image\":{\"@id\":\"https:\\\/\\\/pfeiss.com\\\/it\\\/listino-prezzi\\\/#primaryimage\"},\"thumbnailUrl\":\"https:\\\/\\\/pfeiss.com\\\/wp-content\\\/uploads\\\/2015\\\/08\\\/-----AlexFilz-3294-600x400.jpg\",\"datePublished\":\"2015-11-05T14:41:22+00:00\",\"dateModified\":\"2026-03-13T08:03:13+00:00\",\"breadcrumb\":{\"@id\":\"https:\\\/\\\/pfeiss.com\\\/it\\\/listino-prezzi\\\/#breadcrumb\"},\"inLanguage\":\"it-IT\",\"potentialAction\":[{\"@type\":\"ReadAction\",\"target\":[\"https:\\\/\\\/pfeiss.com\\\/it\\\/listino-prezzi\\\/\"]}]},{\"@type\":\"ImageObject\",\"inLanguage\":\"it-IT\",\"@id\":\"https:\\\/\\\/pfeiss.com\\\/it\\\/listino-prezzi\\\/#primaryimage\",\"url\":\"https:\\\/\\\/pfeiss.com\\\/wp-content\\\/uploads\\\/2015\\\/08\\\/-----AlexFilz-3294-600x400.jpg\",\"contentUrl\":\"https:\\\/\\\/pfeiss.com\\\/wp-content\\\/uploads\\\/2015\\\/08\\\/-----AlexFilz-3294-600x400.jpg\"},{\"@type\":\"BreadcrumbList\",\"@id\":\"https:\\\/\\\/pfeiss.com\\\/it\\\/listino-prezzi\\\/#breadcrumb\",\"itemListElement\":[{\"@type\":\"ListItem\",\"position\":1,\"name\":\"Home\",\"item\":\"https:\\\/\\\/pfeiss.com\\\/it\\\/\"},{\"@type\":\"ListItem\",\"position\":2,\"name\":\"Informazioni sui prezzi\"}]},{\"@type\":\"WebSite\",\"@id\":\"https:\\\/\\\/pfeiss.com\\\/en\\\/#website\",\"url\":\"https:\\\/\\\/pfeiss.com\\\/en\\\/\",\"name\":\"Hotel Pfeiss presso Merano\",\"description\":\"\",\"potentialAction\":[{\"@type\":\"SearchAction\",\"target\":{\"@type\":\"EntryPoint\",\"urlTemplate\":\"https:\\\/\\\/pfeiss.com\\\/en\\\/?s={search_term_string}\"},\"query-input\":{\"@type\":\"PropertyValueSpecification\",\"valueRequired\":true,\"valueName\":\"search_term_string\"}}],\"inLanguage\":\"it-IT\"}]}<\/script>\n<!-- \/ Yoast SEO plugin. -->","yoast_head_json":{"title":"Informazioni sui prezzi - Hotel Pfeiss presso Merano","robots":{"index":"index","follow":"follow","max-snippet":"max-snippet:-1","max-image-preview":"max-image-preview:large","max-video-preview":"max-video-preview:-1"},"canonical":"https:\/\/pfeiss.com\/it\/listino-prezzi\/","og_locale":"it_IT","og_type":"article","og_title":"Informazioni sui prezzi - Hotel Pfeiss presso Merano","og_description":"Dynamic pricing I nostri prezzi sono flessibili come i vostri desideri di vacanza! Di conseguenza, non possiamo garantire prezzi definitivi per periodi diversi, poich\u00e9 il prezzo viene calcolato giornalmente in base alla disponibilit\u00e0 e alla categoria della camera. I prezzi comunicati nell\u2019offerta scritta sono garantiti per 72 ore. L\u2019idea alla base di questa dinamica di [&hellip;]","og_url":"https:\/\/pfeiss.com\/it\/listino-prezzi\/","og_site_name":"Hotel Pfeiss presso Merano","article_publisher":"https:\/\/www.facebook.com\/Genusshotel.Pfeiss\/?ref=settings","article_modified_time":"2026-03-13T08:03:13+00:00","og_image":[{"width":3000,"height":2000,"url":"https:\/\/pfeiss.com\/wp-content\/uploads\/2015\/08\/-----AlexFilz-3294.jpg","type":"image\/jpeg"}],"twitter_card":"summary_large_image","twitter_misc":{"Tempo di lettura stimato":"7 minuti"},"schema":{"@context":"https:\/\/schema.org","@graph":[{"@type":"WebPage","@id":"https:\/\/pfeiss.com\/it\/listino-prezzi\/","url":"https:\/\/pfeiss.com\/it\/listino-prezzi\/","name":"Informazioni sui prezzi - Hotel Pfeiss presso Merano","isPartOf":{"@id":"https:\/\/pfeiss.com\/en\/#website"},"primaryImageOfPage":{"@id":"https:\/\/pfeiss.com\/it\/listino-prezzi\/#primaryimage"},"image":{"@id":"https:\/\/pfeiss.com\/it\/listino-prezzi\/#primaryimage"},"thumbnailUrl":"https:\/\/pfeiss.com\/wp-content\/uploads\/2015\/08\/-----AlexFilz-3294-600x400.jpg","datePublished":"2015-11-05T14:41:22+00:00","dateModified":"2026-03-13T08:03:13+00:00","breadcrumb":{"@id":"https:\/\/pfeiss.com\/it\/listino-prezzi\/#breadcrumb"},"inLanguage":"it-IT","potentialAction":[{"@type":"ReadAction","target":["https:\/\/pfeiss.com\/it\/listino-prezzi\/"]}]},{"@type":"ImageObject","inLanguage":"it-IT","@id":"https:\/\/pfeiss.com\/it\/listino-prezzi\/#primaryimage","url":"https:\/\/pfeiss.com\/wp-content\/uploads\/2015\/08\/-----AlexFilz-3294-600x400.jpg","contentUrl":"https:\/\/pfeiss.com\/wp-content\/uploads\/2015\/08\/-----AlexFilz-3294-600x400.jpg"},{"@type":"BreadcrumbList","@id":"https:\/\/pfeiss.com\/it\/listino-prezzi\/#breadcrumb","itemListElement":[{"@type":"ListItem","position":1,"name":"Home","item":"https:\/\/pfeiss.com\/it\/"},{"@type":"ListItem","position":2,"name":"Informazioni sui prezzi"}]},{"@type":"WebSite","@id":"https:\/\/pfeiss.com\/en\/#website","url":"https:\/\/pfeiss.com\/en\/","name":"Hotel Pfeiss presso Merano","description":"","potentialAction":[{"@type":"SearchAction","target":{"@type":"EntryPoint","urlTemplate":"https:\/\/pfeiss.com\/en\/?s={search_term_string}"},"query-input":{"@type":"PropertyValueSpecification","valueRequired":true,"valueName":"search_term_string"}}],"inLanguage":"it-IT"}]}},"_links":{"self":[{"href":"https:\/\/pfeiss.com\/it\/wp-json\/wp\/v2\/pages\/357","targetHints":{"allow":["GET"]}}],"collection":[{"href":"https:\/\/pfeiss.com\/it\/wp-json\/wp\/v2\/pages"}],"about":[{"href":"https:\/\/pfeiss.com\/it\/wp-json\/wp\/v2\/types\/page"}],"author":[{"embeddable":true,"href":"https:\/\/pfeiss.com\/it\/wp-json\/wp\/v2\/users\/1"}],"replies":[{"embeddable":true,"href":"https:\/\/pfeiss.com\/it\/wp-json\/wp\/v2\/comments?post=357"}],"version-history":[{"count":0,"href":"https:\/\/pfeiss.com\/it\/wp-json\/wp\/v2\/pages\/357\/revisions"}],"wp:attachment":[{"href":"https:\/\/pfeiss.com\/it\/wp-json\/wp\/v2\/media?parent=357"}],"curies":[{"name":"wp","href":"https:\/\/api.w.org\/{rel}","templated":true}]}}