{"id":6376,"date":"2020-12-05T12:35:51","date_gmt":"2020-12-05T11:35:51","guid":{"rendered":"https:\/\/pfeiss.com\/?page_id=6376"},"modified":"2024-05-18T00:23:36","modified_gmt":"2024-05-17T22:23:36","slug":"arrivare-rilassati","status":"publish","type":"page","link":"https:\/\/pfeiss.com\/it\/arrivare-rilassati\/","title":{"rendered":"Per un viaggio rilassato all&#8217;Hotel Pfeiss"},"content":{"rendered":"\n<p><strong>Benvenuti all&#8217;Hotel Pfeiss &#8211; il vostro rifugio nelle Alpi altoatesine dal sapore mediterraneo!<\/strong><\/p>\n\n\n\n<p>Sappiamo quanto sia importante un <strong>viaggio senza stress<\/strong> per la vostra vacanza. Per questo abbiamo fatto tutto il possibile per rendere il vostro viaggio il pi\u00f9 piacevole possibile. Indipendentemente dal fatto che veniate da noi in <strong>auto<\/strong>, in <strong>treno <\/strong>o in <strong>aereo<\/strong>, vogliamo che possiate immergervi nell&#8217;atmosfera della vacanza mentre ci raggiungete.<\/p>\n\n\n\n<h2 class=\"wp-block-heading\"><strong>In auto<\/strong><\/h2>\n\n\n\n<p>Il nostro Hotel Pfeiss \u00e8 situato in una posizione idilliaca e facilmente raggiungibile in auto.<\/p>\n\n\n\n<div class=\"wp-block-media-text alignwide has-media-on-the-right is-stacked-on-mobile\"><div class=\"wp-block-media-text__content\">\n<p>Utilizzate le nostre indicazioni dettagliate per arrivare alla nostra sede in tutta tranquillit\u00e0. In loco sono disponibili <strong>parcheggi gratuiti<\/strong>, in modo che possiate parcheggiare il vostro veicolo in tutta sicurezza e non dobbiate preoccuparvi di trovare un posto auto.<\/p>\n<\/div><figure class=\"wp-block-media-text__media\"><img decoding=\"async\" width=\"1024\" height=\"683\" src=\"https:\/\/pfeiss.com\/wp-content\/uploads\/2023\/08\/Elegant-Minimalist-A4-Stationery-Paper-Document-1-1024x683.jpg\" alt=\"\" class=\"wp-image-8819 size-full\" srcset=\"https:\/\/pfeiss.com\/wp-content\/uploads\/2023\/08\/Elegant-Minimalist-A4-Stationery-Paper-Document-1-1024x683.jpg 1024w, https:\/\/pfeiss.com\/wp-content\/uploads\/2023\/08\/Elegant-Minimalist-A4-Stationery-Paper-Document-1-800x534.jpg 800w, https:\/\/pfeiss.com\/wp-content\/uploads\/2023\/08\/Elegant-Minimalist-A4-Stationery-Paper-Document-1-768x512.jpg 768w, https:\/\/pfeiss.com\/wp-content\/uploads\/2023\/08\/Elegant-Minimalist-A4-Stationery-Paper-Document-1-600x400.jpg 600w, https:\/\/pfeiss.com\/wp-content\/uploads\/2023\/08\/Elegant-Minimalist-A4-Stationery-Paper-Document-1-240x160.jpg 240w, https:\/\/pfeiss.com\/wp-content\/uploads\/2023\/08\/Elegant-Minimalist-A4-Stationery-Paper-Document-1-380x253.jpg 380w, https:\/\/pfeiss.com\/wp-content\/uploads\/2023\/08\/Elegant-Minimalist-A4-Stationery-Paper-Document-1.jpg 1243w\" sizes=\"(max-width: 1024px) 100vw, 1024px\" \/><\/figure><\/div>\n\n\n\n<p><em><strong>Il nostro consiglio per un viaggio rilassante<\/strong>: Pernottate e godetevi la nostra sontuosa colazione a buffet il giorno dell&#8217;arrivo (quest&#8217;anno gratuita con prenotazione anticipata e 29 \u20ac a persona senza prenotazione). In seguito, potrete mettervi comodi in piscina o in giardino mentre le nostre cameriere preparano la vostra camera (le camere sono pronte per essere occupate a partire dalle 14.00).<\/em><\/p>\n\n\n\n<h2 class=\"wp-block-heading\"><strong>In treno<\/strong><\/h2>\n\n\n\n<p>Reisen Sie mit der Bahn an? Kein Problem!<\/p>\n\n\n\n<div class=\"wp-block-media-text alignwide has-media-on-the-right is-stacked-on-mobile\"><div class=\"wp-block-media-text__content\">\n<p>La <strong>stazione ferroviaria di Lana &#8211; Burgstall<\/strong> si trova a pochi minuti di auto dal nostro hotel. Previo accordo, saremo lieti di venirvi a prendere personalmente alla stazione ferroviaria di Lana &#8211; Burgstall, in modo che possiate arrivare al nostro hotel senza stress e senza fretta.<\/p>\n<\/div><figure class=\"wp-block-media-text__media\"><img decoding=\"async\" width=\"1024\" height=\"681\" src=\"https:\/\/pfeiss.com\/wp-content\/uploads\/2023\/08\/MT30004-1024x681.jpg\" alt=\"\" class=\"wp-image-8810 size-full\" srcset=\"https:\/\/pfeiss.com\/wp-content\/uploads\/2023\/08\/MT30004-1024x681.jpg 1024w, https:\/\/pfeiss.com\/wp-content\/uploads\/2023\/08\/MT30004-800x532.jpg 800w, https:\/\/pfeiss.com\/wp-content\/uploads\/2023\/08\/MT30004-768x511.jpg 768w, https:\/\/pfeiss.com\/wp-content\/uploads\/2023\/08\/MT30004-1536x1022.jpg 1536w, https:\/\/pfeiss.com\/wp-content\/uploads\/2023\/08\/MT30004-2048x1363.jpg 2048w, https:\/\/pfeiss.com\/wp-content\/uploads\/2023\/08\/MT30004-600x399.jpg 600w, https:\/\/pfeiss.com\/wp-content\/uploads\/2023\/08\/MT30004-240x160.jpg 240w, https:\/\/pfeiss.com\/wp-content\/uploads\/2023\/08\/MT30004-380x253.jpg 380w\" sizes=\"(max-width: 1024px) 100vw, 1024px\" \/><\/figure><\/div>\n\n\n\n<p>Se avete bisogno di un trasferimento dalla <em>stazione ferroviaria di Bolzano<\/em> (20 minuti in auto), contattateci e vi aiuteremo nell&#8217;organizzazione.<\/p>\n\n\n\n<p><em>Se arrivate dalla Svizzera, vi consigliamo anche il collegamento di <strong>AutoPostale tra Malles e M\u00fcstair <\/strong>nei Grigioni. Questo percorso conduce attraverso l&#8217;\u201cUmbrailpass\u201d (Passo dello Stelvio) ed \u00e8 noto per la sua bellezza pittoresca e le viste mozzafiato sul paesaggio alpino. (Il biglietto di AutoPostale da M\u00fcstair \u00e8 <strong>incluso nel GuestPass Alto Adige<\/strong>. Se desiderate usufruire di questa possibilit\u00e0, vi preghiamo di comunicarcelo almeno 21 giorni prima del vostro arrivo previsto, in modo da potervi inviare i biglietti gratuiti del GuestPass.<\/em><\/p>\n\n\n\n<h2 class=\"wp-block-heading\"><a name=\"plane\"><strong>In aereo<\/strong><\/a><\/h2>\n\n\n\n<p>Siamo lieti di informarvi che l&#8217;Hotel Pfeiss \u00e8 ora raggiungibile anche in aereo. <strong>L&#8217;aeroporto altoatesino di Bolzano<\/strong> offre ora nuovi collegamenti.<\/p>\n\n\n\n<div class=\"wp-block-media-text alignwide has-media-on-the-right is-stacked-on-mobile\"><div class=\"wp-block-media-text__content\">\n<p>Volate da noi, rilassatevi e godetevi la vista mozzafiato del paesaggio alpino durante il volo. Il nostro hotel si trova a soli 20 minuti di auto dall&#8217;aeroporto di Bolzano.<\/p>\n<\/div><figure class=\"wp-block-media-text__media\"><img decoding=\"async\" width=\"929\" height=\"619\" src=\"https:\/\/pfeiss.com\/wp-content\/uploads\/2023\/08\/airport-bolzano-3-1.jpg\" alt=\"\" class=\"wp-image-8816 size-full\" srcset=\"https:\/\/pfeiss.com\/wp-content\/uploads\/2023\/08\/airport-bolzano-3-1.jpg 929w, https:\/\/pfeiss.com\/wp-content\/uploads\/2023\/08\/airport-bolzano-3-1-800x533.jpg 800w, https:\/\/pfeiss.com\/wp-content\/uploads\/2023\/08\/airport-bolzano-3-1-768x512.jpg 768w, https:\/\/pfeiss.com\/wp-content\/uploads\/2023\/08\/airport-bolzano-3-1-600x400.jpg 600w, https:\/\/pfeiss.com\/wp-content\/uploads\/2023\/08\/airport-bolzano-3-1-240x160.jpg 240w, https:\/\/pfeiss.com\/wp-content\/uploads\/2023\/08\/airport-bolzano-3-1-380x253.jpg 380w\" sizes=\"(max-width: 929px) 100vw, 929px\" \/><\/figure><\/div>\n\n\n\n<p>Organizziamo il vostro <strong>trasferimento dall&#8217;aeroporto all&#8217;Hotel Pfeiss<\/strong> in modo che possiate fare il check-in nella vostra destinazione di vacanza nel pi\u00f9 breve tempo possibile.<\/p>\n\n\n\n<p>In alternativa,<strong> l&#8217;aeroporto di Verona<\/strong> \u00e8 a due ore di macchina. Possiamo anche organizzare un trasferimento per voi qui.<\/p>\n\n\n\n<h3 class=\"wp-block-heading\">Auto a noleggio<\/h3>\n\n\n\n<p>Volete <strong>scoprire l&#8217;Alto Adige da soli <\/strong>e mettervi al volante? Allora noleggiate un&#8217;auto direttamente all&#8217;aeroporto di Bolzano. Troverete gli uffici delle seguenti societ\u00e0 di autonoleggio proprio all&#8217;ingresso del terminal:<\/p>\n\n\n\n<p><strong>Europcar<\/strong><\/p>\n\n\n\n<p>Tel. +39 0471 252 152<\/p>\n\n\n\n<p><a href=\"http:\/\/www.europcar.it\/\">www.europcar.it<\/a><\/p>\n\n\n\n<p><strong>Hertz<\/strong><\/p>\n\n\n\n<p>Tel. + 39 0471 254 266<\/p>\n\n\n\n<p><a href=\"http:\/\/www.hertz.it\" target=\"_blank\" rel=\"noreferrer noopener\">www.hertz.it<\/a><\/p>\n\n\n\n<p>Vogliamo che vi godiate appieno il vostro viaggio all&#8217;Hotel Pfeiss e che il vostro soggiorno sia rilassato e spensierato fin dall&#8217;inizio. Rilassatevi, lasciatevi alle spalle la vita di tutti i giorni e pregustate un soggiorno indimenticabile nel bellissimo Alto Adige.<\/p>\n\n\n\n<p><\/p>\n","protected":false},"excerpt":{"rendered":"<p>Benvenuti all&#8217;Hotel Pfeiss &#8211; il vostro rifugio nelle Alpi altoatesine dal sapore mediterraneo! Sappiamo quanto sia importante un viaggio senza stress per la vostra vacanza. Per questo abbiamo fatto tutto il possibile per rendere il vostro viaggio il pi\u00f9 piacevole possibile. Indipendentemente dal fatto che veniate da noi in auto, in treno o in aereo, [&hellip;]<\/p>\n","protected":false},"author":1,"featured_media":0,"parent":0,"menu_order":0,"comment_status":"closed","ping_status":"closed","template":"","meta":{"_acf_changed":false,"footnotes":""},"class_list":["post-6376","page","type-page","status-publish","hentry"],"acf":[],"yoast_head":"<!-- This site is optimized with the Yoast SEO plugin v27.3 - https:\/\/yoast.com\/product\/yoast-seo-wordpress\/ -->\n<title>Novit\u00e0 dal 2020! Per vacanze ancora pi\u00f9 piacevoli al Hotel Pfeiss 4*<\/title>\n<meta name=\"description\" content=\"Solo nel 2016 l&#039;hotel a 4* \u00e8 stato rinnovato, aggiungendo ora ancora qualche puntino sulla i! Per una vacanza ancora pi\u00f9 completa! Novit\u00e0 dal 2020!\" \/>\n<meta name=\"robots\" content=\"index, follow, max-snippet:-1, max-image-preview:large, max-video-preview:-1\" \/>\n<link rel=\"canonical\" href=\"https:\/\/pfeiss.com\/it\/arrivare-rilassati\/\" \/>\n<meta property=\"og:locale\" content=\"it_IT\" \/>\n<meta property=\"og:type\" content=\"article\" \/>\n<meta property=\"og:title\" content=\"Novit\u00e0 dal 2020! Per vacanze ancora pi\u00f9 piacevoli al Hotel Pfeiss 4*\" \/>\n<meta property=\"og:description\" content=\"Solo nel 2016 l&#039;hotel a 4* \u00e8 stato rinnovato, aggiungendo ora ancora qualche puntino sulla i! Per una vacanza ancora pi\u00f9 completa! Novit\u00e0 dal 2020!\" \/>\n<meta property=\"og:url\" content=\"https:\/\/pfeiss.com\/it\/arrivare-rilassati\/\" \/>\n<meta property=\"og:site_name\" content=\"Hotel Pfeiss presso Merano\" \/>\n<meta property=\"article:publisher\" content=\"https:\/\/www.facebook.com\/Genusshotel.Pfeiss\/?ref=settings\" \/>\n<meta property=\"article:modified_time\" content=\"2024-05-17T22:23:36+00:00\" \/>\n<meta property=\"og:image\" content=\"https:\/\/pfeiss.com\/wp-content\/uploads\/2023\/08\/Elegant-Minimalist-A4-Stationery-Paper-Document-1-1024x683.jpg\" \/>\n<meta name=\"twitter:card\" content=\"summary_large_image\" \/>\n<meta name=\"twitter:label1\" content=\"Tempo di lettura stimato\" \/>\n\t<meta name=\"twitter:data1\" content=\"4 minuti\" \/>\n<script type=\"application\/ld+json\" class=\"yoast-schema-graph\">{\"@context\":\"https:\\\/\\\/schema.org\",\"@graph\":[{\"@type\":\"WebPage\",\"@id\":\"https:\\\/\\\/pfeiss.com\\\/it\\\/arrivare-rilassati\\\/\",\"url\":\"https:\\\/\\\/pfeiss.com\\\/it\\\/arrivare-rilassati\\\/\",\"name\":\"Novit\u00e0 dal 2020! Per vacanze ancora pi\u00f9 piacevoli al Hotel Pfeiss 4*\",\"isPartOf\":{\"@id\":\"https:\\\/\\\/pfeiss.com\\\/en\\\/#website\"},\"primaryImageOfPage\":{\"@id\":\"https:\\\/\\\/pfeiss.com\\\/it\\\/arrivare-rilassati\\\/#primaryimage\"},\"image\":{\"@id\":\"https:\\\/\\\/pfeiss.com\\\/it\\\/arrivare-rilassati\\\/#primaryimage\"},\"thumbnailUrl\":\"https:\\\/\\\/pfeiss.com\\\/wp-content\\\/uploads\\\/2023\\\/08\\\/Elegant-Minimalist-A4-Stationery-Paper-Document-1-1024x683.jpg\",\"datePublished\":\"2020-12-05T11:35:51+00:00\",\"dateModified\":\"2024-05-17T22:23:36+00:00\",\"description\":\"Solo nel 2016 l'hotel a 4* \u00e8 stato rinnovato, aggiungendo ora ancora qualche puntino sulla i! Per una vacanza ancora pi\u00f9 completa! Novit\u00e0 dal 2020!\",\"breadcrumb\":{\"@id\":\"https:\\\/\\\/pfeiss.com\\\/it\\\/arrivare-rilassati\\\/#breadcrumb\"},\"inLanguage\":\"it-IT\",\"potentialAction\":[{\"@type\":\"ReadAction\",\"target\":[\"https:\\\/\\\/pfeiss.com\\\/it\\\/arrivare-rilassati\\\/\"]}]},{\"@type\":\"ImageObject\",\"inLanguage\":\"it-IT\",\"@id\":\"https:\\\/\\\/pfeiss.com\\\/it\\\/arrivare-rilassati\\\/#primaryimage\",\"url\":\"https:\\\/\\\/pfeiss.com\\\/wp-content\\\/uploads\\\/2023\\\/08\\\/Elegant-Minimalist-A4-Stationery-Paper-Document-1-1024x683.jpg\",\"contentUrl\":\"https:\\\/\\\/pfeiss.com\\\/wp-content\\\/uploads\\\/2023\\\/08\\\/Elegant-Minimalist-A4-Stationery-Paper-Document-1-1024x683.jpg\"},{\"@type\":\"BreadcrumbList\",\"@id\":\"https:\\\/\\\/pfeiss.com\\\/it\\\/arrivare-rilassati\\\/#breadcrumb\",\"itemListElement\":[{\"@type\":\"ListItem\",\"position\":1,\"name\":\"Home\",\"item\":\"https:\\\/\\\/pfeiss.com\\\/it\\\/\"},{\"@type\":\"ListItem\",\"position\":2,\"name\":\"Per un viaggio rilassato all&#8217;Hotel Pfeiss\"}]},{\"@type\":\"WebSite\",\"@id\":\"https:\\\/\\\/pfeiss.com\\\/en\\\/#website\",\"url\":\"https:\\\/\\\/pfeiss.com\\\/en\\\/\",\"name\":\"Hotel Pfeiss presso Merano\",\"description\":\"\",\"potentialAction\":[{\"@type\":\"SearchAction\",\"target\":{\"@type\":\"EntryPoint\",\"urlTemplate\":\"https:\\\/\\\/pfeiss.com\\\/en\\\/?s={search_term_string}\"},\"query-input\":{\"@type\":\"PropertyValueSpecification\",\"valueRequired\":true,\"valueName\":\"search_term_string\"}}],\"inLanguage\":\"it-IT\"}]}<\/script>\n<!-- \/ Yoast SEO plugin. -->","yoast_head_json":{"title":"Novit\u00e0 dal 2020! Per vacanze ancora pi\u00f9 piacevoli al Hotel Pfeiss 4*","description":"Solo nel 2016 l'hotel a 4* \u00e8 stato rinnovato, aggiungendo ora ancora qualche puntino sulla i! Per una vacanza ancora pi\u00f9 completa! Novit\u00e0 dal 2020!","robots":{"index":"index","follow":"follow","max-snippet":"max-snippet:-1","max-image-preview":"max-image-preview:large","max-video-preview":"max-video-preview:-1"},"canonical":"https:\/\/pfeiss.com\/it\/arrivare-rilassati\/","og_locale":"it_IT","og_type":"article","og_title":"Novit\u00e0 dal 2020! Per vacanze ancora pi\u00f9 piacevoli al Hotel Pfeiss 4*","og_description":"Solo nel 2016 l'hotel a 4* \u00e8 stato rinnovato, aggiungendo ora ancora qualche puntino sulla i! Per una vacanza ancora pi\u00f9 completa! Novit\u00e0 dal 2020!","og_url":"https:\/\/pfeiss.com\/it\/arrivare-rilassati\/","og_site_name":"Hotel Pfeiss presso Merano","article_publisher":"https:\/\/www.facebook.com\/Genusshotel.Pfeiss\/?ref=settings","article_modified_time":"2024-05-17T22:23:36+00:00","og_image":[{"url":"https:\/\/pfeiss.com\/wp-content\/uploads\/2023\/08\/Elegant-Minimalist-A4-Stationery-Paper-Document-1-1024x683.jpg","type":"","width":"","height":""}],"twitter_card":"summary_large_image","twitter_misc":{"Tempo di lettura stimato":"4 minuti"},"schema":{"@context":"https:\/\/schema.org","@graph":[{"@type":"WebPage","@id":"https:\/\/pfeiss.com\/it\/arrivare-rilassati\/","url":"https:\/\/pfeiss.com\/it\/arrivare-rilassati\/","name":"Novit\u00e0 dal 2020! Per vacanze ancora pi\u00f9 piacevoli al Hotel Pfeiss 4*","isPartOf":{"@id":"https:\/\/pfeiss.com\/en\/#website"},"primaryImageOfPage":{"@id":"https:\/\/pfeiss.com\/it\/arrivare-rilassati\/#primaryimage"},"image":{"@id":"https:\/\/pfeiss.com\/it\/arrivare-rilassati\/#primaryimage"},"thumbnailUrl":"https:\/\/pfeiss.com\/wp-content\/uploads\/2023\/08\/Elegant-Minimalist-A4-Stationery-Paper-Document-1-1024x683.jpg","datePublished":"2020-12-05T11:35:51+00:00","dateModified":"2024-05-17T22:23:36+00:00","description":"Solo nel 2016 l'hotel a 4* \u00e8 stato rinnovato, aggiungendo ora ancora qualche puntino sulla i! Per una vacanza ancora pi\u00f9 completa! Novit\u00e0 dal 2020!","breadcrumb":{"@id":"https:\/\/pfeiss.com\/it\/arrivare-rilassati\/#breadcrumb"},"inLanguage":"it-IT","potentialAction":[{"@type":"ReadAction","target":["https:\/\/pfeiss.com\/it\/arrivare-rilassati\/"]}]},{"@type":"ImageObject","inLanguage":"it-IT","@id":"https:\/\/pfeiss.com\/it\/arrivare-rilassati\/#primaryimage","url":"https:\/\/pfeiss.com\/wp-content\/uploads\/2023\/08\/Elegant-Minimalist-A4-Stationery-Paper-Document-1-1024x683.jpg","contentUrl":"https:\/\/pfeiss.com\/wp-content\/uploads\/2023\/08\/Elegant-Minimalist-A4-Stationery-Paper-Document-1-1024x683.jpg"},{"@type":"BreadcrumbList","@id":"https:\/\/pfeiss.com\/it\/arrivare-rilassati\/#breadcrumb","itemListElement":[{"@type":"ListItem","position":1,"name":"Home","item":"https:\/\/pfeiss.com\/it\/"},{"@type":"ListItem","position":2,"name":"Per un viaggio rilassato all&#8217;Hotel Pfeiss"}]},{"@type":"WebSite","@id":"https:\/\/pfeiss.com\/en\/#website","url":"https:\/\/pfeiss.com\/en\/","name":"Hotel Pfeiss presso Merano","description":"","potentialAction":[{"@type":"SearchAction","target":{"@type":"EntryPoint","urlTemplate":"https:\/\/pfeiss.com\/en\/?s={search_term_string}"},"query-input":{"@type":"PropertyValueSpecification","valueRequired":true,"valueName":"search_term_string"}}],"inLanguage":"it-IT"}]}},"_links":{"self":[{"href":"https:\/\/pfeiss.com\/it\/wp-json\/wp\/v2\/pages\/6376","targetHints":{"allow":["GET"]}}],"collection":[{"href":"https:\/\/pfeiss.com\/it\/wp-json\/wp\/v2\/pages"}],"about":[{"href":"https:\/\/pfeiss.com\/it\/wp-json\/wp\/v2\/types\/page"}],"author":[{"embeddable":true,"href":"https:\/\/pfeiss.com\/it\/wp-json\/wp\/v2\/users\/1"}],"replies":[{"embeddable":true,"href":"https:\/\/pfeiss.com\/it\/wp-json\/wp\/v2\/comments?post=6376"}],"version-history":[{"count":0,"href":"https:\/\/pfeiss.com\/it\/wp-json\/wp\/v2\/pages\/6376\/revisions"}],"wp:attachment":[{"href":"https:\/\/pfeiss.com\/it\/wp-json\/wp\/v2\/media?parent=6376"}],"curies":[{"name":"wp","href":"https:\/\/api.w.org\/{rel}","templated":true}]}}