{"id":835,"date":"2015-11-19T14:37:19","date_gmt":"2015-11-19T13:37:19","guid":{"rendered":"https:\/\/pfeiss.info\/it\/?page_id=835"},"modified":"2024-09-23T09:38:53","modified_gmt":"2024-09-23T07:38:53","slug":"informativa-sulla-privacy","status":"publish","type":"page","link":"https:\/\/pfeiss.com\/it\/informativa-sulla-privacy\/","title":{"rendered":"Informativa sulla privacy e condizioni generali"},"content":{"rendered":"<p>Ai sensi dell&#8217;art. 13 del decreto legislativo n\u00b0 196 del 30 giugno 2003 e seguenti modifiche e completamenti informiamo, che tutti i dati che ci vengono inviati tramite il nosto sito internet rispettivamente tramite fax, e-mail o posta verranno raccolti e salvati. La nostra societ\u00e0 garantisce un trattamento dei dati personali ai sensi delle disposizioni di legge che rispetta i diritti fondamentali, la libert\u00e0 e la dignit\u00e0 della persona interessata con particolare riferimento alla segretezza, alla identit\u00e0 personale e il diritto di tutela dei dati personali.<\/p>\n<p>I dati personali elaborati dalla nostra societ\u00e0 non vengono divulgati.<\/p>\n<p>Ai sensi dell&#8217;art. 7 della legge sulla privacy l&#8217;interessato ha il diritto della conferma dell&#8217;esistenza o meno di dati personali che lo riguardano, del controllo degli stessi, della rettifica ed integrazione, di richiedere la cancellazione o la trasformazione in forma anonima in violazione di legge. Ha il diritto di opporsi in tutto o in parte, per motivi legittimi, al trattamento dei dati personali che lo riguardano, siccome pu\u00f2 richiedere la cancellazione, il blocco o la trasformazione in forma anonima. Questo pu\u00f2 richiedere anche senza giustificato motivo qualora i dati vanno utilizzati a fini di informazione commerciale o di invio di materiale pubblicitario o di vendita diretta ovvero per il compimento di ricerche di mercato o di comunicazione commerciale interattiva.<\/p>\n<p>GuestPass Alto Adige<\/p>\n<p>\u2022Al perfezionamento del contratto di soggiorno, l&#8217;ospite ricever\u00e0 il S\u00fcdtirol Alto Adige Guest Pass (di seguito Guest Pass), valido per tutta la durata del soggiorno e dalle ore 0:00 del giorno di arrivo alle ore 24:00 del giorno di partenza, ai sensi della Delibera della Giunta Provinciale dell&#8217;Alto Adige n. 732\/2022.<br \/>\n\u2022La carta ospiti comprende l&#8217;utilizzo di tutti i mezzi di trasporto pubblico all&#8217;interno dell&#8217;area della rete denominata \u201cs\u00fcdtirolmobil\u201d e ulteriori servizi aggiuntivi, che variano a seconda dell&#8217;organizzazione turistica. Informazioni dettagliate sono disponibili sul sito: suedtirol-guestpass.info<br \/>\n\u2022L&#8217;unico fornitore in Alto Adige del Guest Pass \u00e8 il Consorzio Mobilit\u00e0, nominato come ente unico di coordinamento in conformit\u00e0 con la delibera della Giunta Provinciale sopra citata. I dettagli dei servizi aggiuntivi associati al Guest Pass e le condizioni di utilizzo dello stesso sono comunicati dal soggetto terzo responsabile dell&#8217;emissione e della gestione del Guest Pass. Informazioni dettagliate sono disponibili all&#8217;indirizzo: suedtirol-guestpass.info<\/p>\n<p>\u25aaFinalit\u00e0<br \/>\nI dati personali forniti saranno trasmessi al Centro Unico di Coordinamento Carte Ospiti al fine di consentire la creazione e l&#8217;utilizzo del Guest Pass e l&#8217;erogazione dei relativi servizi.<br \/>\n\u25aaDestinatario<br \/>\nIn relazione al rilascio del Guest Pass, i suoi dati saranno trasmessi al Consorzio Mobilit\u00e0, con partita IVA 02735170215 che, in qualit\u00e0 di titolare della carta ospite e centro unico di coordinamento, agisce come autonomo titolare del trattamento dei dati trasmessi. Per maggiori informazioni sul trattamento a cui sono sottoposti i dati, \u00e8 possibile inviare una e-mail a privacy@moko.bz.it.<br \/>\n\u25aaBase giuridica<br \/>\nLa base giuridica del trattamento \u00e8 l&#8217;art. 6 (1) (b) del GDPR.<\/p>\n<p><strong>Il titolare del trattamento dei dati personali \u00e8:<\/strong><br \/>\nHotel Pfeiss &#8211; famiglia \u00dcberbacher &#8211; via Feldgatter 16 &#8211; I-39011 Lana presso\u00a0Merano &#8211; Alto Adige\u00a0Tel. +39 0473 561395 &#8211; Fax +39 0473 564812<\/p>\n","protected":false},"excerpt":{"rendered":"<p>Ai sensi dell&#8217;art. 13 del decreto legislativo n\u00b0 196 del 30 giugno 2003 e seguenti modifiche e completamenti informiamo, che tutti i dati che ci vengono inviati tramite il nosto sito internet rispettivamente tramite fax, e-mail o posta verranno raccolti e salvati. La nostra societ\u00e0 garantisce un trattamento dei dati personali ai sensi delle disposizioni [&hellip;]<\/p>\n","protected":false},"author":1,"featured_media":0,"parent":0,"menu_order":0,"comment_status":"closed","ping_status":"closed","template":"","meta":{"_acf_changed":false,"footnotes":""},"class_list":["post-835","page","type-page","status-publish","hentry"],"acf":[],"yoast_head":"<!-- This site is optimized with the Yoast SEO plugin v27.3 - https:\/\/yoast.com\/product\/yoast-seo-wordpress\/ -->\n<title>Informativa sulla privacy e condizioni generali - Hotel Pfeiss presso Merano<\/title>\n<meta name=\"robots\" content=\"index, follow, max-snippet:-1, max-image-preview:large, max-video-preview:-1\" \/>\n<link rel=\"canonical\" href=\"https:\/\/pfeiss.com\/it\/informativa-sulla-privacy\/\" \/>\n<meta property=\"og:locale\" content=\"it_IT\" \/>\n<meta property=\"og:type\" content=\"article\" \/>\n<meta property=\"og:title\" content=\"Informativa sulla privacy e condizioni generali - Hotel Pfeiss presso Merano\" \/>\n<meta property=\"og:description\" content=\"Ai sensi dell&#8217;art. 13 del decreto legislativo n\u00b0 196 del 30 giugno 2003 e seguenti modifiche e completamenti informiamo, che tutti i dati che ci vengono inviati tramite il nosto sito internet rispettivamente tramite fax, e-mail o posta verranno raccolti e salvati. La nostra societ\u00e0 garantisce un trattamento dei dati personali ai sensi delle disposizioni [&hellip;]\" \/>\n<meta property=\"og:url\" content=\"https:\/\/pfeiss.com\/it\/informativa-sulla-privacy\/\" \/>\n<meta property=\"og:site_name\" content=\"Hotel Pfeiss presso Merano\" \/>\n<meta property=\"article:publisher\" content=\"https:\/\/www.facebook.com\/Genusshotel.Pfeiss\/?ref=settings\" \/>\n<meta property=\"article:modified_time\" content=\"2024-09-23T07:38:53+00:00\" \/>\n<meta property=\"og:image\" content=\"https:\/\/pfeiss.com\/wp-content\/uploads\/2015\/07\/redndering-Sued_1.jpg\" \/>\n<meta name=\"twitter:card\" content=\"summary_large_image\" \/>\n<meta name=\"twitter:label1\" content=\"Tempo di lettura stimato\" \/>\n\t<meta name=\"twitter:data1\" content=\"3 minuti\" \/>\n<script type=\"application\/ld+json\" class=\"yoast-schema-graph\">{\"@context\":\"https:\\\/\\\/schema.org\",\"@graph\":[{\"@type\":\"WebPage\",\"@id\":\"https:\\\/\\\/pfeiss.com\\\/it\\\/informativa-sulla-privacy\\\/\",\"url\":\"https:\\\/\\\/pfeiss.com\\\/it\\\/informativa-sulla-privacy\\\/\",\"name\":\"Informativa sulla privacy e condizioni generali - Hotel Pfeiss presso Merano\",\"isPartOf\":{\"@id\":\"https:\\\/\\\/pfeiss.com\\\/en\\\/#website\"},\"datePublished\":\"2015-11-19T13:37:19+00:00\",\"dateModified\":\"2024-09-23T07:38:53+00:00\",\"breadcrumb\":{\"@id\":\"https:\\\/\\\/pfeiss.com\\\/it\\\/informativa-sulla-privacy\\\/#breadcrumb\"},\"inLanguage\":\"it-IT\",\"potentialAction\":[{\"@type\":\"ReadAction\",\"target\":[\"https:\\\/\\\/pfeiss.com\\\/it\\\/informativa-sulla-privacy\\\/\"]}]},{\"@type\":\"BreadcrumbList\",\"@id\":\"https:\\\/\\\/pfeiss.com\\\/it\\\/informativa-sulla-privacy\\\/#breadcrumb\",\"itemListElement\":[{\"@type\":\"ListItem\",\"position\":1,\"name\":\"Home\",\"item\":\"https:\\\/\\\/pfeiss.com\\\/it\\\/\"},{\"@type\":\"ListItem\",\"position\":2,\"name\":\"Informativa sulla privacy e condizioni generali\"}]},{\"@type\":\"WebSite\",\"@id\":\"https:\\\/\\\/pfeiss.com\\\/en\\\/#website\",\"url\":\"https:\\\/\\\/pfeiss.com\\\/en\\\/\",\"name\":\"Hotel Pfeiss presso Merano\",\"description\":\"\",\"potentialAction\":[{\"@type\":\"SearchAction\",\"target\":{\"@type\":\"EntryPoint\",\"urlTemplate\":\"https:\\\/\\\/pfeiss.com\\\/en\\\/?s={search_term_string}\"},\"query-input\":{\"@type\":\"PropertyValueSpecification\",\"valueRequired\":true,\"valueName\":\"search_term_string\"}}],\"inLanguage\":\"it-IT\"}]}<\/script>\n<!-- \/ Yoast SEO plugin. -->","yoast_head_json":{"title":"Informativa sulla privacy e condizioni generali - Hotel Pfeiss presso Merano","robots":{"index":"index","follow":"follow","max-snippet":"max-snippet:-1","max-image-preview":"max-image-preview:large","max-video-preview":"max-video-preview:-1"},"canonical":"https:\/\/pfeiss.com\/it\/informativa-sulla-privacy\/","og_locale":"it_IT","og_type":"article","og_title":"Informativa sulla privacy e condizioni generali - Hotel Pfeiss presso Merano","og_description":"Ai sensi dell&#8217;art. 13 del decreto legislativo n\u00b0 196 del 30 giugno 2003 e seguenti modifiche e completamenti informiamo, che tutti i dati che ci vengono inviati tramite il nosto sito internet rispettivamente tramite fax, e-mail o posta verranno raccolti e salvati. La nostra societ\u00e0 garantisce un trattamento dei dati personali ai sensi delle disposizioni [&hellip;]","og_url":"https:\/\/pfeiss.com\/it\/informativa-sulla-privacy\/","og_site_name":"Hotel Pfeiss presso Merano","article_publisher":"https:\/\/www.facebook.com\/Genusshotel.Pfeiss\/?ref=settings","article_modified_time":"2024-09-23T07:38:53+00:00","og_image":[{"url":"https:\/\/pfeiss.com\/wp-content\/uploads\/2015\/07\/redndering-Sued_1.jpg","type":"","width":"","height":""}],"twitter_card":"summary_large_image","twitter_misc":{"Tempo di lettura stimato":"3 minuti"},"schema":{"@context":"https:\/\/schema.org","@graph":[{"@type":"WebPage","@id":"https:\/\/pfeiss.com\/it\/informativa-sulla-privacy\/","url":"https:\/\/pfeiss.com\/it\/informativa-sulla-privacy\/","name":"Informativa sulla privacy e condizioni generali - Hotel Pfeiss presso Merano","isPartOf":{"@id":"https:\/\/pfeiss.com\/en\/#website"},"datePublished":"2015-11-19T13:37:19+00:00","dateModified":"2024-09-23T07:38:53+00:00","breadcrumb":{"@id":"https:\/\/pfeiss.com\/it\/informativa-sulla-privacy\/#breadcrumb"},"inLanguage":"it-IT","potentialAction":[{"@type":"ReadAction","target":["https:\/\/pfeiss.com\/it\/informativa-sulla-privacy\/"]}]},{"@type":"BreadcrumbList","@id":"https:\/\/pfeiss.com\/it\/informativa-sulla-privacy\/#breadcrumb","itemListElement":[{"@type":"ListItem","position":1,"name":"Home","item":"https:\/\/pfeiss.com\/it\/"},{"@type":"ListItem","position":2,"name":"Informativa sulla privacy e condizioni generali"}]},{"@type":"WebSite","@id":"https:\/\/pfeiss.com\/en\/#website","url":"https:\/\/pfeiss.com\/en\/","name":"Hotel Pfeiss presso Merano","description":"","potentialAction":[{"@type":"SearchAction","target":{"@type":"EntryPoint","urlTemplate":"https:\/\/pfeiss.com\/en\/?s={search_term_string}"},"query-input":{"@type":"PropertyValueSpecification","valueRequired":true,"valueName":"search_term_string"}}],"inLanguage":"it-IT"}]}},"_links":{"self":[{"href":"https:\/\/pfeiss.com\/it\/wp-json\/wp\/v2\/pages\/835","targetHints":{"allow":["GET"]}}],"collection":[{"href":"https:\/\/pfeiss.com\/it\/wp-json\/wp\/v2\/pages"}],"about":[{"href":"https:\/\/pfeiss.com\/it\/wp-json\/wp\/v2\/types\/page"}],"author":[{"embeddable":true,"href":"https:\/\/pfeiss.com\/it\/wp-json\/wp\/v2\/users\/1"}],"replies":[{"embeddable":true,"href":"https:\/\/pfeiss.com\/it\/wp-json\/wp\/v2\/comments?post=835"}],"version-history":[{"count":0,"href":"https:\/\/pfeiss.com\/it\/wp-json\/wp\/v2\/pages\/835\/revisions"}],"wp:attachment":[{"href":"https:\/\/pfeiss.com\/it\/wp-json\/wp\/v2\/media?parent=835"}],"curies":[{"name":"wp","href":"https:\/\/api.w.org\/{rel}","templated":true}]}}