{"id":867,"date":"2015-11-23T10:26:45","date_gmt":"2015-11-23T09:26:45","guid":{"rendered":"https:\/\/pfeiss.info\/it\/?page_id=867"},"modified":"2020-04-25T18:49:42","modified_gmt":"2020-04-25T16:49:42","slug":"hotel-del-vino","status":"publish","type":"page","link":"https:\/\/pfeiss.com\/it\/hotel-benessere-a-merano\/hotel-per-buongustai\/hotel-del-vino\/","title":{"rendered":"Vini selezionati ad accompagnare perfette vacanze in Alto Adige"},"content":{"rendered":"<p style=\"text-align: justify;\">Un\u2019<a href=\"https:\/\/pfeiss.com\/it\/hotel-benessere-a-merano\/hotel-per-buongustai\/\">esperienza di piacere perfetta<\/a> si completa solo accompagnata dal <strong>il giusto bicchiere di vino<\/strong>. Lasciatevi sorprendere dalla nostra ampia selezione di <strong>vini regionali e internazionali<\/strong>, i quali promettono meravigliose esperienze gustative. In modo particolare apprezziamo i vini di qualit\u00e0 dell\u2019Alto Adige. Noi del Pfeiss &#8211; hotel del vino &#8211; <strong>collaboriamo con grandi e importanti cantine vinicole<\/strong> del nostro territorio, come per esempio la Cantina di Merano. Con i loro vini di punta come il Pinot Bianco Tyrol che da diversi anni ottiene 3 bicchieri dal Gambero Rosso. Fa parte del nostro assortimento anche il Pinot Nero Anrar della Cantina di Andriano, uno dei pi\u00f9 importanti <strong>Pinot Nero dell\u2019Alto Adige<\/strong>. Siamo inoltre orgogliosi della nostra collaborazione con i piccoli produttori locali, i quali offrono anche loro un&#8217;alta qualit\u00e0. Tra questi vi sono il vigneto Eichenstein e il maso Unterweger Hof di Lana.<\/p>\n<h2>La nostra cantina di degustazione nel Pfeiss hotel del vino<\/h2>\n<p><a class=\"lightbox\" style=\"background-color: transparent; color: #0066cc; font-family: Georgia,&amp;quot; times new roman&amp;quot;,&amp;quot;bitstream charter&amp;quot;,times,serif; font-size: 18.73px; font-style: normal; font-variant: normal; font-weight: bold; letter-spacing: normal; orphans: 2; text-align: justify; text-decoration: underline; text-indent: 0px; text-transform: none; -webkit-text-stroke-width: 0px; white-space: normal; word-spacing: 0px;\" href=\"https:\/\/pfeiss.com\/wp-content\/uploads\/2018\/01\/IMG_1754.jpg\"><img decoding=\"async\" class=\"aligncenter wp-image-1964 size-Content-Bild\" style=\"background-color: transparent; float: right; height: 400px; max-width: 1289.33px; outline-color: #777777; outline-style: solid; outline-width: 1px; margin: 0px 0px 50px 50px;\" title=\"Hotel 4 Sterne, S\u00fcdtirol Weinhotel Pfeiss\" src=\"https:\/\/pfeiss.com\/wp-content\/uploads\/2018\/01\/IMG_1754-600x400.jpg\" alt=\"Pfeiss Hotel del Vino in Alto Adige\" width=\"600\" height=\"400\" srcset=\"https:\/\/pfeiss.com\/wp-content\/uploads\/2018\/01\/IMG_1754-600x400.jpg 600w, https:\/\/pfeiss.com\/wp-content\/uploads\/2018\/01\/IMG_1754-800x533.jpg 800w, https:\/\/pfeiss.com\/wp-content\/uploads\/2018\/01\/IMG_1754-1024x683.jpg 1024w, https:\/\/pfeiss.com\/wp-content\/uploads\/2018\/01\/IMG_1754-240x160.jpg 240w, https:\/\/pfeiss.com\/wp-content\/uploads\/2018\/01\/IMG_1754-380x253.jpg 380w\" sizes=\"(max-width: 600px) 100vw, 600px\" \/><\/a><b><\/b><\/p>\n<p style=\"text-align: justify;\">La nostra cantina, nel nostro hotel del vino, convince per il suo fascino. Un design puristico e moderno allo stesso tempo. Un particolare accento va al <strong>maestoso tavolo di legno invecchiato<\/strong> in mezzo alla sala. Il soffitto \u00e8 stato progettato con oltre <strong>10000 tappi di sughero<\/strong> per un&#8217;esperienza audio equilibrata e coperto da un controsoffitto acustico per creare un&#8217;atmosfera confortevole. Il tutto dona a questa sala di presentazione e degustazione un\u2019atmosfera unica ed accogliente. Cio\u00e8 il posto perfetto per godersi un buon bicchiere di vino in ambiente particolare. Da qui si ha una visuale nel nostro <strong>locale dove teniamo lo Speck<\/strong> a stagionare, nel quale la temperatura \u00e8 ideale per fare in modo che lo <a href=\"https:\/\/pfeiss.com\/it\/hotel-benessere-a-merano\/hotel-per-buongustai\/gourmet\/\">Speck<\/a> ottenga la sua giusta consistenza. Qui, durante le degustazioni di vino, avrete modo di assaggiare anche qualche fetta di tipico speck altoatesino. Nonch\u00e9 altre <strong>specialit\u00e0 e particolarit\u00e0 locali<\/strong> per sperimentare nuove combinazioni di gusto.<\/p>\n<h2>Esperienze di piacere al Pfeiss hotel del vino vicino a Merano<\/h2>\n<p style=\"text-align: justify;\">Il <strong>bellissimo Alto Adige<\/strong> non convince solo per la sua natura mozzafiato, le mele succose e il sostanzioso speck altoatesino. Ma offre anche un\u2019eccellente selezione di <strong>vini premiati a livello internazionale<\/strong>. Che siano annate rare, riserve mature o cuv\u00e9e freschi, nel paese del vino Alto Adige ognuno trover\u00e0 sicuramente il <strong>vino perfetto per il suo palato<\/strong>. Ma come si fa mai a scegliere la bottiglia ideale, tenendo conto di tutti i vitigni? La scelta \u00e8 enorme! Semplice: chiedete pure al nostro team che sar\u00e0 liete di consigliarvi.<\/p>\n<p style=\"text-align: justify;\">Su richiesta, possiamo anche servire la <a href=\"https:\/\/pfeiss.com\/it\/hotel-benessere-a-merano\/hotel-per-buongustai\/ristorante-a-lana\/\">cena<\/a> nella nostra spettacolare cantina. Il posto ideale per festeggiare un\u2019occasione speciale godendosi una serata memorabile.<\/p>\n","protected":false},"excerpt":{"rendered":"<p>Un\u2019esperienza di piacere perfetta si completa solo accompagnata dal il giusto bicchiere di vino. Lasciatevi sorprendere dalla nostra ampia selezione di vini regionali e internazionali, i quali promettono meravigliose esperienze gustative. In modo particolare apprezziamo i vini di qualit\u00e0 dell\u2019Alto Adige. Noi del Pfeiss &#8211; hotel del vino &#8211; collaboriamo con grandi e importanti cantine [&hellip;]<\/p>\n","protected":false},"author":1,"featured_media":0,"parent":735,"menu_order":3,"comment_status":"closed","ping_status":"closed","template":"","meta":{"_acf_changed":false,"footnotes":""},"class_list":["post-867","page","type-page","status-publish","hentry"],"acf":[],"yoast_head":"<!-- This site is optimized with the Yoast SEO plugin v27.3 - https:\/\/yoast.com\/product\/yoast-seo-wordpress\/ -->\n<title>Hotel del vino a Lana - Pfeiss - vini pregiati abbinati a una cucina gourmet<\/title>\n<meta name=\"description\" content=\"Godetevi una delle nostre bottiglie selezionate dalla nostra cantina ad accompagnare la vostra serata al Pfeiss hotel del vino in Alto Adige!\" \/>\n<meta name=\"robots\" content=\"index, follow, max-snippet:-1, max-image-preview:large, max-video-preview:-1\" \/>\n<link rel=\"canonical\" href=\"https:\/\/pfeiss.com\/it\/hotel-benessere-a-merano\/hotel-per-buongustai\/hotel-del-vino\/\" \/>\n<meta property=\"og:locale\" content=\"it_IT\" \/>\n<meta property=\"og:type\" content=\"article\" \/>\n<meta property=\"og:title\" content=\"Hotel del vino a Lana - Pfeiss - vini pregiati abbinati a una cucina gourmet\" \/>\n<meta property=\"og:description\" content=\"Godetevi una delle nostre bottiglie selezionate dalla nostra cantina ad accompagnare la vostra serata al Pfeiss hotel del vino in Alto Adige!\" \/>\n<meta property=\"og:url\" content=\"https:\/\/pfeiss.com\/it\/hotel-benessere-a-merano\/hotel-per-buongustai\/hotel-del-vino\/\" \/>\n<meta property=\"og:site_name\" content=\"Hotel Pfeiss presso Merano\" \/>\n<meta property=\"article:publisher\" content=\"https:\/\/www.facebook.com\/Genusshotel.Pfeiss\/?ref=settings\" \/>\n<meta property=\"article:modified_time\" content=\"2020-04-25T16:49:42+00:00\" \/>\n<meta property=\"og:image\" content=\"https:\/\/pfeiss.com\/wp-content\/uploads\/2018\/01\/IMG_1754-600x400.jpg\" \/>\n<meta name=\"twitter:card\" content=\"summary_large_image\" \/>\n<meta name=\"twitter:label1\" content=\"Tempo di lettura stimato\" \/>\n\t<meta name=\"twitter:data1\" content=\"2 minuti\" \/>\n<script type=\"application\/ld+json\" class=\"yoast-schema-graph\">{\"@context\":\"https:\\\/\\\/schema.org\",\"@graph\":[{\"@type\":\"WebPage\",\"@id\":\"https:\\\/\\\/pfeiss.com\\\/it\\\/hotel-benessere-a-merano\\\/hotel-per-buongustai\\\/hotel-del-vino\\\/\",\"url\":\"https:\\\/\\\/pfeiss.com\\\/it\\\/hotel-benessere-a-merano\\\/hotel-per-buongustai\\\/hotel-del-vino\\\/\",\"name\":\"Hotel del vino a Lana - Pfeiss - vini pregiati abbinati a una cucina gourmet\",\"isPartOf\":{\"@id\":\"https:\\\/\\\/pfeiss.com\\\/en\\\/#website\"},\"primaryImageOfPage\":{\"@id\":\"https:\\\/\\\/pfeiss.com\\\/it\\\/hotel-benessere-a-merano\\\/hotel-per-buongustai\\\/hotel-del-vino\\\/#primaryimage\"},\"image\":{\"@id\":\"https:\\\/\\\/pfeiss.com\\\/it\\\/hotel-benessere-a-merano\\\/hotel-per-buongustai\\\/hotel-del-vino\\\/#primaryimage\"},\"thumbnailUrl\":\"https:\\\/\\\/pfeiss.com\\\/wp-content\\\/uploads\\\/2018\\\/01\\\/IMG_1754-600x400.jpg\",\"datePublished\":\"2015-11-23T09:26:45+00:00\",\"dateModified\":\"2020-04-25T16:49:42+00:00\",\"description\":\"Godetevi una delle nostre bottiglie selezionate dalla nostra cantina ad accompagnare la vostra serata al Pfeiss hotel del vino in Alto Adige!\",\"breadcrumb\":{\"@id\":\"https:\\\/\\\/pfeiss.com\\\/it\\\/hotel-benessere-a-merano\\\/hotel-per-buongustai\\\/hotel-del-vino\\\/#breadcrumb\"},\"inLanguage\":\"it-IT\",\"potentialAction\":[{\"@type\":\"ReadAction\",\"target\":[\"https:\\\/\\\/pfeiss.com\\\/it\\\/hotel-benessere-a-merano\\\/hotel-per-buongustai\\\/hotel-del-vino\\\/\"]}]},{\"@type\":\"ImageObject\",\"inLanguage\":\"it-IT\",\"@id\":\"https:\\\/\\\/pfeiss.com\\\/it\\\/hotel-benessere-a-merano\\\/hotel-per-buongustai\\\/hotel-del-vino\\\/#primaryimage\",\"url\":\"https:\\\/\\\/pfeiss.com\\\/wp-content\\\/uploads\\\/2018\\\/01\\\/IMG_1754-600x400.jpg\",\"contentUrl\":\"https:\\\/\\\/pfeiss.com\\\/wp-content\\\/uploads\\\/2018\\\/01\\\/IMG_1754-600x400.jpg\"},{\"@type\":\"BreadcrumbList\",\"@id\":\"https:\\\/\\\/pfeiss.com\\\/it\\\/hotel-benessere-a-merano\\\/hotel-per-buongustai\\\/hotel-del-vino\\\/#breadcrumb\",\"itemListElement\":[{\"@type\":\"ListItem\",\"position\":1,\"name\":\"Home\",\"item\":\"https:\\\/\\\/pfeiss.com\\\/it\\\/\"},{\"@type\":\"ListItem\",\"position\":2,\"name\":\"L&#8217; Hotel vicino a Merano all\u2019insegna del gusto &#8211; il Pfeiss a Lana\",\"item\":\"https:\\\/\\\/pfeiss.com\\\/it\\\/\"},{\"@type\":\"ListItem\",\"position\":3,\"name\":\"L&#8217; Hotel per buongustai &#8211; il meglio dal mediterraneo e alpino\",\"item\":\"https:\\\/\\\/pfeiss.com\\\/it\\\/hotel-benessere-a-merano\\\/hotel-per-buongustai\\\/\"},{\"@type\":\"ListItem\",\"position\":4,\"name\":\"Vini selezionati ad accompagnare perfette vacanze in Alto Adige\"}]},{\"@type\":\"WebSite\",\"@id\":\"https:\\\/\\\/pfeiss.com\\\/en\\\/#website\",\"url\":\"https:\\\/\\\/pfeiss.com\\\/en\\\/\",\"name\":\"Hotel Pfeiss presso Merano\",\"description\":\"\",\"potentialAction\":[{\"@type\":\"SearchAction\",\"target\":{\"@type\":\"EntryPoint\",\"urlTemplate\":\"https:\\\/\\\/pfeiss.com\\\/en\\\/?s={search_term_string}\"},\"query-input\":{\"@type\":\"PropertyValueSpecification\",\"valueRequired\":true,\"valueName\":\"search_term_string\"}}],\"inLanguage\":\"it-IT\"}]}<\/script>\n<!-- \/ Yoast SEO plugin. -->","yoast_head_json":{"title":"Hotel del vino a Lana - Pfeiss - vini pregiati abbinati a una cucina gourmet","description":"Godetevi una delle nostre bottiglie selezionate dalla nostra cantina ad accompagnare la vostra serata al Pfeiss hotel del vino in Alto Adige!","robots":{"index":"index","follow":"follow","max-snippet":"max-snippet:-1","max-image-preview":"max-image-preview:large","max-video-preview":"max-video-preview:-1"},"canonical":"https:\/\/pfeiss.com\/it\/hotel-benessere-a-merano\/hotel-per-buongustai\/hotel-del-vino\/","og_locale":"it_IT","og_type":"article","og_title":"Hotel del vino a Lana - Pfeiss - vini pregiati abbinati a una cucina gourmet","og_description":"Godetevi una delle nostre bottiglie selezionate dalla nostra cantina ad accompagnare la vostra serata al Pfeiss hotel del vino in Alto Adige!","og_url":"https:\/\/pfeiss.com\/it\/hotel-benessere-a-merano\/hotel-per-buongustai\/hotel-del-vino\/","og_site_name":"Hotel Pfeiss presso Merano","article_publisher":"https:\/\/www.facebook.com\/Genusshotel.Pfeiss\/?ref=settings","article_modified_time":"2020-04-25T16:49:42+00:00","og_image":[{"url":"https:\/\/pfeiss.com\/wp-content\/uploads\/2018\/01\/IMG_1754-600x400.jpg","type":"","width":"","height":""}],"twitter_card":"summary_large_image","twitter_misc":{"Tempo di lettura stimato":"2 minuti"},"schema":{"@context":"https:\/\/schema.org","@graph":[{"@type":"WebPage","@id":"https:\/\/pfeiss.com\/it\/hotel-benessere-a-merano\/hotel-per-buongustai\/hotel-del-vino\/","url":"https:\/\/pfeiss.com\/it\/hotel-benessere-a-merano\/hotel-per-buongustai\/hotel-del-vino\/","name":"Hotel del vino a Lana - Pfeiss - vini pregiati abbinati a una cucina gourmet","isPartOf":{"@id":"https:\/\/pfeiss.com\/en\/#website"},"primaryImageOfPage":{"@id":"https:\/\/pfeiss.com\/it\/hotel-benessere-a-merano\/hotel-per-buongustai\/hotel-del-vino\/#primaryimage"},"image":{"@id":"https:\/\/pfeiss.com\/it\/hotel-benessere-a-merano\/hotel-per-buongustai\/hotel-del-vino\/#primaryimage"},"thumbnailUrl":"https:\/\/pfeiss.com\/wp-content\/uploads\/2018\/01\/IMG_1754-600x400.jpg","datePublished":"2015-11-23T09:26:45+00:00","dateModified":"2020-04-25T16:49:42+00:00","description":"Godetevi una delle nostre bottiglie selezionate dalla nostra cantina ad accompagnare la vostra serata al Pfeiss hotel del vino in Alto Adige!","breadcrumb":{"@id":"https:\/\/pfeiss.com\/it\/hotel-benessere-a-merano\/hotel-per-buongustai\/hotel-del-vino\/#breadcrumb"},"inLanguage":"it-IT","potentialAction":[{"@type":"ReadAction","target":["https:\/\/pfeiss.com\/it\/hotel-benessere-a-merano\/hotel-per-buongustai\/hotel-del-vino\/"]}]},{"@type":"ImageObject","inLanguage":"it-IT","@id":"https:\/\/pfeiss.com\/it\/hotel-benessere-a-merano\/hotel-per-buongustai\/hotel-del-vino\/#primaryimage","url":"https:\/\/pfeiss.com\/wp-content\/uploads\/2018\/01\/IMG_1754-600x400.jpg","contentUrl":"https:\/\/pfeiss.com\/wp-content\/uploads\/2018\/01\/IMG_1754-600x400.jpg"},{"@type":"BreadcrumbList","@id":"https:\/\/pfeiss.com\/it\/hotel-benessere-a-merano\/hotel-per-buongustai\/hotel-del-vino\/#breadcrumb","itemListElement":[{"@type":"ListItem","position":1,"name":"Home","item":"https:\/\/pfeiss.com\/it\/"},{"@type":"ListItem","position":2,"name":"L&#8217; Hotel vicino a Merano all\u2019insegna del gusto &#8211; il Pfeiss a Lana","item":"https:\/\/pfeiss.com\/it\/"},{"@type":"ListItem","position":3,"name":"L&#8217; Hotel per buongustai &#8211; il meglio dal mediterraneo e alpino","item":"https:\/\/pfeiss.com\/it\/hotel-benessere-a-merano\/hotel-per-buongustai\/"},{"@type":"ListItem","position":4,"name":"Vini selezionati ad accompagnare perfette vacanze in Alto Adige"}]},{"@type":"WebSite","@id":"https:\/\/pfeiss.com\/en\/#website","url":"https:\/\/pfeiss.com\/en\/","name":"Hotel Pfeiss presso Merano","description":"","potentialAction":[{"@type":"SearchAction","target":{"@type":"EntryPoint","urlTemplate":"https:\/\/pfeiss.com\/en\/?s={search_term_string}"},"query-input":{"@type":"PropertyValueSpecification","valueRequired":true,"valueName":"search_term_string"}}],"inLanguage":"it-IT"}]}},"_links":{"self":[{"href":"https:\/\/pfeiss.com\/it\/wp-json\/wp\/v2\/pages\/867","targetHints":{"allow":["GET"]}}],"collection":[{"href":"https:\/\/pfeiss.com\/it\/wp-json\/wp\/v2\/pages"}],"about":[{"href":"https:\/\/pfeiss.com\/it\/wp-json\/wp\/v2\/types\/page"}],"author":[{"embeddable":true,"href":"https:\/\/pfeiss.com\/it\/wp-json\/wp\/v2\/users\/1"}],"replies":[{"embeddable":true,"href":"https:\/\/pfeiss.com\/it\/wp-json\/wp\/v2\/comments?post=867"}],"version-history":[{"count":0,"href":"https:\/\/pfeiss.com\/it\/wp-json\/wp\/v2\/pages\/867\/revisions"}],"up":[{"embeddable":true,"href":"https:\/\/pfeiss.com\/it\/wp-json\/wp\/v2\/pages\/735"}],"wp:attachment":[{"href":"https:\/\/pfeiss.com\/it\/wp-json\/wp\/v2\/media?parent=867"}],"curies":[{"name":"wp","href":"https:\/\/api.w.org\/{rel}","templated":true}]}}